{"id":735,"date":"2015-04-28T14:39:23","date_gmt":"2015-04-28T14:39:23","guid":{"rendered":"https:\/\/www.condorhotel.com\/?page_id=735"},"modified":"2016-07-11T10:06:46","modified_gmt":"2016-07-11T10:06:46","slug":"posizione","status":"publish","type":"page","link":"https:\/\/www.condorhotel.com\/it\/posizione\/","title":{"rendered":"Posizione"},"content":{"rendered":"<div class=\"wrapper\"><div class=\"sinistra\">\r\n<h1>Posizione<\/h1>\r\nL\u2019Hotel Condor, costruito nel 1968, \u00e8 di propriet\u00e0 della Famiglia Spart\u00e0-Longo, che ne ha fatto il luogo ideale per trascorrere un piacevole soggiorno a Taormina in un\u2019atmosfera accogliente e familiare.\r\n\r\nL\u2019Albergo offre servizio di bed and breakfast e gode di una posizione privilegiata; a 200m dal centro storico, ma lontano da rumori e da strade di passaggio.\r\n\r\n\u00c8 situato a 4 minuti, a piedi dalla Funivia per la spiaggia e dalla Stazione dei Taxi; a 8 minuti dal Teatro Greco-romano, dalla romantica Villa Comunale, dalla panoramica Piazza IX Aprile e dal Terminal degli Autobus che collegano la citt\u00e0 alla Stazione Ferroviaria Taormina-Giardini Naxos (distante 3 km) e all\u2019Aeroporto di Catania (distante 50 km).\r\n\r\nPunto di partenza per passeggiate ecologiche a Castelmola e Monte Venere (dalla Salita Branco), Monte Ziretto (da Via Fontana Vecchia).\r\n\r\nIl nostro staff giovane e cordiale vi riserver\u00e0 un\u2019accoglienza calorosa ed \u00e8 sempre pronto a soddisfare le vostre richieste, a consigliarvi e prenotarvi escursioni giornaliere alla scoperta della Sicilia: Etna, Gole dell\u2019Alcantara, Siracusa, Isole Eolie, Agrigento, Palermo&#8230;\r\n\r\n<\/div><div class=\"destra\">\r\n<h2 class=\"sottotitolo\">Galleria<\/h2>\r\n<div class=\"minigallery\">\r\n\r\n\n\t\t<style type=\"text\/css\">\n\t\t\t#gallery-1 {\n\t\t\t\tmargin: auto;\n\t\t\t}\n\t\t\t#gallery-1 .gallery-item {\n\t\t\t\tfloat: left;\n\t\t\t\tmargin-top: 10px;\n\t\t\t\ttext-align: center;\n\t\t\t\twidth: 50%;\n\t\t\t}\n\t\t\t#gallery-1 img {\n\t\t\t\tborder: 2px solid #cfcfcf;\n\t\t\t}\n\t\t\t#gallery-1 .gallery-caption {\n\t\t\t\tmargin-left: 0;\n\t\t\t}\n\t\t\t\/* see gallery_shortcode() in wp-includes\/media.php *\/\n\t\t<\/style>\n\t\t<div id='gallery-1' class='gallery galleryid-735 gallery-columns-2 gallery-size-thumbnail'><dl class='gallery-item'>\n\t\t\t<dt class='gallery-icon landscape'>\n\t\t\t\t<a href='https:\/\/www.condorhotel.com\/wp-content\/uploads\/2015\/04\/DSC02401.jpg'><img loading=\"lazy\" decoding=\"async\" width=\"200\" height=\"200\" src=\"https:\/\/www.condorhotel.com\/wp-content\/uploads\/2015\/04\/DSC02401-200x200.jpg\" class=\"attachment-thumbnail size-thumbnail\" alt=\"\" srcset=\"https:\/\/www.condorhotel.com\/wp-content\/uploads\/2015\/04\/DSC02401-200x200.jpg 200w, https:\/\/www.condorhotel.com\/wp-content\/uploads\/2015\/04\/DSC02401-150x150.jpg 150w, https:\/\/www.condorhotel.com\/wp-content\/uploads\/2015\/04\/DSC02401-32x32.jpg 32w, https:\/\/www.condorhotel.com\/wp-content\/uploads\/2015\/04\/DSC02401-128x128.jpg 128w, https:\/\/www.condorhotel.com\/wp-content\/uploads\/2015\/04\/DSC02401-210x210.jpg 210w, https:\/\/www.condorhotel.com\/wp-content\/uploads\/2015\/04\/DSC02401-268x268.jpg 268w, https:\/\/www.condorhotel.com\/wp-content\/uploads\/2015\/04\/DSC02401-458x458.jpg 458w\" sizes=\"auto, (max-width: 200px) 100vw, 200px\" \/><\/a>\n\t\t\t<\/dt><\/dl><dl class='gallery-item'>\n\t\t\t<dt class='gallery-icon landscape'>\n\t\t\t\t<a href='https:\/\/www.condorhotel.com\/wp-content\/uploads\/2015\/04\/IMG_0367_veduta-taormina.jpg'><img loading=\"lazy\" decoding=\"async\" width=\"200\" height=\"200\" src=\"https:\/\/www.condorhotel.com\/wp-content\/uploads\/2015\/04\/IMG_0367_veduta-taormina-200x200.jpg\" class=\"attachment-thumbnail size-thumbnail\" alt=\"\" srcset=\"https:\/\/www.condorhotel.com\/wp-content\/uploads\/2015\/04\/IMG_0367_veduta-taormina-200x200.jpg 200w, https:\/\/www.condorhotel.com\/wp-content\/uploads\/2015\/04\/IMG_0367_veduta-taormina-150x150.jpg 150w, https:\/\/www.condorhotel.com\/wp-content\/uploads\/2015\/04\/IMG_0367_veduta-taormina-32x32.jpg 32w, https:\/\/www.condorhotel.com\/wp-content\/uploads\/2015\/04\/IMG_0367_veduta-taormina-128x128.jpg 128w, https:\/\/www.condorhotel.com\/wp-content\/uploads\/2015\/04\/IMG_0367_veduta-taormina-210x210.jpg 210w, https:\/\/www.condorhotel.com\/wp-content\/uploads\/2015\/04\/IMG_0367_veduta-taormina-268x268.jpg 268w, https:\/\/www.condorhotel.com\/wp-content\/uploads\/2015\/04\/IMG_0367_veduta-taormina-458x458.jpg 458w\" sizes=\"auto, (max-width: 200px) 100vw, 200px\" \/><\/a>\n\t\t\t<\/dt><\/dl><br style=\"clear: both\" \/><dl class='gallery-item'>\n\t\t\t<dt class='gallery-icon landscape'>\n\t\t\t\t<a href='https:\/\/www.condorhotel.com\/wp-content\/uploads\/2015\/04\/IMG_0369.jpg'><img loading=\"lazy\" decoding=\"async\" width=\"200\" height=\"200\" src=\"https:\/\/www.condorhotel.com\/wp-content\/uploads\/2015\/04\/IMG_0369-200x200.jpg\" class=\"attachment-thumbnail size-thumbnail\" alt=\"\" srcset=\"https:\/\/www.condorhotel.com\/wp-content\/uploads\/2015\/04\/IMG_0369-200x200.jpg 200w, https:\/\/www.condorhotel.com\/wp-content\/uploads\/2015\/04\/IMG_0369-150x150.jpg 150w, https:\/\/www.condorhotel.com\/wp-content\/uploads\/2015\/04\/IMG_0369-32x32.jpg 32w, https:\/\/www.condorhotel.com\/wp-content\/uploads\/2015\/04\/IMG_0369-128x128.jpg 128w, https:\/\/www.condorhotel.com\/wp-content\/uploads\/2015\/04\/IMG_0369-210x210.jpg 210w, https:\/\/www.condorhotel.com\/wp-content\/uploads\/2015\/04\/IMG_0369-268x268.jpg 268w, https:\/\/www.condorhotel.com\/wp-content\/uploads\/2015\/04\/IMG_0369-458x458.jpg 458w\" sizes=\"auto, (max-width: 200px) 100vw, 200px\" \/><\/a>\n\t\t\t<\/dt><\/dl><dl class='gallery-item'>\n\t\t\t<dt class='gallery-icon landscape'>\n\t\t\t\t<a href='https:\/\/www.condorhotel.com\/wp-content\/uploads\/2015\/04\/IMG_0376.jpg'><img loading=\"lazy\" decoding=\"async\" width=\"200\" height=\"200\" src=\"https:\/\/www.condorhotel.com\/wp-content\/uploads\/2015\/04\/IMG_0376-200x200.jpg\" class=\"attachment-thumbnail size-thumbnail\" alt=\"\" srcset=\"https:\/\/www.condorhotel.com\/wp-content\/uploads\/2015\/04\/IMG_0376-200x200.jpg 200w, https:\/\/www.condorhotel.com\/wp-content\/uploads\/2015\/04\/IMG_0376-150x150.jpg 150w, https:\/\/www.condorhotel.com\/wp-content\/uploads\/2015\/04\/IMG_0376-32x32.jpg 32w, https:\/\/www.condorhotel.com\/wp-content\/uploads\/2015\/04\/IMG_0376-128x128.jpg 128w, https:\/\/www.condorhotel.com\/wp-content\/uploads\/2015\/04\/IMG_0376-210x210.jpg 210w, https:\/\/www.condorhotel.com\/wp-content\/uploads\/2015\/04\/IMG_0376-268x268.jpg 268w, https:\/\/www.condorhotel.com\/wp-content\/uploads\/2015\/04\/IMG_0376-458x458.jpg 458w\" sizes=\"auto, (max-width: 200px) 100vw, 200px\" \/><\/a>\n\t\t\t<\/dt><\/dl><br style=\"clear: both\" \/><dl class='gallery-item'>\n\t\t\t<dt class='gallery-icon landscape'>\n\t\t\t\t<a href='https:\/\/www.condorhotel.com\/wp-content\/uploads\/2015\/04\/IMG_0378.jpg'><img loading=\"lazy\" decoding=\"async\" width=\"200\" height=\"200\" src=\"https:\/\/www.condorhotel.com\/wp-content\/uploads\/2015\/04\/IMG_0378-200x200.jpg\" class=\"attachment-thumbnail size-thumbnail\" alt=\"\" srcset=\"https:\/\/www.condorhotel.com\/wp-content\/uploads\/2015\/04\/IMG_0378-200x200.jpg 200w, https:\/\/www.condorhotel.com\/wp-content\/uploads\/2015\/04\/IMG_0378-150x150.jpg 150w, https:\/\/www.condorhotel.com\/wp-content\/uploads\/2015\/04\/IMG_0378-32x32.jpg 32w, https:\/\/www.condorhotel.com\/wp-content\/uploads\/2015\/04\/IMG_0378-128x128.jpg 128w, https:\/\/www.condorhotel.com\/wp-content\/uploads\/2015\/04\/IMG_0378-210x210.jpg 210w, https:\/\/www.condorhotel.com\/wp-content\/uploads\/2015\/04\/IMG_0378-268x268.jpg 268w, https:\/\/www.condorhotel.com\/wp-content\/uploads\/2015\/04\/IMG_0378-458x458.jpg 458w\" sizes=\"auto, (max-width: 200px) 100vw, 200px\" \/><\/a>\n\t\t\t<\/dt><\/dl><dl class='gallery-item'>\n\t\t\t<dt class='gallery-icon landscape'>\n\t\t\t\t<a href='https:\/\/www.condorhotel.com\/wp-content\/uploads\/2015\/04\/IMG_0478.jpg'><img loading=\"lazy\" decoding=\"async\" width=\"200\" height=\"200\" src=\"https:\/\/www.condorhotel.com\/wp-content\/uploads\/2015\/04\/IMG_0478-200x200.jpg\" class=\"attachment-thumbnail size-thumbnail\" alt=\"\" srcset=\"https:\/\/www.condorhotel.com\/wp-content\/uploads\/2015\/04\/IMG_0478-200x200.jpg 200w, https:\/\/www.condorhotel.com\/wp-content\/uploads\/2015\/04\/IMG_0478-150x150.jpg 150w, https:\/\/www.condorhotel.com\/wp-content\/uploads\/2015\/04\/IMG_0478-32x32.jpg 32w, https:\/\/www.condorhotel.com\/wp-content\/uploads\/2015\/04\/IMG_0478-128x128.jpg 128w, https:\/\/www.condorhotel.com\/wp-content\/uploads\/2015\/04\/IMG_0478-210x210.jpg 210w, https:\/\/www.condorhotel.com\/wp-content\/uploads\/2015\/04\/IMG_0478-268x268.jpg 268w, https:\/\/www.condorhotel.com\/wp-content\/uploads\/2015\/04\/IMG_0478-458x458.jpg 458w\" sizes=\"auto, (max-width: 200px) 100vw, 200px\" \/><\/a>\n\t\t\t<\/dt><\/dl><br style=\"clear: both\" \/>\n\t\t<\/div>\n\r\n\r\n<\/div>\r\n<\/div><\/div>\r\n\r\n<div class=\"wrapper\">\r\n<p class=\"nascondimobile\"><a href=\"..\/mappa\/#openbol\">Stampa la mappa con le indicazione per raggiungerci<\/a><\/p>\r\n<div class=\"wrapper\"><\/div><div class=\"sinistra\">\r\n<h2>Come raggiungerci<\/h2>\r\n<h3>In aereo<\/h3>\r\nL&#8217;aeroporto pi\u00f9 vicino \u00e8 quello di Catania a circa 45 Km. In auto dall&#8217;aereoporto di Catania: Autostrada A18 Catania-Messina, uscita Taormina. Seguite l&#8217;indicazione Taormina centro per circa 3 km. Da Palermo: Autostrada A19 direzione Catania, tangenziale Catania direzione Autostrada A18 Catania-Messina, uscita Taormina. Seguite l&#8217;indicazione Taormina centro per circa 3 km.\r\n<h3>In auto<\/h3>\r\nDa Catania o da Messina: Autostrada A18 Catania &#8211; Messina, uscita Taormina. Seguite l&#8217;indicazione Taormina centro per circa 3 km. Da Palermo: Autostrada A19 direzione Catania, tangenziale Catania direzione Autostrada A18 Catania-Messina, uscita Taormina. Seguite l&#8217;indicazione Taormina centro per circa 3 km.\r\n<h3>In treno<\/h3>\r\nLinea Messina &#8211; Catania, fermata alla stazione ferroviaria Taormina- Giardini. Dalla stazione potete raggiungerci prendendo un taxi, oppure l&#8217;autobus che vi condurr\u00e0 fino al terminal.\r\n<h3>Da bus terminal<\/h3>\r\nDal terminal bus al nostro Hotel ci sono circa 800 metri in leggera salita, quindi se si hanno molti bagagli, consigliamo un taxi.\r\n<h3>Da Taormina Centro<\/h3>\r\nArrivati in centro s&#8217;incontra una porta antica sulla sinistra, Porta Messina, da dove ha inizio il Corso Umberto.Non entrate dentro la porta, ma continuate in salita dove a circa 25 metri c&#8217;\u00e8 alla vostra destra un&#8217;altra porta antica, l&#8217;Arco dei Cappuccini. Entrate dentro l&#8217;arco e seguite le indicazioni Hotel Condor, ci trovate a 250 metri.\r\n<h3>Distanze da Taormina<\/h3>\r\n<ul class=\"verticale\">\r\n\t<li>Etna Est Km 45<\/li>\r\n\t<li>Catania Km 60<\/li>\r\n\t<li>Agrigento Km 220<\/li>\r\n\t<li>Messina Km 40<\/li>\r\n\t<li>Gole Alcantara Km 20<\/li>\r\n\t<li>Palermo Km 250<\/li>\r\n\t<li>Giardini Naxos Km 4<\/li>\r\n<\/ul>\r\n<\/div><div class=\"destra\">\r\n<h2>Vedi come raggiungerci<\/h2>\r\n<iframe loading=\"lazy\" title=\"Directions to Hotel Condor\" width=\"500\" height=\"281\" src=\"https:\/\/www.youtube.com\/embed\/usXa2s2gbGw?feature=oembed\" frameborder=\"0\" allow=\"accelerometer; autoplay; clipboard-write; encrypted-media; gyroscope; picture-in-picture; web-share\" referrerpolicy=\"strict-origin-when-cross-origin\" allowfullscreen><\/iframe>\r\n<iframe loading=\"lazy\" title=\"Hotel Condor - Taormina - Sicily\" width=\"500\" height=\"375\" src=\"https:\/\/www.youtube.com\/embed\/jFLvuTb2HAE?feature=oembed\" frameborder=\"0\" allow=\"accelerometer; autoplay; clipboard-write; encrypted-media; gyroscope; picture-in-picture; web-share\" referrerpolicy=\"strict-origin-when-cross-origin\" allowfullscreen><\/iframe>\r\n\r\n<hr \/>\r\n\r\n<h2>Tennis Sporting Club Taormina<\/h2>\r\nIl Taormina Sporting Club fondato nel 1925 \u00e8 il punto centrale per giocare a tennis a Taormina. Qui si incontrano taorminesi, turisti, professionisti, principianti che desiderano coltivare la propria passione. Il Tennis club si trova al centro della citt\u00e0 di Taormina. All&#8217;interno del parco Duchi di Cesar\u00f2. Grazie alla splendida posizione geografica, tra le colline e l\u00b4incantevole costa, con vista sull&#8217; Etna ed il golfo di Naxos, vi permette di praticare il vostro sport preferito in un luogo speciale, un&#8217;atmosfera unica, quasi surreale, ovattata dai giardini circostanti e le fantastiche vedute.\r\n\r\nIl Tennis club di Taormina mette a disposizione i suoi tre <strong>campi in terra battuta<\/strong> dalle 8.00 alle 12.00 e dalle 16 alle 21.00.\r\n\r\n<strong>Lezioni<\/strong> Individuali e di gruppo, <strong>corsi estivi<\/strong> per bambini. I corsi sono tenuti e visionati dal <strong>maestro federale<\/strong> Mario Quattrocchi <a href=\"mailto:mario4occhi@hotmail.com\">mario4occhi@hotmail.com<\/a>\r\n\r\nPer i Clienti dell&#8217;Hotel Condor agevolazioni speciali ed attrezzature disponibili in Hotel\r\n<h3>Taormina Tennis Club<\/h3>\r\n<ul class=\"verticale\">\r\n\t<li>Via Bagnoli Croci 71, Taormina, tel.: +39 0942 23 282<\/li>\r\n<\/ul>\r\n<\/div>\r\n\r\n<br clear=\"all\" \/><\/div>\r\n<div class=\"eventi\">\r\n\r\n<div class=\"wrapper\">\r\n<div class=\"sinistra\">\r\n<h3>Eventi a Taormina e dintorni<\/h3>\r\n<a class=\"pulsante\" title=\"Eventi lista completa\" href=\"https:\/\/www.condorhotel.com\/it\/eventi-taormina\/\">Lista completa &gt;<\/a>\r\n\r\n<\/div>\r\n<div class=\"destra\"><div class=\"gallery-view\"><div class=\"events-package-4\"><div class=\"fullsliderimg\"><a href=\"https:\/\/www.condorhotel.com\/it\/events\/eventi-in-citta\/\"><img loading=\"lazy\" decoding=\"async\" width=\"210\" height=\"210\" src=\"https:\/\/www.condorhotel.com\/wp-content\/uploads\/2015\/04\/caltagirone-210x210.jpg\" class=\"size-thumbnail\" alt=\"\" srcset=\"https:\/\/www.condorhotel.com\/wp-content\/uploads\/2015\/04\/caltagirone-210x210.jpg 210w, https:\/\/www.condorhotel.com\/wp-content\/uploads\/2015\/04\/caltagirone-150x150.jpg 150w, https:\/\/www.condorhotel.com\/wp-content\/uploads\/2015\/04\/caltagirone-32x32.jpg 32w, https:\/\/www.condorhotel.com\/wp-content\/uploads\/2015\/04\/caltagirone-128x128.jpg 128w, https:\/\/www.condorhotel.com\/wp-content\/uploads\/2015\/04\/caltagirone-268x268.jpg 268w, https:\/\/www.condorhotel.com\/wp-content\/uploads\/2015\/04\/caltagirone-458x458.jpg 458w\" sizes=\"auto, (max-width: 210px) 100vw, 210px\" \/><\/a><div class=\"background-events-gallery\"><img decoding=\"async\" src=\"https:\/\/www.condorhotel.com\/wp-content\/uploads\/2013\/09\/bkg-white704.png\" ><div class=\"highlight-text-gallery\"><a href=\"https:\/\/www.condorhotel.com\/it\/events\/eventi-in-citta\/\">Evento locale<\/a><\/div><\/div><div class=\"background-tag-gallery\"><img decoding=\"async\" src=\"https:\/\/www.condorhotel.com\/wp-content\/uploads\/2014\/06\/EventoLocale1-e1417525720970.png\" ><\/div><\/div><div class=\"original-price\"><\/div><div class=\"reducted-price\"><\/div><div class=\"clear\"><\/div><div class=\"events_title\"><a href=\"https:\/\/www.condorhotel.com\/it\/events\/eventi-in-citta\/\">Eventi in citt\u00e0<\/a><\/div><div class=\"package-gallery\"><div><\/div><div><\/div><div><\/div><div><\/div><\/div><p>Scrivici un'email per ricevere tutte le informazioni sugli eventi<\/div><\/div><\/div>\r\n<\/div>\r\n\r\n<\/div>","protected":false},"excerpt":{"rendered":"","protected":false},"author":28,"featured_media":0,"parent":0,"menu_order":0,"comment_status":"closed","ping_status":"closed","template":"page-monocolonna.php","meta":{"footnotes":""},"class_list":["post-735","page","type-page","status-publish","hentry"],"yoast_head":"<!-- This site is optimized with the Yoast SEO plugin v25.6 - https:\/\/yoast.com\/wordpress\/plugins\/seo\/ -->\n<title>Posizione - Hotel Condor<\/title>\n<meta name=\"description\" content=\"Posizione, Hotel Condor: albergo di Taormina affacciato sul mare, a due passi dal centro storico, dal Teatro Greco e dalla funivia che porta alle spiagge. Posizione tranquilla, gestione familiare.\" \/>\n<meta name=\"robots\" content=\"index, follow, max-snippet:-1, max-image-preview:large, max-video-preview:-1\" \/>\n<link rel=\"canonical\" href=\"https:\/\/www.condorhotel.com\/it\/posizione\/\" \/>\n<meta property=\"og:locale\" content=\"it_IT\" \/>\n<meta property=\"og:type\" content=\"article\" \/>\n<meta property=\"og:title\" content=\"Posizione - Hotel Condor\" \/>\n<meta property=\"og:description\" content=\"Posizione, Hotel Condor: albergo di Taormina affacciato sul mare, a due passi dal centro storico, dal Teatro Greco e dalla funivia che porta alle spiagge. Posizione tranquilla, gestione familiare.\" \/>\n<meta property=\"og:url\" content=\"https:\/\/www.condorhotel.com\/it\/posizione\/\" \/>\n<meta property=\"og:site_name\" content=\"Hotel Condor\" \/>\n<meta property=\"article:modified_time\" content=\"2016-07-11T10:06:46+00:00\" \/>\n<meta name=\"twitter:label1\" content=\"Tempo di lettura stimato\" \/>\n\t<meta name=\"twitter:data1\" content=\"3 minuti\" \/>\n<script type=\"application\/ld+json\" class=\"yoast-schema-graph\">{\"@context\":\"https:\/\/schema.org\",\"@graph\":[{\"@type\":\"WebPage\",\"@id\":\"https:\/\/www.condorhotel.com\/it\/posizione\/\",\"url\":\"https:\/\/www.condorhotel.com\/it\/posizione\/\",\"name\":\"Posizione - Hotel Condor\",\"isPartOf\":{\"@id\":\"https:\/\/www.condorhotel.com\/it\/#website\"},\"datePublished\":\"2015-04-28T14:39:23+00:00\",\"dateModified\":\"2016-07-11T10:06:46+00:00\",\"description\":\"Posizione, Hotel Condor: albergo di Taormina affacciato sul mare, a due passi dal centro storico, dal Teatro Greco e dalla funivia che porta alle spiagge. Posizione tranquilla, gestione familiare.\",\"breadcrumb\":{\"@id\":\"https:\/\/www.condorhotel.com\/it\/posizione\/#breadcrumb\"},\"inLanguage\":\"it-IT\",\"potentialAction\":[{\"@type\":\"ReadAction\",\"target\":[\"https:\/\/www.condorhotel.com\/it\/posizione\/\"]}]},{\"@type\":\"BreadcrumbList\",\"@id\":\"https:\/\/www.condorhotel.com\/it\/posizione\/#breadcrumb\",\"itemListElement\":[{\"@type\":\"ListItem\",\"position\":1,\"name\":\"Home\",\"item\":\"https:\/\/www.condorhotel.com\/it\/\"},{\"@type\":\"ListItem\",\"position\":2,\"name\":\"Posizione\"}]},{\"@type\":\"WebSite\",\"@id\":\"https:\/\/www.condorhotel.com\/it\/#website\",\"url\":\"https:\/\/www.condorhotel.com\/it\/\",\"name\":\"Hotel Condor\",\"description\":\"Hotel Condor\",\"potentialAction\":[{\"@type\":\"SearchAction\",\"target\":{\"@type\":\"EntryPoint\",\"urlTemplate\":\"https:\/\/www.condorhotel.com\/it\/?s={search_term_string}\"},\"query-input\":{\"@type\":\"PropertyValueSpecification\",\"valueRequired\":true,\"valueName\":\"search_term_string\"}}],\"inLanguage\":\"it-IT\"}]}<\/script>\n<!-- \/ Yoast SEO plugin. -->","yoast_head_json":{"title":"Posizione - Hotel Condor","description":"Posizione, Hotel Condor: albergo di Taormina affacciato sul mare, a due passi dal centro storico, dal Teatro Greco e dalla funivia che porta alle spiagge. Posizione tranquilla, gestione familiare.","robots":{"index":"index","follow":"follow","max-snippet":"max-snippet:-1","max-image-preview":"max-image-preview:large","max-video-preview":"max-video-preview:-1"},"canonical":"https:\/\/www.condorhotel.com\/it\/posizione\/","og_locale":"it_IT","og_type":"article","og_title":"Posizione - Hotel Condor","og_description":"Posizione, Hotel Condor: albergo di Taormina affacciato sul mare, a due passi dal centro storico, dal Teatro Greco e dalla funivia che porta alle spiagge. Posizione tranquilla, gestione familiare.","og_url":"https:\/\/www.condorhotel.com\/it\/posizione\/","og_site_name":"Hotel Condor","article_modified_time":"2016-07-11T10:06:46+00:00","twitter_misc":{"Tempo di lettura stimato":"3 minuti"},"schema":{"@context":"https:\/\/schema.org","@graph":[{"@type":"WebPage","@id":"https:\/\/www.condorhotel.com\/it\/posizione\/","url":"https:\/\/www.condorhotel.com\/it\/posizione\/","name":"Posizione - Hotel Condor","isPartOf":{"@id":"https:\/\/www.condorhotel.com\/it\/#website"},"datePublished":"2015-04-28T14:39:23+00:00","dateModified":"2016-07-11T10:06:46+00:00","description":"Posizione, Hotel Condor: albergo di Taormina affacciato sul mare, a due passi dal centro storico, dal Teatro Greco e dalla funivia che porta alle spiagge. Posizione tranquilla, gestione familiare.","breadcrumb":{"@id":"https:\/\/www.condorhotel.com\/it\/posizione\/#breadcrumb"},"inLanguage":"it-IT","potentialAction":[{"@type":"ReadAction","target":["https:\/\/www.condorhotel.com\/it\/posizione\/"]}]},{"@type":"BreadcrumbList","@id":"https:\/\/www.condorhotel.com\/it\/posizione\/#breadcrumb","itemListElement":[{"@type":"ListItem","position":1,"name":"Home","item":"https:\/\/www.condorhotel.com\/it\/"},{"@type":"ListItem","position":2,"name":"Posizione"}]},{"@type":"WebSite","@id":"https:\/\/www.condorhotel.com\/it\/#website","url":"https:\/\/www.condorhotel.com\/it\/","name":"Hotel Condor","description":"Hotel Condor","potentialAction":[{"@type":"SearchAction","target":{"@type":"EntryPoint","urlTemplate":"https:\/\/www.condorhotel.com\/it\/?s={search_term_string}"},"query-input":{"@type":"PropertyValueSpecification","valueRequired":true,"valueName":"search_term_string"}}],"inLanguage":"it-IT"}]}},"publishpress_future_action":{"enabled":false,"date":"2026-05-06 03:46:05","action":"change-status","newStatus":"draft","terms":[],"taxonomy":"translation_priority","extraData":[]},"publishpress_future_workflow_manual_trigger":{"enabledWorkflows":[]},"_links":{"self":[{"href":"https:\/\/www.condorhotel.com\/it\/wp-json\/wp\/v2\/pages\/735","targetHints":{"allow":["GET"]}}],"collection":[{"href":"https:\/\/www.condorhotel.com\/it\/wp-json\/wp\/v2\/pages"}],"about":[{"href":"https:\/\/www.condorhotel.com\/it\/wp-json\/wp\/v2\/types\/page"}],"author":[{"embeddable":true,"href":"https:\/\/www.condorhotel.com\/it\/wp-json\/wp\/v2\/users\/28"}],"replies":[{"embeddable":true,"href":"https:\/\/www.condorhotel.com\/it\/wp-json\/wp\/v2\/comments?post=735"}],"version-history":[{"count":42,"href":"https:\/\/www.condorhotel.com\/it\/wp-json\/wp\/v2\/pages\/735\/revisions"}],"predecessor-version":[{"id":948,"href":"https:\/\/www.condorhotel.com\/it\/wp-json\/wp\/v2\/pages\/735\/revisions\/948"}],"wp:attachment":[{"href":"https:\/\/www.condorhotel.com\/it\/wp-json\/wp\/v2\/media?parent=735"}],"curies":[{"name":"wp","href":"https:\/\/api.w.org\/{rel}","templated":true}]}}