{"id":272,"date":"2013-09-04T14:45:13","date_gmt":"2013-09-04T14:45:13","guid":{"rendered":"https:\/\/www.condorhotel.com\/?page_id=272"},"modified":"2015-05-29T08:50:06","modified_gmt":"2015-05-29T08:50:06","slug":"offres-speciales","status":"publish","type":"page","link":"https:\/\/www.condorhotel.com\/fr\/offres-speciales\/","title":{"rendered":"Offres Sp\u00e9ciales"},"content":{"rendered":"<div class=\"wrapper\">\r\n<h1>Offres Sp\u00e9ciales<\/h1>\r\n<div class=\"gallery-view\"><div class=\"offer-package-4\"><div style=\"position:relative; margin-left:auto; margin-right:auto; overflow:hidden; width:px;\"><a href=\"https:\/\/www.condorhotel.com\/fr\/offers\/discover-taormina-and-its-neighborhood\/\"><img loading=\"lazy\" decoding=\"async\" width=\"210\" height=\"210\" src=\"https:\/\/www.condorhotel.com\/wp-content\/uploads\/2015\/04\/DSC_0052-Copia-3-210x210.jpg\" class=\"size-thumbnail\" alt=\"\" srcset=\"https:\/\/www.condorhotel.com\/wp-content\/uploads\/2015\/04\/DSC_0052-Copia-3-210x210.jpg 210w, https:\/\/www.condorhotel.com\/wp-content\/uploads\/2015\/04\/DSC_0052-Copia-3-200x200.jpg 200w, https:\/\/www.condorhotel.com\/wp-content\/uploads\/2015\/04\/DSC_0052-Copia-3-150x150.jpg 150w, https:\/\/www.condorhotel.com\/wp-content\/uploads\/2015\/04\/DSC_0052-Copia-3-32x32.jpg 32w, https:\/\/www.condorhotel.com\/wp-content\/uploads\/2015\/04\/DSC_0052-Copia-3-128x128.jpg 128w, https:\/\/www.condorhotel.com\/wp-content\/uploads\/2015\/04\/DSC_0052-Copia-3-268x268.jpg 268w, https:\/\/www.condorhotel.com\/wp-content\/uploads\/2015\/04\/DSC_0052-Copia-3-458x458.jpg 458w, https:\/\/www.condorhotel.com\/wp-content\/uploads\/2015\/04\/DSC_0052-Copia-3-930x930.jpg 930w\" sizes=\"auto, (max-width: 210px) 100vw, 210px\" \/><\/a><div class=\"background-offer-gallery\"><img decoding=\"async\" src=\"https:\/\/www.condorhotel.com\/wp-content\/uploads\/2013\/09\/bkg-white704.png\" ><div class=\"highlight-text-gallery\"><a href=\"https:\/\/www.condorhotel.com\/fr\/offers\/discover-taormina-and-its-neighborhood\/\">Package<\/a><\/div><\/div><div class=\"background-tag-gallery\"><img decoding=\"async\" src=\"https:\/\/www.condorhotel.com\/wp-content\/uploads\/2013\/09\/package_icon.png\" ><\/div><\/div><div class=\"original-price\"><\/div><div class=\"reducted-price\"><\/div><div class=\"clear\"><\/div><div class=\"offer_title\"><a href=\"https:\/\/www.condorhotel.com\/fr\/offers\/discover-taormina-and-its-neighborhood\/\">Discover Taormina and its neighborhood<\/a><\/div><div class=\"package-gallery\"><div><\/div><div><\/div><div><\/div><div><\/div><\/div>Tourist bus included<\/div><div class=\"offer-package-4\"><div style=\"position:relative; margin-left:auto; margin-right:auto; overflow:hidden; width:px;\"><a href=\"https:\/\/www.condorhotel.com\/fr\/offers\/snorkeling-in-the-marine-park-of-isola-bella\/\"><img loading=\"lazy\" decoding=\"async\" width=\"210\" height=\"210\" src=\"https:\/\/www.condorhotel.com\/wp-content\/uploads\/2018\/04\/3811740720_932b88e7cc_b-210x210.jpg\" class=\"size-thumbnail\" alt=\"\" srcset=\"https:\/\/www.condorhotel.com\/wp-content\/uploads\/2018\/04\/3811740720_932b88e7cc_b-210x210.jpg 210w, https:\/\/www.condorhotel.com\/wp-content\/uploads\/2018\/04\/3811740720_932b88e7cc_b-200x200.jpg 200w, https:\/\/www.condorhotel.com\/wp-content\/uploads\/2018\/04\/3811740720_932b88e7cc_b-150x150.jpg 150w, https:\/\/www.condorhotel.com\/wp-content\/uploads\/2018\/04\/3811740720_932b88e7cc_b-32x32.jpg 32w, https:\/\/www.condorhotel.com\/wp-content\/uploads\/2018\/04\/3811740720_932b88e7cc_b-128x128.jpg 128w, https:\/\/www.condorhotel.com\/wp-content\/uploads\/2018\/04\/3811740720_932b88e7cc_b-268x268.jpg 268w, https:\/\/www.condorhotel.com\/wp-content\/uploads\/2018\/04\/3811740720_932b88e7cc_b-458x458.jpg 458w\" sizes=\"auto, (max-width: 210px) 100vw, 210px\" \/><\/a><div class=\"background-offer-gallery\"><img decoding=\"async\" src=\"https:\/\/www.condorhotel.com\/wp-content\/uploads\/2013\/09\/bkg-white704.png\" ><div class=\"highlight-text-gallery\"><a href=\"https:\/\/www.condorhotel.com\/fr\/offers\/snorkeling-in-the-marine-park-of-isola-bella\/\">Package<\/a><\/div><\/div><div class=\"background-tag-gallery\"><img decoding=\"async\" src=\"https:\/\/www.condorhotel.com\/wp-content\/uploads\/2013\/09\/package_icon.png\" ><\/div><\/div><div class=\"original-price\"><\/div><div class=\"reducted-price\"><\/div><div class=\"clear\"><\/div><div class=\"offer_title\"><a href=\"https:\/\/www.condorhotel.com\/fr\/offers\/snorkeling-in-the-marine-park-of-isola-bella\/\">Snorkeling in the Marine Park of Isola Bella<\/a><\/div><div class=\"package-gallery\"><div><\/div><div><\/div><div><\/div><div><\/div><\/div>Enjoy easy activity immersed in the beauty of protected Isola Bella Marine Park <\/div><div class=\"offer-package-4\"><div style=\"position:relative; margin-left:auto; margin-right:auto; overflow:hidden; width:px;\"><a href=\"https:\/\/www.condorhotel.com\/fr\/offers\/sicilian-pizza-class\/\"><img loading=\"lazy\" decoding=\"async\" width=\"210\" height=\"210\" src=\"https:\/\/www.condorhotel.com\/wp-content\/uploads\/2018\/04\/homemade-pizza-964958_960_720-210x210.jpg\" class=\"size-thumbnail\" alt=\"\" srcset=\"https:\/\/www.condorhotel.com\/wp-content\/uploads\/2018\/04\/homemade-pizza-964958_960_720-210x210.jpg 210w, https:\/\/www.condorhotel.com\/wp-content\/uploads\/2018\/04\/homemade-pizza-964958_960_720-200x200.jpg 200w, https:\/\/www.condorhotel.com\/wp-content\/uploads\/2018\/04\/homemade-pizza-964958_960_720-150x150.jpg 150w, https:\/\/www.condorhotel.com\/wp-content\/uploads\/2018\/04\/homemade-pizza-964958_960_720-32x32.jpg 32w, https:\/\/www.condorhotel.com\/wp-content\/uploads\/2018\/04\/homemade-pizza-964958_960_720-128x128.jpg 128w, https:\/\/www.condorhotel.com\/wp-content\/uploads\/2018\/04\/homemade-pizza-964958_960_720-268x268.jpg 268w, https:\/\/www.condorhotel.com\/wp-content\/uploads\/2018\/04\/homemade-pizza-964958_960_720-458x458.jpg 458w\" sizes=\"auto, (max-width: 210px) 100vw, 210px\" \/><\/a><div class=\"background-offer-gallery\"><img decoding=\"async\" src=\"https:\/\/www.condorhotel.com\/wp-content\/uploads\/2013\/09\/bkg-white704.png\" ><div class=\"highlight-text-gallery\"><a href=\"https:\/\/www.condorhotel.com\/fr\/offers\/sicilian-pizza-class\/\">Package<\/a><\/div><\/div><div class=\"background-tag-gallery\"><img decoding=\"async\" src=\"https:\/\/www.condorhotel.com\/wp-content\/uploads\/2013\/09\/package_icon.png\" ><\/div><\/div><div class=\"original-price\"><\/div><div class=\"reducted-price\"><\/div><div class=\"clear\"><\/div><div class=\"offer_title\"><a href=\"https:\/\/www.condorhotel.com\/fr\/offers\/sicilian-pizza-class\/\">Sicilian Pizza Class<\/a><\/div><div class=\"package-gallery\"><div><\/div><div><\/div><div><\/div><div><\/div><\/div>Taormina Packages & Offers: Room & Pizza class continental breakfast included + buffet <\/div><\/div>\r\n<\/div>","protected":false},"excerpt":{"rendered":"","protected":false},"author":28,"featured_media":0,"parent":0,"menu_order":0,"comment_status":"closed","ping_status":"closed","template":"page-monocolonna.php","meta":{"footnotes":""},"class_list":["post-272","page","type-page","status-publish","hentry"],"yoast_head":"<!-- This site is optimized with the Yoast SEO plugin v25.6 - https:\/\/yoast.com\/wordpress\/plugins\/seo\/ -->\n<title>Offres Sp\u00e9ciales - Hotel Condor<\/title>\n<meta name=\"description\" content=\"Offres Sp\u00e9ciales, Hotel Condor: h\u00f4tel de Taormina donnant sur la mer, \u00e0 quelques pas du centre historique, le th\u00e9\u00e2tre grec et le t\u00e9l\u00e9ph\u00e9rique des plages. Calme, familial.\" \/>\n<meta name=\"robots\" content=\"index, follow, max-snippet:-1, max-image-preview:large, max-video-preview:-1\" \/>\n<link rel=\"canonical\" href=\"https:\/\/www.condorhotel.com\/fr\/offres-speciales\/\" \/>\n<meta property=\"og:locale\" content=\"fr_FR\" \/>\n<meta property=\"og:type\" content=\"article\" \/>\n<meta property=\"og:title\" content=\"Offres Sp\u00e9ciales - Hotel Condor\" \/>\n<meta property=\"og:description\" content=\"Offres Sp\u00e9ciales, Hotel Condor: h\u00f4tel de Taormina donnant sur la mer, \u00e0 quelques pas du centre historique, le th\u00e9\u00e2tre grec et le t\u00e9l\u00e9ph\u00e9rique des plages. Calme, familial.\" \/>\n<meta property=\"og:url\" content=\"https:\/\/www.condorhotel.com\/fr\/offres-speciales\/\" \/>\n<meta property=\"og:site_name\" content=\"Hotel Condor\" \/>\n<meta property=\"article:modified_time\" content=\"2015-05-29T08:50:06+00:00\" \/>\n<script type=\"application\/ld+json\" class=\"yoast-schema-graph\">{\"@context\":\"https:\/\/schema.org\",\"@graph\":[{\"@type\":\"WebPage\",\"@id\":\"https:\/\/www.condorhotel.com\/fr\/offres-speciales\/\",\"url\":\"https:\/\/www.condorhotel.com\/fr\/offres-speciales\/\",\"name\":\"Offres Sp\u00e9ciales - Hotel Condor\",\"isPartOf\":{\"@id\":\"https:\/\/www.condorhotel.com\/fr\/#website\"},\"datePublished\":\"2013-09-04T14:45:13+00:00\",\"dateModified\":\"2015-05-29T08:50:06+00:00\",\"description\":\"Offres Sp\u00e9ciales, Hotel Condor: h\u00f4tel de Taormina donnant sur la mer, \u00e0 quelques pas du centre historique, le th\u00e9\u00e2tre grec et le t\u00e9l\u00e9ph\u00e9rique des plages. Calme, familial.\",\"breadcrumb\":{\"@id\":\"https:\/\/www.condorhotel.com\/fr\/offres-speciales\/#breadcrumb\"},\"inLanguage\":\"fr-FR\",\"potentialAction\":[{\"@type\":\"ReadAction\",\"target\":[\"https:\/\/www.condorhotel.com\/fr\/offres-speciales\/\"]}]},{\"@type\":\"BreadcrumbList\",\"@id\":\"https:\/\/www.condorhotel.com\/fr\/offres-speciales\/#breadcrumb\",\"itemListElement\":[{\"@type\":\"ListItem\",\"position\":1,\"name\":\"Home\",\"item\":\"https:\/\/www.condorhotel.com\/fr\/\"},{\"@type\":\"ListItem\",\"position\":2,\"name\":\"Offres Sp\u00e9ciales\"}]},{\"@type\":\"WebSite\",\"@id\":\"https:\/\/www.condorhotel.com\/fr\/#website\",\"url\":\"https:\/\/www.condorhotel.com\/fr\/\",\"name\":\"Hotel Condor\",\"description\":\"Hotel Condor\",\"potentialAction\":[{\"@type\":\"SearchAction\",\"target\":{\"@type\":\"EntryPoint\",\"urlTemplate\":\"https:\/\/www.condorhotel.com\/fr\/?s={search_term_string}\"},\"query-input\":{\"@type\":\"PropertyValueSpecification\",\"valueRequired\":true,\"valueName\":\"search_term_string\"}}],\"inLanguage\":\"fr-FR\"}]}<\/script>\n<!-- \/ Yoast SEO plugin. -->","yoast_head_json":{"title":"Offres Sp\u00e9ciales - Hotel Condor","description":"Offres Sp\u00e9ciales, Hotel Condor: h\u00f4tel de Taormina donnant sur la mer, \u00e0 quelques pas du centre historique, le th\u00e9\u00e2tre grec et le t\u00e9l\u00e9ph\u00e9rique des plages. Calme, familial.","robots":{"index":"index","follow":"follow","max-snippet":"max-snippet:-1","max-image-preview":"max-image-preview:large","max-video-preview":"max-video-preview:-1"},"canonical":"https:\/\/www.condorhotel.com\/fr\/offres-speciales\/","og_locale":"fr_FR","og_type":"article","og_title":"Offres Sp\u00e9ciales - Hotel Condor","og_description":"Offres Sp\u00e9ciales, Hotel Condor: h\u00f4tel de Taormina donnant sur la mer, \u00e0 quelques pas du centre historique, le th\u00e9\u00e2tre grec et le t\u00e9l\u00e9ph\u00e9rique des plages. Calme, familial.","og_url":"https:\/\/www.condorhotel.com\/fr\/offres-speciales\/","og_site_name":"Hotel Condor","article_modified_time":"2015-05-29T08:50:06+00:00","schema":{"@context":"https:\/\/schema.org","@graph":[{"@type":"WebPage","@id":"https:\/\/www.condorhotel.com\/fr\/offres-speciales\/","url":"https:\/\/www.condorhotel.com\/fr\/offres-speciales\/","name":"Offres Sp\u00e9ciales - Hotel Condor","isPartOf":{"@id":"https:\/\/www.condorhotel.com\/fr\/#website"},"datePublished":"2013-09-04T14:45:13+00:00","dateModified":"2015-05-29T08:50:06+00:00","description":"Offres Sp\u00e9ciales, Hotel Condor: h\u00f4tel de Taormina donnant sur la mer, \u00e0 quelques pas du centre historique, le th\u00e9\u00e2tre grec et le t\u00e9l\u00e9ph\u00e9rique des plages. Calme, familial.","breadcrumb":{"@id":"https:\/\/www.condorhotel.com\/fr\/offres-speciales\/#breadcrumb"},"inLanguage":"fr-FR","potentialAction":[{"@type":"ReadAction","target":["https:\/\/www.condorhotel.com\/fr\/offres-speciales\/"]}]},{"@type":"BreadcrumbList","@id":"https:\/\/www.condorhotel.com\/fr\/offres-speciales\/#breadcrumb","itemListElement":[{"@type":"ListItem","position":1,"name":"Home","item":"https:\/\/www.condorhotel.com\/fr\/"},{"@type":"ListItem","position":2,"name":"Offres Sp\u00e9ciales"}]},{"@type":"WebSite","@id":"https:\/\/www.condorhotel.com\/fr\/#website","url":"https:\/\/www.condorhotel.com\/fr\/","name":"Hotel Condor","description":"Hotel Condor","potentialAction":[{"@type":"SearchAction","target":{"@type":"EntryPoint","urlTemplate":"https:\/\/www.condorhotel.com\/fr\/?s={search_term_string}"},"query-input":{"@type":"PropertyValueSpecification","valueRequired":true,"valueName":"search_term_string"}}],"inLanguage":"fr-FR"}]}},"publishpress_future_action":{"enabled":false,"date":"2026-05-08 08:45:07","action":"change-status","newStatus":"draft","terms":[],"taxonomy":"translation_priority","extraData":[]},"publishpress_future_workflow_manual_trigger":{"enabledWorkflows":[]},"_links":{"self":[{"href":"https:\/\/www.condorhotel.com\/fr\/wp-json\/wp\/v2\/pages\/272","targetHints":{"allow":["GET"]}}],"collection":[{"href":"https:\/\/www.condorhotel.com\/fr\/wp-json\/wp\/v2\/pages"}],"about":[{"href":"https:\/\/www.condorhotel.com\/fr\/wp-json\/wp\/v2\/types\/page"}],"author":[{"embeddable":true,"href":"https:\/\/www.condorhotel.com\/fr\/wp-json\/wp\/v2\/users\/28"}],"replies":[{"embeddable":true,"href":"https:\/\/www.condorhotel.com\/fr\/wp-json\/wp\/v2\/comments?post=272"}],"version-history":[{"count":2,"href":"https:\/\/www.condorhotel.com\/fr\/wp-json\/wp\/v2\/pages\/272\/revisions"}],"predecessor-version":[{"id":1105,"href":"https:\/\/www.condorhotel.com\/fr\/wp-json\/wp\/v2\/pages\/272\/revisions\/1105"}],"wp:attachment":[{"href":"https:\/\/www.condorhotel.com\/fr\/wp-json\/wp\/v2\/media?parent=272"}],"curies":[{"name":"wp","href":"https:\/\/api.w.org\/{rel}","templated":true}]}}