{"id":1165,"date":"2015-04-28T14:39:23","date_gmt":"2015-04-28T14:39:23","guid":{"rendered":"https:\/\/www.condorhotel.com\/posizione-2\/"},"modified":"2016-07-11T10:05:51","modified_gmt":"2016-07-11T10:05:51","slug":"emplacement","status":"publish","type":"page","link":"https:\/\/www.condorhotel.com\/fr\/emplacement\/","title":{"rendered":"Emplacement"},"content":{"rendered":"<div class=\"wrapper\"><div class=\"sinistra\">\r\n<h1>Emplacement<\/h1>\r\n\r\n<p>L&rsquo;H\u00f4tel Condor, construit en 1968, est la propri\u00e9t\u00e9 de la famille Sparta-Longo, qui en a fait l&rsquo;auberge id\u00e9ale pour passer un s\u00e9jour agr\u00e9able \u00e0 Taormine dans une atmosph\u00e8re accueillante et familiale.<\/p>\r\n\r\n<p>L\u2019H\u00f4tel offre un service de Bed and Breakfast et se trouve dans une position privil\u00e9gi\u00e9e \u00e0 200 m\u00e8tres du centre historique mais loin du bruit de la circulation.<\/p>\r\n\r\n<p>Il est situe\u00e9 \u00e0 4 minutes du funiculaire pour la plage, du terminal des taxis; \u00e0 8 minutes du th\u00e9\u00e2tre Greco-Romain, des Jardins Publics, de la Place Principale panoramique et du Terminal des autobus qui raccordent la ville \u00e0 la gare (3 KM) et \u00e0 l&rsquo;a\u00e9roport de Catane (50 KM).<\/p> \r\n\r\n<p>Point de d\u00e9part pour une promenade dans la nature \u00e0 Castelmola, Mont Venere, Mont Ziretto.<\/p>\r\n\r\n<p>Notre personnel jeune et cordial vous r\u00e9serve un accueil chaleureux, il est toujours disponible, satisfera vos demandes et organisera vos excursions quotidiennes \u00e0 la d\u00e9couverte de la Sicile: Etna, Gorges de l&rsquo;Alcantara, Syracuse, \u00eeles Eoliennes, Agrigente, Palerme.<\/p>\r\n\r\n<\/div><div class=\"destra\"><h2 class=\"sottotitolo\">Gallerie<\/h2>\r\n<div class=\"minigallery\">\n\t\t<style type=\"text\/css\">\n\t\t\t#gallery-1 {\n\t\t\t\tmargin: auto;\n\t\t\t}\n\t\t\t#gallery-1 .gallery-item {\n\t\t\t\tfloat: left;\n\t\t\t\tmargin-top: 10px;\n\t\t\t\ttext-align: center;\n\t\t\t\twidth: 50%;\n\t\t\t}\n\t\t\t#gallery-1 img {\n\t\t\t\tborder: 2px solid #cfcfcf;\n\t\t\t}\n\t\t\t#gallery-1 .gallery-caption {\n\t\t\t\tmargin-left: 0;\n\t\t\t}\n\t\t\t\/* see gallery_shortcode() in wp-includes\/media.php *\/\n\t\t<\/style>\n\t\t<div id='gallery-1' class='gallery galleryid-1165 gallery-columns-2 gallery-size-thumbnail'><dl class='gallery-item'>\n\t\t\t<dt class='gallery-icon landscape'>\n\t\t\t\t<a href='https:\/\/www.condorhotel.com\/wp-content\/uploads\/2015\/04\/DSC02401.jpg'><img loading=\"lazy\" decoding=\"async\" width=\"200\" height=\"200\" src=\"https:\/\/www.condorhotel.com\/wp-content\/uploads\/2015\/04\/DSC02401-200x200.jpg\" class=\"attachment-thumbnail size-thumbnail\" alt=\"\" srcset=\"https:\/\/www.condorhotel.com\/wp-content\/uploads\/2015\/04\/DSC02401-200x200.jpg 200w, https:\/\/www.condorhotel.com\/wp-content\/uploads\/2015\/04\/DSC02401-150x150.jpg 150w, https:\/\/www.condorhotel.com\/wp-content\/uploads\/2015\/04\/DSC02401-32x32.jpg 32w, https:\/\/www.condorhotel.com\/wp-content\/uploads\/2015\/04\/DSC02401-128x128.jpg 128w, https:\/\/www.condorhotel.com\/wp-content\/uploads\/2015\/04\/DSC02401-210x210.jpg 210w, https:\/\/www.condorhotel.com\/wp-content\/uploads\/2015\/04\/DSC02401-268x268.jpg 268w, https:\/\/www.condorhotel.com\/wp-content\/uploads\/2015\/04\/DSC02401-458x458.jpg 458w\" sizes=\"auto, (max-width: 200px) 100vw, 200px\" \/><\/a>\n\t\t\t<\/dt><\/dl><dl class='gallery-item'>\n\t\t\t<dt class='gallery-icon landscape'>\n\t\t\t\t<a href='https:\/\/www.condorhotel.com\/wp-content\/uploads\/2015\/04\/IMG_0367_veduta-taormina.jpg'><img loading=\"lazy\" decoding=\"async\" width=\"200\" height=\"200\" src=\"https:\/\/www.condorhotel.com\/wp-content\/uploads\/2015\/04\/IMG_0367_veduta-taormina-200x200.jpg\" class=\"attachment-thumbnail size-thumbnail\" alt=\"\" srcset=\"https:\/\/www.condorhotel.com\/wp-content\/uploads\/2015\/04\/IMG_0367_veduta-taormina-200x200.jpg 200w, https:\/\/www.condorhotel.com\/wp-content\/uploads\/2015\/04\/IMG_0367_veduta-taormina-150x150.jpg 150w, https:\/\/www.condorhotel.com\/wp-content\/uploads\/2015\/04\/IMG_0367_veduta-taormina-32x32.jpg 32w, https:\/\/www.condorhotel.com\/wp-content\/uploads\/2015\/04\/IMG_0367_veduta-taormina-128x128.jpg 128w, https:\/\/www.condorhotel.com\/wp-content\/uploads\/2015\/04\/IMG_0367_veduta-taormina-210x210.jpg 210w, https:\/\/www.condorhotel.com\/wp-content\/uploads\/2015\/04\/IMG_0367_veduta-taormina-268x268.jpg 268w, https:\/\/www.condorhotel.com\/wp-content\/uploads\/2015\/04\/IMG_0367_veduta-taormina-458x458.jpg 458w\" sizes=\"auto, (max-width: 200px) 100vw, 200px\" \/><\/a>\n\t\t\t<\/dt><\/dl><br style=\"clear: both\" \/><dl class='gallery-item'>\n\t\t\t<dt class='gallery-icon landscape'>\n\t\t\t\t<a href='https:\/\/www.condorhotel.com\/wp-content\/uploads\/2015\/04\/IMG_0369.jpg'><img loading=\"lazy\" decoding=\"async\" width=\"200\" height=\"200\" src=\"https:\/\/www.condorhotel.com\/wp-content\/uploads\/2015\/04\/IMG_0369-200x200.jpg\" class=\"attachment-thumbnail size-thumbnail\" alt=\"\" srcset=\"https:\/\/www.condorhotel.com\/wp-content\/uploads\/2015\/04\/IMG_0369-200x200.jpg 200w, https:\/\/www.condorhotel.com\/wp-content\/uploads\/2015\/04\/IMG_0369-150x150.jpg 150w, https:\/\/www.condorhotel.com\/wp-content\/uploads\/2015\/04\/IMG_0369-32x32.jpg 32w, https:\/\/www.condorhotel.com\/wp-content\/uploads\/2015\/04\/IMG_0369-128x128.jpg 128w, https:\/\/www.condorhotel.com\/wp-content\/uploads\/2015\/04\/IMG_0369-210x210.jpg 210w, https:\/\/www.condorhotel.com\/wp-content\/uploads\/2015\/04\/IMG_0369-268x268.jpg 268w, https:\/\/www.condorhotel.com\/wp-content\/uploads\/2015\/04\/IMG_0369-458x458.jpg 458w\" sizes=\"auto, (max-width: 200px) 100vw, 200px\" \/><\/a>\n\t\t\t<\/dt><\/dl><dl class='gallery-item'>\n\t\t\t<dt class='gallery-icon landscape'>\n\t\t\t\t<a href='https:\/\/www.condorhotel.com\/wp-content\/uploads\/2015\/04\/IMG_0376.jpg'><img loading=\"lazy\" decoding=\"async\" width=\"200\" height=\"200\" src=\"https:\/\/www.condorhotel.com\/wp-content\/uploads\/2015\/04\/IMG_0376-200x200.jpg\" class=\"attachment-thumbnail size-thumbnail\" alt=\"\" srcset=\"https:\/\/www.condorhotel.com\/wp-content\/uploads\/2015\/04\/IMG_0376-200x200.jpg 200w, https:\/\/www.condorhotel.com\/wp-content\/uploads\/2015\/04\/IMG_0376-150x150.jpg 150w, https:\/\/www.condorhotel.com\/wp-content\/uploads\/2015\/04\/IMG_0376-32x32.jpg 32w, https:\/\/www.condorhotel.com\/wp-content\/uploads\/2015\/04\/IMG_0376-128x128.jpg 128w, https:\/\/www.condorhotel.com\/wp-content\/uploads\/2015\/04\/IMG_0376-210x210.jpg 210w, https:\/\/www.condorhotel.com\/wp-content\/uploads\/2015\/04\/IMG_0376-268x268.jpg 268w, https:\/\/www.condorhotel.com\/wp-content\/uploads\/2015\/04\/IMG_0376-458x458.jpg 458w\" sizes=\"auto, (max-width: 200px) 100vw, 200px\" \/><\/a>\n\t\t\t<\/dt><\/dl><br style=\"clear: both\" \/><dl class='gallery-item'>\n\t\t\t<dt class='gallery-icon landscape'>\n\t\t\t\t<a href='https:\/\/www.condorhotel.com\/wp-content\/uploads\/2015\/04\/IMG_0378.jpg'><img loading=\"lazy\" decoding=\"async\" width=\"200\" height=\"200\" src=\"https:\/\/www.condorhotel.com\/wp-content\/uploads\/2015\/04\/IMG_0378-200x200.jpg\" class=\"attachment-thumbnail size-thumbnail\" alt=\"\" srcset=\"https:\/\/www.condorhotel.com\/wp-content\/uploads\/2015\/04\/IMG_0378-200x200.jpg 200w, https:\/\/www.condorhotel.com\/wp-content\/uploads\/2015\/04\/IMG_0378-150x150.jpg 150w, https:\/\/www.condorhotel.com\/wp-content\/uploads\/2015\/04\/IMG_0378-32x32.jpg 32w, https:\/\/www.condorhotel.com\/wp-content\/uploads\/2015\/04\/IMG_0378-128x128.jpg 128w, https:\/\/www.condorhotel.com\/wp-content\/uploads\/2015\/04\/IMG_0378-210x210.jpg 210w, https:\/\/www.condorhotel.com\/wp-content\/uploads\/2015\/04\/IMG_0378-268x268.jpg 268w, https:\/\/www.condorhotel.com\/wp-content\/uploads\/2015\/04\/IMG_0378-458x458.jpg 458w\" sizes=\"auto, (max-width: 200px) 100vw, 200px\" \/><\/a>\n\t\t\t<\/dt><\/dl><dl class='gallery-item'>\n\t\t\t<dt class='gallery-icon landscape'>\n\t\t\t\t<a href='https:\/\/www.condorhotel.com\/wp-content\/uploads\/2015\/04\/IMG_0478.jpg'><img loading=\"lazy\" decoding=\"async\" width=\"200\" height=\"200\" src=\"https:\/\/www.condorhotel.com\/wp-content\/uploads\/2015\/04\/IMG_0478-200x200.jpg\" class=\"attachment-thumbnail size-thumbnail\" alt=\"\" srcset=\"https:\/\/www.condorhotel.com\/wp-content\/uploads\/2015\/04\/IMG_0478-200x200.jpg 200w, https:\/\/www.condorhotel.com\/wp-content\/uploads\/2015\/04\/IMG_0478-150x150.jpg 150w, https:\/\/www.condorhotel.com\/wp-content\/uploads\/2015\/04\/IMG_0478-32x32.jpg 32w, https:\/\/www.condorhotel.com\/wp-content\/uploads\/2015\/04\/IMG_0478-128x128.jpg 128w, https:\/\/www.condorhotel.com\/wp-content\/uploads\/2015\/04\/IMG_0478-210x210.jpg 210w, https:\/\/www.condorhotel.com\/wp-content\/uploads\/2015\/04\/IMG_0478-268x268.jpg 268w, https:\/\/www.condorhotel.com\/wp-content\/uploads\/2015\/04\/IMG_0478-458x458.jpg 458w\" sizes=\"auto, (max-width: 200px) 100vw, 200px\" \/><\/a>\n\t\t\t<\/dt><\/dl><br style=\"clear: both\" \/>\n\t\t<\/div>\n<\/div>\r\n\r\n<\/div><\/div>\r\n\r\n<div class=\"wrapper\">\r\n<div id=\"container-map\">\r\n    \t<div id=\"map-canvas\"><\/div>\r\n  \t<\/div>\r\n\r\n<p class=\"nascondimobile\"><a href=\"..\/mappa\/#openbol\">Imprimer la carte avec les indications pour nous rejoindre<\/a><\/p>\r\n\r\n\r\n<div class=\"wrapper\"><\/div><div class=\"sinistra\">\r\n<h2>Comment nous rejoindre<\/h2>\r\n\r\n\r\n<h3>Acc\u00e8s en avion<\/h3>\r\n<p>L\u2019a\u00e9roport le plus proche est Catania \u00e0 45Km.<\/p>\r\n\r\n<h3>Acc\u00e8s en voiture<\/h3>\r\n<p>De Catania ou Messina : autoroute A18 Catania &#8211; Messina sortie Taormina. Suivre l\u2019indication Taormina centre pendant 3 Km. De Palermo : autoroute A19 direction Catania et apr\u00e8s direction autoroute A18 Catania Messina sortie Taormina. Suivre l\u2019indication Taormina centre pendant 3 Km.<\/p>\r\n\r\n<h3>Acc\u00e8s en train<\/h3>\r\n<p>Ligne Messina Catania, gare de Taormina Giardini. De la gare vous pouvez prendre un taxi ou un autobus jusqu&rsquo;\u00e0 la gare routi\u00e8re.<\/p>\r\n\r\n<h3>Depuis la gare routi\u00e8re<\/h3>\r\n<p>Il y a 800 m de la gare routi\u00e8re \u00e0 l\u2019h\u00f4tel par une route qui monte l\u00e9g\u00e8rement. Si vous avez beaucoup de bagages il est plus confortable de prendre un taxi.<\/p>\r\n\r\n<h3>Du centre de Taormine<\/h3>\r\n<p>Quand vous arrivez au centre vous verrez une ancienne porte sur votre gauche, Porta Messina, o\u00f9 commence le Corso Umberto. Ne passez pas la porte mais continuez par la route qui monte a droite, apr\u00e8s 25 m\u00e8tres sur la droite il y a une autre porte, Arco dei Cappuccini, entrez dans la porte et suivez les indications H\u00f4tel Condor. Vous nous trouverez apr\u00e8s 250 m.<\/p>\r\n\r\n<h3>Distances de Taormina<\/h3>\r\n<ul class=\"verticale\">\r\n<li>Etna Est Km 45<\/li>\r\n<li>Catania Km 60<\/li>\r\n<li>Agrigento Km 220<\/li>\r\n<li>Messina Km 40<\/li>\r\n<li>Gole Alcantara Km 20<\/li>\r\n<li>Palermo Km 250<\/li>\r\n<li>Giardini naxos Km 4<\/li>\r\n<\/ul>\r\n<\/div><div class=\"destra\">\r\n<h2>Voir comment nous rejoindre<\/h2>\r\n<iframe loading=\"lazy\" title=\"Directions to Hotel Condor\" width=\"500\" height=\"281\" src=\"https:\/\/www.youtube.com\/embed\/usXa2s2gbGw?feature=oembed\" frameborder=\"0\" allow=\"accelerometer; autoplay; clipboard-write; encrypted-media; gyroscope; picture-in-picture; web-share\" referrerpolicy=\"strict-origin-when-cross-origin\" allowfullscreen><\/iframe>\r\n<iframe loading=\"lazy\" title=\"Hotel Condor - Taormina - Sicily\" width=\"500\" height=\"375\" src=\"https:\/\/www.youtube.com\/embed\/jFLvuTb2HAE?feature=oembed\" frameborder=\"0\" allow=\"accelerometer; autoplay; clipboard-write; encrypted-media; gyroscope; picture-in-picture; web-share\" referrerpolicy=\"strict-origin-when-cross-origin\" allowfullscreen><\/iframe>\r\n<hr \/>\r\n<h2>Tennis Sporting Club Taormina<\/h2>\r\n\r\n<p>Le Taormina Sporting Club, fond\u00e9 en 1925, est le point central \u00e0 jouer au tennis \u00e0 Taormina. Ici, nous rencontrons Taormina, touristes, professionnels, d\u00e9butants qui souhaitent cultiver leur passion. Le Tennis Club est situ\u00e9 pr\u00e8s du centre de Taormina. \u00c0 l&rsquo;int\u00e9rieur du parc des Ducs Cesar\u00f2. Merci \u00e0 la position splendide entre les collines et beau littoral avec une vue de l&rsquo;Etna et la baie de Naxos, vous pouvez pratiquer votre sport favori dans un endroit sp\u00e9cial, unique, presque irr\u00e9el, entour\u00e9 de jardins et de magnifiques vues. <\/p>\r\n\r\n<p>Le Tennis club TAORMINA offre \u00e0 ses trois domaines de l&rsquo;argile, de 8.00 \u00e0 12.00 et de 16 \u00e0 21,00.<\/p>\r\n\r\n<p>Les le\u00e7ons individuelles et de groupe, des \u00e9coles d&rsquo;\u00e9t\u00e9 pour les enfants. <\/p>\r\n\r\n<p>FIT coach Mario Quattrocchi <a href=\"mailto:mario4occhi@hotmail.com\">mario4occhi@hotmail.com<\/a> <\/p>\r\n\r\n<p>Pour les clients de l&rsquo;H\u00f4tel Condor \u00e9quipements disponibles dans l&rsquo;h\u00f4tel e tarifs sp\u00e9ciaux.<\/p>\r\n\r\n<h3>Taormina Tennis Club<\/h3>\r\n<ul class=\"verticale\">\r\n<li>Via Bagnoli Croci 71, Taormina, tel.: +39 0942 23 282<\/li>\r\n<\/ul>\r\n<\/div>\r\n\r\n<br clear=\"all\" \/><\/div>\r\n\r\n<div class=\"eventi\"><div class=\"wrapper\">\r\n<div class=\"sinistra\"><h3>\u00c9v\u00e9nements \u00e0 Taormine et alentours<\/h3>\r\n<a class=\"pulsante\" href=\"..\/evenements-taormina\">Voir la liste compl\u00e8te ><\/a><\/div>\r\n<div class=\"destra\">\r\n<div class=\"gallery-view\"><div class=\"events-package-4\"><div class=\"original-price\"><\/div><div class=\"reducted-price\"><\/div><div class=\"clear\"><\/div><div class=\"events_title\"><a href=\"https:\/\/www.condorhotel.com\/fr\/events\/modigliani-experience-multimedia\/\">Modigliani Experience &#8211; Multimedia<\/a><\/div><div class=\"package-gallery\"><div><\/div><div><\/div><div><\/div><div><\/div><\/div><\/div><div class=\"events-package-4\"><div class=\"fullsliderimg\"><a href=\"https:\/\/www.condorhotel.com\/fr\/events\/max-gazze-taormina\/\"><img loading=\"lazy\" decoding=\"async\" width=\"210\" height=\"210\" src=\"https:\/\/www.condorhotel.com\/wp-content\/uploads\/2016\/08\/MaxGazze-210x210.jpg\" class=\"size-thumbnail\" alt=\"\" srcset=\"https:\/\/www.condorhotel.com\/wp-content\/uploads\/2016\/08\/MaxGazze-210x210.jpg 210w, https:\/\/www.condorhotel.com\/wp-content\/uploads\/2016\/08\/MaxGazze-200x200.jpg 200w, https:\/\/www.condorhotel.com\/wp-content\/uploads\/2016\/08\/MaxGazze-150x150.jpg 150w, https:\/\/www.condorhotel.com\/wp-content\/uploads\/2016\/08\/MaxGazze-32x32.jpg 32w, https:\/\/www.condorhotel.com\/wp-content\/uploads\/2016\/08\/MaxGazze-128x128.jpg 128w, https:\/\/www.condorhotel.com\/wp-content\/uploads\/2016\/08\/MaxGazze-268x268.jpg 268w, https:\/\/www.condorhotel.com\/wp-content\/uploads\/2016\/08\/MaxGazze-458x458.jpg 458w\" sizes=\"auto, (max-width: 210px) 100vw, 210px\" \/><\/a><div class=\"background-events-gallery\"><img decoding=\"async\" src=\"\" ><div class=\"highlight-text-gallery\"><a href=\"https:\/\/www.condorhotel.com\/fr\/events\/max-gazze-taormina\/\">Music<\/a><\/div><\/div><div class=\"background-tag-gallery\"><img decoding=\"async\" src=\"\" ><\/div><\/div><div class=\"original-price\"><\/div><div class=\"reducted-price\"><\/div><div class=\"clear\"><\/div><div class=\"events_title\"><a href=\"https:\/\/www.condorhotel.com\/fr\/events\/max-gazze-taormina\/\">Max Gazz\u00e8 &#8211; Taormina<\/a><\/div><div class=\"package-gallery\"><div><\/div><div><\/div><div><\/div><div><\/div><\/div><\/div><div class=\"events-package-4\"><div class=\"fullsliderimg\"><a href=\"https:\/\/www.condorhotel.com\/fr\/events\/cavalleria-rusticana-ancient-theatre\/\"><img loading=\"lazy\" decoding=\"async\" width=\"210\" height=\"210\" src=\"https:\/\/www.condorhotel.com\/wp-content\/uploads\/2016\/08\/CavalleriaRusticanaAgosto-210x210.jpg\" class=\"size-thumbnail\" alt=\"\" srcset=\"https:\/\/www.condorhotel.com\/wp-content\/uploads\/2016\/08\/CavalleriaRusticanaAgosto-210x210.jpg 210w, https:\/\/www.condorhotel.com\/wp-content\/uploads\/2016\/08\/CavalleriaRusticanaAgosto-200x200.jpg 200w, https:\/\/www.condorhotel.com\/wp-content\/uploads\/2016\/08\/CavalleriaRusticanaAgosto-150x150.jpg 150w, https:\/\/www.condorhotel.com\/wp-content\/uploads\/2016\/08\/CavalleriaRusticanaAgosto-32x32.jpg 32w, https:\/\/www.condorhotel.com\/wp-content\/uploads\/2016\/08\/CavalleriaRusticanaAgosto-128x128.jpg 128w, https:\/\/www.condorhotel.com\/wp-content\/uploads\/2016\/08\/CavalleriaRusticanaAgosto-268x268.jpg 268w, https:\/\/www.condorhotel.com\/wp-content\/uploads\/2016\/08\/CavalleriaRusticanaAgosto-458x458.jpg 458w\" sizes=\"auto, (max-width: 210px) 100vw, 210px\" \/><\/a><div class=\"background-events-gallery\"><img decoding=\"async\" src=\"https:\/\/www.condorhotel.com\/wp-content\/uploads\/2013\/09\/bkg-white704.png\" ><div class=\"highlight-text-gallery\"><a href=\"https:\/\/www.condorhotel.com\/fr\/events\/cavalleria-rusticana-ancient-theatre\/\">Art et culture<\/a><\/div><\/div><div class=\"background-tag-gallery\"><img decoding=\"async\" src=\"https:\/\/www.condorhotel.com\/wp-content\/uploads\/2014\/06\/ArteCultura-e1417525844173.png\" ><\/div><\/div><div class=\"original-price\"><\/div><div class=\"reducted-price\"><\/div><div class=\"clear\"><\/div><div class=\"events_title\"><a href=\"https:\/\/www.condorhotel.com\/fr\/events\/cavalleria-rusticana-ancient-theatre\/\">Cavalleria Rusticana di Pietro Mascagni &#8211; Ancient Theatre<\/a><\/div><div class=\"package-gallery\"><div><\/div><div><\/div><div><\/div><div><\/div><\/div><\/div><\/div>\r\n<\/div>\r\n<\/div><\/div>\r\n","protected":false},"excerpt":{"rendered":"","protected":false},"author":28,"featured_media":0,"parent":0,"menu_order":0,"comment_status":"closed","ping_status":"closed","template":"page-monocolonna.php","meta":{"footnotes":""},"class_list":["post-1165","page","type-page","status-publish","hentry"],"yoast_head":"<!-- This site is optimized with the Yoast SEO plugin v25.6 - https:\/\/yoast.com\/wordpress\/plugins\/seo\/ -->\n<title>Emplacement - Hotel Condor<\/title>\n<meta name=\"description\" content=\"Emplacement, Hotel Condor: h\u00f4tel de Taormina donnant sur la mer, \u00e0 quelques pas du centre historique, le th\u00e9\u00e2tre grec et le t\u00e9l\u00e9ph\u00e9rique des plages. Calme, familial.\" \/>\n<meta name=\"robots\" content=\"index, follow, max-snippet:-1, max-image-preview:large, max-video-preview:-1\" \/>\n<link rel=\"canonical\" href=\"https:\/\/www.condorhotel.com\/fr\/emplacement\/\" \/>\n<meta property=\"og:locale\" content=\"fr_FR\" \/>\n<meta property=\"og:type\" content=\"article\" \/>\n<meta property=\"og:title\" content=\"Emplacement - Hotel Condor\" \/>\n<meta property=\"og:description\" content=\"Emplacement, Hotel Condor: h\u00f4tel de Taormina donnant sur la mer, \u00e0 quelques pas du centre historique, le th\u00e9\u00e2tre grec et le t\u00e9l\u00e9ph\u00e9rique des plages. Calme, familial.\" \/>\n<meta property=\"og:url\" content=\"https:\/\/www.condorhotel.com\/fr\/emplacement\/\" \/>\n<meta property=\"og:site_name\" content=\"Hotel Condor\" \/>\n<meta property=\"article:modified_time\" content=\"2016-07-11T10:05:51+00:00\" \/>\n<meta name=\"twitter:label1\" content=\"Dur\u00e9e de lecture estim\u00e9e\" \/>\n\t<meta name=\"twitter:data1\" content=\"3 minutes\" \/>\n<script type=\"application\/ld+json\" class=\"yoast-schema-graph\">{\"@context\":\"https:\/\/schema.org\",\"@graph\":[{\"@type\":\"WebPage\",\"@id\":\"https:\/\/www.condorhotel.com\/fr\/emplacement\/\",\"url\":\"https:\/\/www.condorhotel.com\/fr\/emplacement\/\",\"name\":\"Emplacement - Hotel Condor\",\"isPartOf\":{\"@id\":\"https:\/\/www.condorhotel.com\/fr\/#website\"},\"datePublished\":\"2015-04-28T14:39:23+00:00\",\"dateModified\":\"2016-07-11T10:05:51+00:00\",\"description\":\"Emplacement, Hotel Condor: h\u00f4tel de Taormina donnant sur la mer, \u00e0 quelques pas du centre historique, le th\u00e9\u00e2tre grec et le t\u00e9l\u00e9ph\u00e9rique des plages. Calme, familial.\",\"breadcrumb\":{\"@id\":\"https:\/\/www.condorhotel.com\/fr\/emplacement\/#breadcrumb\"},\"inLanguage\":\"fr-FR\",\"potentialAction\":[{\"@type\":\"ReadAction\",\"target\":[\"https:\/\/www.condorhotel.com\/fr\/emplacement\/\"]}]},{\"@type\":\"BreadcrumbList\",\"@id\":\"https:\/\/www.condorhotel.com\/fr\/emplacement\/#breadcrumb\",\"itemListElement\":[{\"@type\":\"ListItem\",\"position\":1,\"name\":\"Home\",\"item\":\"https:\/\/www.condorhotel.com\/fr\/\"},{\"@type\":\"ListItem\",\"position\":2,\"name\":\"Emplacement\"}]},{\"@type\":\"WebSite\",\"@id\":\"https:\/\/www.condorhotel.com\/fr\/#website\",\"url\":\"https:\/\/www.condorhotel.com\/fr\/\",\"name\":\"Hotel Condor\",\"description\":\"Hotel Condor\",\"potentialAction\":[{\"@type\":\"SearchAction\",\"target\":{\"@type\":\"EntryPoint\",\"urlTemplate\":\"https:\/\/www.condorhotel.com\/fr\/?s={search_term_string}\"},\"query-input\":{\"@type\":\"PropertyValueSpecification\",\"valueRequired\":true,\"valueName\":\"search_term_string\"}}],\"inLanguage\":\"fr-FR\"}]}<\/script>\n<!-- \/ Yoast SEO plugin. -->","yoast_head_json":{"title":"Emplacement - Hotel Condor","description":"Emplacement, Hotel Condor: h\u00f4tel de Taormina donnant sur la mer, \u00e0 quelques pas du centre historique, le th\u00e9\u00e2tre grec et le t\u00e9l\u00e9ph\u00e9rique des plages. Calme, familial.","robots":{"index":"index","follow":"follow","max-snippet":"max-snippet:-1","max-image-preview":"max-image-preview:large","max-video-preview":"max-video-preview:-1"},"canonical":"https:\/\/www.condorhotel.com\/fr\/emplacement\/","og_locale":"fr_FR","og_type":"article","og_title":"Emplacement - Hotel Condor","og_description":"Emplacement, Hotel Condor: h\u00f4tel de Taormina donnant sur la mer, \u00e0 quelques pas du centre historique, le th\u00e9\u00e2tre grec et le t\u00e9l\u00e9ph\u00e9rique des plages. Calme, familial.","og_url":"https:\/\/www.condorhotel.com\/fr\/emplacement\/","og_site_name":"Hotel Condor","article_modified_time":"2016-07-11T10:05:51+00:00","twitter_misc":{"Dur\u00e9e de lecture estim\u00e9e":"3 minutes"},"schema":{"@context":"https:\/\/schema.org","@graph":[{"@type":"WebPage","@id":"https:\/\/www.condorhotel.com\/fr\/emplacement\/","url":"https:\/\/www.condorhotel.com\/fr\/emplacement\/","name":"Emplacement - Hotel Condor","isPartOf":{"@id":"https:\/\/www.condorhotel.com\/fr\/#website"},"datePublished":"2015-04-28T14:39:23+00:00","dateModified":"2016-07-11T10:05:51+00:00","description":"Emplacement, Hotel Condor: h\u00f4tel de Taormina donnant sur la mer, \u00e0 quelques pas du centre historique, le th\u00e9\u00e2tre grec et le t\u00e9l\u00e9ph\u00e9rique des plages. Calme, familial.","breadcrumb":{"@id":"https:\/\/www.condorhotel.com\/fr\/emplacement\/#breadcrumb"},"inLanguage":"fr-FR","potentialAction":[{"@type":"ReadAction","target":["https:\/\/www.condorhotel.com\/fr\/emplacement\/"]}]},{"@type":"BreadcrumbList","@id":"https:\/\/www.condorhotel.com\/fr\/emplacement\/#breadcrumb","itemListElement":[{"@type":"ListItem","position":1,"name":"Home","item":"https:\/\/www.condorhotel.com\/fr\/"},{"@type":"ListItem","position":2,"name":"Emplacement"}]},{"@type":"WebSite","@id":"https:\/\/www.condorhotel.com\/fr\/#website","url":"https:\/\/www.condorhotel.com\/fr\/","name":"Hotel Condor","description":"Hotel Condor","potentialAction":[{"@type":"SearchAction","target":{"@type":"EntryPoint","urlTemplate":"https:\/\/www.condorhotel.com\/fr\/?s={search_term_string}"},"query-input":{"@type":"PropertyValueSpecification","valueRequired":true,"valueName":"search_term_string"}}],"inLanguage":"fr-FR"}]}},"publishpress_future_action":{"enabled":false,"date":"2026-05-06 02:50:15","action":"change-status","newStatus":"draft","terms":[],"taxonomy":"translation_priority","extraData":[]},"publishpress_future_workflow_manual_trigger":{"enabledWorkflows":[]},"_links":{"self":[{"href":"https:\/\/www.condorhotel.com\/fr\/wp-json\/wp\/v2\/pages\/1165","targetHints":{"allow":["GET"]}}],"collection":[{"href":"https:\/\/www.condorhotel.com\/fr\/wp-json\/wp\/v2\/pages"}],"about":[{"href":"https:\/\/www.condorhotel.com\/fr\/wp-json\/wp\/v2\/types\/page"}],"author":[{"embeddable":true,"href":"https:\/\/www.condorhotel.com\/fr\/wp-json\/wp\/v2\/users\/28"}],"replies":[{"embeddable":true,"href":"https:\/\/www.condorhotel.com\/fr\/wp-json\/wp\/v2\/comments?post=1165"}],"version-history":[{"count":5,"href":"https:\/\/www.condorhotel.com\/fr\/wp-json\/wp\/v2\/pages\/1165\/revisions"}],"predecessor-version":[{"id":1572,"href":"https:\/\/www.condorhotel.com\/fr\/wp-json\/wp\/v2\/pages\/1165\/revisions\/1572"}],"wp:attachment":[{"href":"https:\/\/www.condorhotel.com\/fr\/wp-json\/wp\/v2\/media?parent=1165"}],"curies":[{"name":"wp","href":"https:\/\/api.w.org\/{rel}","templated":true}]}}