{"id":1060,"date":"2013-09-03T15:10:23","date_gmt":"2013-09-03T15:10:23","guid":{"rendered":"https:\/\/www.condorhotel.com\/home-7-2\/"},"modified":"2019-01-11T12:01:40","modified_gmt":"2019-01-11T12:01:40","slug":"home-7","status":"publish","type":"page","link":"https:\/\/www.condorhotel.com\/fr\/","title":{"rendered":"Home"},"content":{"rendered":"<div class=\"wrapper\"><div class=\"sinistra\">\r\n<p class=\"testohome\">Parmi les <strong>h\u00f4tels<\/strong> avec <strong>vue sur mer<\/strong> de <strong>Taormine<\/strong>, l\u2019<strong>H\u00f4tel Condor<\/strong> vous propose un accueil exquis \u00e0 deux pas du <strong>centre historique<\/strong>, du <strong>Th\u00e9\u00e2tre Grec<\/strong> et \u00e0 quelques minutes du funiculaire qui m\u00e8ne aux <strong>plages<\/strong>.<\/p>\r\nLes espaces de l\u2019<strong>h\u00f4tel<\/strong>, g\u00e9r\u00e9s avec exp\u00e9rience et cordialit\u00e9 par la famille Spart\u00e0 Longo, sont soign\u00e9s et dot\u00e9s de tout le confort. Ils sont parfaits pour des <strong>vacances<\/strong> agr\u00e9ables \u00e0 <strong>Taormine<\/strong> dans une situation privil\u00e9gi\u00e9e, au calme, loin de l&rsquo;agitation.\r\n\r\nLe splendide <strong>panorama<\/strong> dont on profite des <strong>chambres<\/strong> et des terrasses de l\u2019<strong>H\u00f4tel Condor<\/strong> apportera une note de charme et de po\u00e9sie \u00e0 votre s\u00e9jour \u00e0 <strong>Taormine<\/strong>, la perla de la M\u00e9diterran\u00e9e, \u00e0 deux pas de l&rsquo;une des destinations touristiques les plus pris\u00e9es dans le monde.\r\n\r\n<\/div><div class=\"destra\">\r\n<div id=\"box-offerte\">\r\n<h3>Offres Sp\u00e9ciales<\/h3>\r\n<div class=\"flexslider\" style=\"width:458px;\"><ul class=\"slides\"><li><a href=\"https:\/\/www.condorhotel.com\/fr\/offers\/discover-taormina-and-its-neighborhood\/\"><img loading=\"lazy\" decoding=\"async\" width=\"458\" height=\"300\" src=\"https:\/\/www.condorhotel.com\/wp-content\/uploads\/2015\/04\/DSC_0052-Copia-3-458x300.jpg\" class=\"attachment-slider_medium_large size-slider_medium_large\" alt=\"\" \/><\/a><div class=\"flex-caption\"><div class=\"original-price price-all\"><\/div><div class=\"reducted-price price-all\"><\/div><div class=\"clear\"><\/div><div class=\"clear\"><\/div><div class=\"offer_title\"><a href=\"https:\/\/www.condorhotel.com\/fr\/offers\/discover-taormina-and-its-neighborhood\/\">Discover Taormina and its neighborhood<\/a><\/div><\/div><\/li><li><a href=\"https:\/\/www.condorhotel.com\/fr\/offers\/snorkeling-in-the-marine-park-of-isola-bella\/\"><img loading=\"lazy\" decoding=\"async\" width=\"458\" height=\"300\" src=\"https:\/\/www.condorhotel.com\/wp-content\/uploads\/2018\/04\/3811740720_932b88e7cc_b-458x300.jpg\" class=\"attachment-slider_medium_large size-slider_medium_large\" alt=\"\" srcset=\"https:\/\/www.condorhotel.com\/wp-content\/uploads\/2018\/04\/3811740720_932b88e7cc_b-458x300.jpg 458w, https:\/\/www.condorhotel.com\/wp-content\/uploads\/2018\/04\/3811740720_932b88e7cc_b-96x64.jpg 96w\" sizes=\"auto, (max-width: 458px) 100vw, 458px\" \/><\/a><div class=\"flex-caption\"><div class=\"original-price price-all\"><\/div><div class=\"reducted-price price-all\"><\/div><div class=\"clear\"><\/div><div class=\"clear\"><\/div><div class=\"offer_title\"><a href=\"https:\/\/www.condorhotel.com\/fr\/offers\/snorkeling-in-the-marine-park-of-isola-bella\/\">Snorkeling in the Marine Park of Isola Bella<\/a><\/div><\/div><\/li><li><a href=\"https:\/\/www.condorhotel.com\/fr\/offers\/sicilian-pizza-class\/\"><img loading=\"lazy\" decoding=\"async\" width=\"458\" height=\"300\" src=\"https:\/\/www.condorhotel.com\/wp-content\/uploads\/2018\/04\/homemade-pizza-964958_960_720-458x300.jpg\" class=\"attachment-slider_medium_large size-slider_medium_large\" alt=\"\" srcset=\"https:\/\/www.condorhotel.com\/wp-content\/uploads\/2018\/04\/homemade-pizza-964958_960_720-458x300.jpg 458w, https:\/\/www.condorhotel.com\/wp-content\/uploads\/2018\/04\/homemade-pizza-964958_960_720-96x64.jpg 96w\" sizes=\"auto, (max-width: 458px) 100vw, 458px\" \/><\/a><div class=\"flex-caption\"><div class=\"original-price price-all\"><\/div><div class=\"reducted-price price-all\"><\/div><div class=\"clear\"><\/div><div class=\"clear\"><\/div><div class=\"offer_title\"><a href=\"https:\/\/www.condorhotel.com\/fr\/offers\/sicilian-pizza-class\/\">Sicilian Pizza Class<\/a><\/div><\/div><\/li><\/ul><\/div>\r\n<p class=\"listacompleta\"><a href=\"..\/offres-speciales\/\">Voir la liste compl\u00e8te<\/a><\/p>\r\n\r\n<\/div>\r\n<\/div><\/div>\r\n<div class=\"nelblu\">\r\n\r\n<div class=\"wrapper\">\r\n<div class=\"sinistra\">\r\n<h3>Galerie photo<\/h3>\r\n<a class=\"pulsante\" href=\"..\/galerie-de-photos\/\">Allez \u00e0 la page &gt;<\/a>\r\n\r\n<\/div>\r\n<div class=\"destra\"><a href=\"..\/galerie-de-photos\/\"><img loading=\"lazy\" decoding=\"async\" src=\"https:\/\/www.condorhotel.com\/wp-content\/uploads\/2013\/09\/galleria-thumb.png\" alt=\"galleria-thumb\" width=\"678\" height=\"197\" \/><\/a><\/div>\r\n<\/div>\r\n\r\n<\/div>\r\n<div class=\"tripadvisor\">\r\n\r\n<div class=\"wrapper\">\r\n<h3>\u201cBienvenue chez vous!\u201d<\/h3>\r\n<p class=\"txt-advisor\">Un magnifique petit h\u00f4tel familial id\u00e9alement place, o\u00f9 vous serez accueillis comme si vous faisiez partie de la famille! Benvenuti in Sicilia!\r\nService 4 \u00e9toiles \u00e0 des prix 2 \u00e9toiles! Rien que la terrasse vaut le s\u00e9jour!<\/p>\r\n<p class=\"advisor\">Tripadvisor Traveller<\/p>\r\n<\/div>\r\n\r\n<\/div>\r\n<div class=\"eventi\">\r\n\r\n<div class=\"wrapper\">\r\n<div class=\"sinistra\">\r\n<h3>\u00c9v\u00e9nements \u00e0 Taormine et alentours<\/h3>\r\n<a class=\"pulsante\" href=\"..\/evenements-taormina\">Voir la liste compl\u00e8te &gt;<\/a>\r\n\r\n<\/div>\r\n<div class=\"destra\"><div class=\"gallery-view\"><div class=\"events-package-4\"><div class=\"original-price\"><\/div><div class=\"reducted-price\"><\/div><div class=\"clear\"><\/div><div class=\"events_title\"><a href=\"https:\/\/www.condorhotel.com\/fr\/events\/modigliani-experience-multimedia\/\">Modigliani Experience &#8211; Multimedia<\/a><\/div><div class=\"package-gallery\"><div><\/div><div><\/div><div><\/div><div><\/div><\/div><\/div><div class=\"events-package-4\"><div class=\"fullsliderimg\"><a href=\"https:\/\/www.condorhotel.com\/fr\/events\/max-gazze-taormina\/\"><img loading=\"lazy\" decoding=\"async\" width=\"210\" height=\"210\" src=\"https:\/\/www.condorhotel.com\/wp-content\/uploads\/2016\/08\/MaxGazze-210x210.jpg\" class=\"size-thumbnail\" alt=\"\" srcset=\"https:\/\/www.condorhotel.com\/wp-content\/uploads\/2016\/08\/MaxGazze-210x210.jpg 210w, https:\/\/www.condorhotel.com\/wp-content\/uploads\/2016\/08\/MaxGazze-200x200.jpg 200w, https:\/\/www.condorhotel.com\/wp-content\/uploads\/2016\/08\/MaxGazze-150x150.jpg 150w, https:\/\/www.condorhotel.com\/wp-content\/uploads\/2016\/08\/MaxGazze-32x32.jpg 32w, https:\/\/www.condorhotel.com\/wp-content\/uploads\/2016\/08\/MaxGazze-128x128.jpg 128w, https:\/\/www.condorhotel.com\/wp-content\/uploads\/2016\/08\/MaxGazze-268x268.jpg 268w, https:\/\/www.condorhotel.com\/wp-content\/uploads\/2016\/08\/MaxGazze-458x458.jpg 458w\" sizes=\"auto, (max-width: 210px) 100vw, 210px\" \/><\/a><div class=\"background-events-gallery\"><img decoding=\"async\" src=\"\" ><div class=\"highlight-text-gallery\"><a href=\"https:\/\/www.condorhotel.com\/fr\/events\/max-gazze-taormina\/\">Music<\/a><\/div><\/div><div class=\"background-tag-gallery\"><img decoding=\"async\" src=\"\" ><\/div><\/div><div class=\"original-price\"><\/div><div class=\"reducted-price\"><\/div><div class=\"clear\"><\/div><div class=\"events_title\"><a href=\"https:\/\/www.condorhotel.com\/fr\/events\/max-gazze-taormina\/\">Max Gazz\u00e8 &#8211; Taormina<\/a><\/div><div class=\"package-gallery\"><div><\/div><div><\/div><div><\/div><div><\/div><\/div><\/div><div class=\"events-package-4\"><div class=\"fullsliderimg\"><a href=\"https:\/\/www.condorhotel.com\/fr\/events\/cavalleria-rusticana-ancient-theatre\/\"><img loading=\"lazy\" decoding=\"async\" width=\"210\" height=\"210\" src=\"https:\/\/www.condorhotel.com\/wp-content\/uploads\/2016\/08\/CavalleriaRusticanaAgosto-210x210.jpg\" class=\"size-thumbnail\" alt=\"\" srcset=\"https:\/\/www.condorhotel.com\/wp-content\/uploads\/2016\/08\/CavalleriaRusticanaAgosto-210x210.jpg 210w, https:\/\/www.condorhotel.com\/wp-content\/uploads\/2016\/08\/CavalleriaRusticanaAgosto-200x200.jpg 200w, https:\/\/www.condorhotel.com\/wp-content\/uploads\/2016\/08\/CavalleriaRusticanaAgosto-150x150.jpg 150w, https:\/\/www.condorhotel.com\/wp-content\/uploads\/2016\/08\/CavalleriaRusticanaAgosto-32x32.jpg 32w, https:\/\/www.condorhotel.com\/wp-content\/uploads\/2016\/08\/CavalleriaRusticanaAgosto-128x128.jpg 128w, https:\/\/www.condorhotel.com\/wp-content\/uploads\/2016\/08\/CavalleriaRusticanaAgosto-268x268.jpg 268w, https:\/\/www.condorhotel.com\/wp-content\/uploads\/2016\/08\/CavalleriaRusticanaAgosto-458x458.jpg 458w\" sizes=\"auto, (max-width: 210px) 100vw, 210px\" \/><\/a><div class=\"background-events-gallery\"><img decoding=\"async\" src=\"https:\/\/www.condorhotel.com\/wp-content\/uploads\/2013\/09\/bkg-white704.png\" ><div class=\"highlight-text-gallery\"><a href=\"https:\/\/www.condorhotel.com\/fr\/events\/cavalleria-rusticana-ancient-theatre\/\">Art et culture<\/a><\/div><\/div><div class=\"background-tag-gallery\"><img decoding=\"async\" src=\"https:\/\/www.condorhotel.com\/wp-content\/uploads\/2014\/06\/ArteCultura-e1417525844173.png\" ><\/div><\/div><div class=\"original-price\"><\/div><div class=\"reducted-price\"><\/div><div class=\"clear\"><\/div><div class=\"events_title\"><a href=\"https:\/\/www.condorhotel.com\/fr\/events\/cavalleria-rusticana-ancient-theatre\/\">Cavalleria Rusticana di Pietro Mascagni &#8211; Ancient Theatre<\/a><\/div><div class=\"package-gallery\"><div><\/div><div><\/div><div><\/div><div><\/div><\/div><\/div><\/div><\/div>\r\n<\/div>\r\n\r\n<\/div>","protected":false},"excerpt":{"rendered":"","protected":false},"author":28,"featured_media":0,"parent":0,"menu_order":0,"comment_status":"closed","ping_status":"closed","template":"index.php","meta":{"footnotes":""},"class_list":["post-1060","page","type-page","status-publish","hentry"],"yoast_head":"<!-- This site is optimized with the Yoast SEO plugin v25.6 - https:\/\/yoast.com\/wordpress\/plugins\/seo\/ -->\n<title>H\u00f4tel de Taormina Vue sur la Mer | H\u00f4tel Condor Site officiel<\/title>\n<meta name=\"description\" content=\"H\u00f4tel de Taormina vue sur la mer, \u00e0 quelques pas du centre et du th\u00e9\u00e2tre grec. Entreprise familiale, terrasse sur le toit, excellent emplacement pratique pour rejoindre le t\u00e9l\u00e9ph\u00e9rique.\" \/>\n<meta name=\"robots\" content=\"index, follow, max-snippet:-1, max-image-preview:large, max-video-preview:-1\" \/>\n<link rel=\"canonical\" href=\"https:\/\/www.condorhotel.com\/fr\/\" \/>\n<meta property=\"og:locale\" content=\"fr_FR\" \/>\n<meta property=\"og:type\" content=\"article\" \/>\n<meta property=\"og:title\" content=\"H\u00f4tel de Taormina Vue sur la Mer | H\u00f4tel Condor Site officiel\" \/>\n<meta property=\"og:description\" content=\"H\u00f4tel de Taormina vue sur la mer, \u00e0 quelques pas du centre et du th\u00e9\u00e2tre grec. Entreprise familiale, terrasse sur le toit, excellent emplacement pratique pour rejoindre le t\u00e9l\u00e9ph\u00e9rique.\" \/>\n<meta property=\"og:url\" content=\"https:\/\/www.condorhotel.com\/fr\/\" \/>\n<meta property=\"og:site_name\" content=\"Hotel Condor\" \/>\n<meta property=\"article:modified_time\" content=\"2019-01-11T12:01:40+00:00\" \/>\n<meta property=\"og:image\" content=\"https:\/\/www.condorhotel.com\/wp-content\/uploads\/2013\/09\/galleria-thumb.png\" \/>\n<meta name=\"twitter:label1\" content=\"Dur\u00e9e de lecture estim\u00e9e\" \/>\n\t<meta name=\"twitter:data1\" content=\"1 minute\" \/>\n<script type=\"application\/ld+json\" class=\"yoast-schema-graph\">{\"@context\":\"https:\/\/schema.org\",\"@graph\":[{\"@type\":\"WebPage\",\"@id\":\"https:\/\/www.condorhotel.com\/fr\/\",\"url\":\"https:\/\/www.condorhotel.com\/fr\/\",\"name\":\"H\u00f4tel de Taormina Vue sur la Mer | H\u00f4tel Condor Site officiel\",\"isPartOf\":{\"@id\":\"https:\/\/www.condorhotel.com\/fr\/#website\"},\"primaryImageOfPage\":{\"@id\":\"https:\/\/www.condorhotel.com\/fr\/#primaryimage\"},\"image\":{\"@id\":\"https:\/\/www.condorhotel.com\/fr\/#primaryimage\"},\"thumbnailUrl\":\"https:\/\/www.condorhotel.com\/wp-content\/uploads\/2013\/09\/galleria-thumb.png\",\"datePublished\":\"2013-09-03T15:10:23+00:00\",\"dateModified\":\"2019-01-11T12:01:40+00:00\",\"description\":\"H\u00f4tel de Taormina vue sur la mer, \u00e0 quelques pas du centre et du th\u00e9\u00e2tre grec. Entreprise familiale, terrasse sur le toit, excellent emplacement pratique pour rejoindre le t\u00e9l\u00e9ph\u00e9rique.\",\"breadcrumb\":{\"@id\":\"https:\/\/www.condorhotel.com\/fr\/#breadcrumb\"},\"inLanguage\":\"fr-FR\",\"potentialAction\":[{\"@type\":\"ReadAction\",\"target\":[\"https:\/\/www.condorhotel.com\/fr\/\"]}]},{\"@type\":\"ImageObject\",\"inLanguage\":\"fr-FR\",\"@id\":\"https:\/\/www.condorhotel.com\/fr\/#primaryimage\",\"url\":\"https:\/\/www.condorhotel.com\/wp-content\/uploads\/2013\/09\/galleria-thumb.png\",\"contentUrl\":\"https:\/\/www.condorhotel.com\/wp-content\/uploads\/2013\/09\/galleria-thumb.png\"},{\"@type\":\"BreadcrumbList\",\"@id\":\"https:\/\/www.condorhotel.com\/fr\/#breadcrumb\",\"itemListElement\":[{\"@type\":\"ListItem\",\"position\":1,\"name\":\"Home\",\"item\":\"https:\/\/www.condorhotel.com\/fr\/\"},{\"@type\":\"ListItem\",\"position\":2,\"name\":\"Home\"}]},{\"@type\":\"WebSite\",\"@id\":\"https:\/\/www.condorhotel.com\/fr\/#website\",\"url\":\"https:\/\/www.condorhotel.com\/fr\/\",\"name\":\"Hotel Condor\",\"description\":\"Hotel Condor\",\"potentialAction\":[{\"@type\":\"SearchAction\",\"target\":{\"@type\":\"EntryPoint\",\"urlTemplate\":\"https:\/\/www.condorhotel.com\/fr\/?s={search_term_string}\"},\"query-input\":{\"@type\":\"PropertyValueSpecification\",\"valueRequired\":true,\"valueName\":\"search_term_string\"}}],\"inLanguage\":\"fr-FR\"}]}<\/script>\n<!-- \/ Yoast SEO plugin. -->","yoast_head_json":{"title":"H\u00f4tel de Taormina Vue sur la Mer | H\u00f4tel Condor Site officiel","description":"H\u00f4tel de Taormina vue sur la mer, \u00e0 quelques pas du centre et du th\u00e9\u00e2tre grec. Entreprise familiale, terrasse sur le toit, excellent emplacement pratique pour rejoindre le t\u00e9l\u00e9ph\u00e9rique.","robots":{"index":"index","follow":"follow","max-snippet":"max-snippet:-1","max-image-preview":"max-image-preview:large","max-video-preview":"max-video-preview:-1"},"canonical":"https:\/\/www.condorhotel.com\/fr\/","og_locale":"fr_FR","og_type":"article","og_title":"H\u00f4tel de Taormina Vue sur la Mer | H\u00f4tel Condor Site officiel","og_description":"H\u00f4tel de Taormina vue sur la mer, \u00e0 quelques pas du centre et du th\u00e9\u00e2tre grec. Entreprise familiale, terrasse sur le toit, excellent emplacement pratique pour rejoindre le t\u00e9l\u00e9ph\u00e9rique.","og_url":"https:\/\/www.condorhotel.com\/fr\/","og_site_name":"Hotel Condor","article_modified_time":"2019-01-11T12:01:40+00:00","og_image":[{"url":"https:\/\/www.condorhotel.com\/wp-content\/uploads\/2013\/09\/galleria-thumb.png","type":"","width":"","height":""}],"twitter_misc":{"Dur\u00e9e de lecture estim\u00e9e":"1 minute"},"schema":{"@context":"https:\/\/schema.org","@graph":[{"@type":"WebPage","@id":"https:\/\/www.condorhotel.com\/fr\/","url":"https:\/\/www.condorhotel.com\/fr\/","name":"H\u00f4tel de Taormina Vue sur la Mer | H\u00f4tel Condor Site officiel","isPartOf":{"@id":"https:\/\/www.condorhotel.com\/fr\/#website"},"primaryImageOfPage":{"@id":"https:\/\/www.condorhotel.com\/fr\/#primaryimage"},"image":{"@id":"https:\/\/www.condorhotel.com\/fr\/#primaryimage"},"thumbnailUrl":"https:\/\/www.condorhotel.com\/wp-content\/uploads\/2013\/09\/galleria-thumb.png","datePublished":"2013-09-03T15:10:23+00:00","dateModified":"2019-01-11T12:01:40+00:00","description":"H\u00f4tel de Taormina vue sur la mer, \u00e0 quelques pas du centre et du th\u00e9\u00e2tre grec. Entreprise familiale, terrasse sur le toit, excellent emplacement pratique pour rejoindre le t\u00e9l\u00e9ph\u00e9rique.","breadcrumb":{"@id":"https:\/\/www.condorhotel.com\/fr\/#breadcrumb"},"inLanguage":"fr-FR","potentialAction":[{"@type":"ReadAction","target":["https:\/\/www.condorhotel.com\/fr\/"]}]},{"@type":"ImageObject","inLanguage":"fr-FR","@id":"https:\/\/www.condorhotel.com\/fr\/#primaryimage","url":"https:\/\/www.condorhotel.com\/wp-content\/uploads\/2013\/09\/galleria-thumb.png","contentUrl":"https:\/\/www.condorhotel.com\/wp-content\/uploads\/2013\/09\/galleria-thumb.png"},{"@type":"BreadcrumbList","@id":"https:\/\/www.condorhotel.com\/fr\/#breadcrumb","itemListElement":[{"@type":"ListItem","position":1,"name":"Home","item":"https:\/\/www.condorhotel.com\/fr\/"},{"@type":"ListItem","position":2,"name":"Home"}]},{"@type":"WebSite","@id":"https:\/\/www.condorhotel.com\/fr\/#website","url":"https:\/\/www.condorhotel.com\/fr\/","name":"Hotel Condor","description":"Hotel Condor","potentialAction":[{"@type":"SearchAction","target":{"@type":"EntryPoint","urlTemplate":"https:\/\/www.condorhotel.com\/fr\/?s={search_term_string}"},"query-input":{"@type":"PropertyValueSpecification","valueRequired":true,"valueName":"search_term_string"}}],"inLanguage":"fr-FR"}]}},"publishpress_future_action":{"enabled":false,"date":"2026-05-09 08:41:19","action":"change-status","newStatus":"draft","terms":[],"taxonomy":"translation_priority","extraData":[]},"publishpress_future_workflow_manual_trigger":{"enabledWorkflows":[]},"_links":{"self":[{"href":"https:\/\/www.condorhotel.com\/fr\/wp-json\/wp\/v2\/pages\/1060","targetHints":{"allow":["GET"]}}],"collection":[{"href":"https:\/\/www.condorhotel.com\/fr\/wp-json\/wp\/v2\/pages"}],"about":[{"href":"https:\/\/www.condorhotel.com\/fr\/wp-json\/wp\/v2\/types\/page"}],"author":[{"embeddable":true,"href":"https:\/\/www.condorhotel.com\/fr\/wp-json\/wp\/v2\/users\/28"}],"replies":[{"embeddable":true,"href":"https:\/\/www.condorhotel.com\/fr\/wp-json\/wp\/v2\/comments?post=1060"}],"version-history":[{"count":12,"href":"https:\/\/www.condorhotel.com\/fr\/wp-json\/wp\/v2\/pages\/1060\/revisions"}],"predecessor-version":[{"id":2326,"href":"https:\/\/www.condorhotel.com\/fr\/wp-json\/wp\/v2\/pages\/1060\/revisions\/2326"}],"wp:attachment":[{"href":"https:\/\/www.condorhotel.com\/fr\/wp-json\/wp\/v2\/media?parent=1060"}],"curies":[{"name":"wp","href":"https:\/\/api.w.org\/{rel}","templated":true}]}}