{"id":1112,"date":"2015-04-28T14:39:49","date_gmt":"2015-04-28T14:39:49","guid":{"rendered":"https:\/\/www.condorhotel.com\/descrizione-2\/"},"modified":"2024-05-10T09:53:12","modified_gmt":"2024-05-10T09:53:12","slug":"descripcion","status":"publish","type":"page","link":"https:\/\/www.condorhotel.com\/es\/descripcion\/","title":{"rendered":"Descripci\u00f3n"},"content":{"rendered":"<div class=\"wrapper\"><div class=\"sinistra\">\n<h1>Descripci\u00f3n<\/h1>\nEl recibimiento que Os ofrece el Hotel Condor es el fruto de una experiencia y de una pasi\u00f2n con las que la familia Spart\u00e0-Longo recibe sus hu\u00e9spedes desde hace m\u00e0s que 50 a\u00f1os.\n\nEl hotel se encuentra en una posici\u00f2n tranquila y panor\u00e0mica, tiene unas habitaciones dobles standard con vistas al mar, unas habitaciones dobles y triples superior con balc\u00f2n y vistas al mar y unas habitaciones dobles basic con vistas al interior.\n\nTodas las habitaciones est\u00e0n dotadas de ba\u00f1os privados con ducha y secador del pelo, aire acondicionado, televisi\u00f2n y telefono de l\u00ecnea directa.\n\nEn la terraza panor\u00e0mica de la primera planta, durante la buena estaci\u00f2n, est\u00e0 servido el desayuno continental, mientras la terraza sol\u00e0rium de la segunda planta est\u00e0 equiparada con camitas de playa y ducha.\n\n<hr \/>\n\n<h2>Galer\u00eda<\/h2>\n<div class=\"minigallery2\">\n\n\n\t\t<style type=\"text\/css\">\n\t\t\t#gallery-1 {\n\t\t\t\tmargin: auto;\n\t\t\t}\n\t\t\t#gallery-1 .gallery-item {\n\t\t\t\tfloat: left;\n\t\t\t\tmargin-top: 10px;\n\t\t\t\ttext-align: center;\n\t\t\t\twidth: 50%;\n\t\t\t}\n\t\t\t#gallery-1 img {\n\t\t\t\tborder: 2px solid #cfcfcf;\n\t\t\t}\n\t\t\t#gallery-1 .gallery-caption {\n\t\t\t\tmargin-left: 0;\n\t\t\t}\n\t\t\t\/* see gallery_shortcode() in wp-includes\/media.php *\/\n\t\t<\/style>\n\t\t<div id='gallery-1' class='gallery galleryid-1112 gallery-columns-2 gallery-size-thumbnail'><dl class='gallery-item'>\n\t\t\t<dt class='gallery-icon portrait'>\n\t\t\t\t<a href='https:\/\/www.condorhotel.com\/wp-content\/uploads\/2015\/04\/facc-est-nottt.jpg'><img loading=\"lazy\" decoding=\"async\" width=\"200\" height=\"200\" src=\"https:\/\/www.condorhotel.com\/wp-content\/uploads\/2015\/04\/facc-est-nottt-200x200.jpg\" class=\"attachment-thumbnail size-thumbnail\" alt=\"\" srcset=\"https:\/\/www.condorhotel.com\/wp-content\/uploads\/2015\/04\/facc-est-nottt-200x200.jpg 200w, https:\/\/www.condorhotel.com\/wp-content\/uploads\/2015\/04\/facc-est-nottt-150x150.jpg 150w, https:\/\/www.condorhotel.com\/wp-content\/uploads\/2015\/04\/facc-est-nottt-32x32.jpg 32w, https:\/\/www.condorhotel.com\/wp-content\/uploads\/2015\/04\/facc-est-nottt-128x128.jpg 128w, https:\/\/www.condorhotel.com\/wp-content\/uploads\/2015\/04\/facc-est-nottt-210x210.jpg 210w, https:\/\/www.condorhotel.com\/wp-content\/uploads\/2015\/04\/facc-est-nottt-268x268.jpg 268w, https:\/\/www.condorhotel.com\/wp-content\/uploads\/2015\/04\/facc-est-nottt-458x458.jpg 458w\" sizes=\"auto, (max-width: 200px) 100vw, 200px\" \/><\/a>\n\t\t\t<\/dt><\/dl><dl class='gallery-item'>\n\t\t\t<dt class='gallery-icon landscape'>\n\t\t\t\t<a href='https:\/\/www.condorhotel.com\/wp-content\/uploads\/2015\/04\/foto-hotel-125.jpg'><img loading=\"lazy\" decoding=\"async\" width=\"200\" height=\"200\" src=\"https:\/\/www.condorhotel.com\/wp-content\/uploads\/2015\/04\/foto-hotel-125-200x200.jpg\" class=\"attachment-thumbnail size-thumbnail\" alt=\"\" srcset=\"https:\/\/www.condorhotel.com\/wp-content\/uploads\/2015\/04\/foto-hotel-125-200x200.jpg 200w, https:\/\/www.condorhotel.com\/wp-content\/uploads\/2015\/04\/foto-hotel-125-150x150.jpg 150w, https:\/\/www.condorhotel.com\/wp-content\/uploads\/2015\/04\/foto-hotel-125-32x32.jpg 32w, https:\/\/www.condorhotel.com\/wp-content\/uploads\/2015\/04\/foto-hotel-125-128x128.jpg 128w, https:\/\/www.condorhotel.com\/wp-content\/uploads\/2015\/04\/foto-hotel-125-210x210.jpg 210w, https:\/\/www.condorhotel.com\/wp-content\/uploads\/2015\/04\/foto-hotel-125-268x268.jpg 268w, https:\/\/www.condorhotel.com\/wp-content\/uploads\/2015\/04\/foto-hotel-125-458x458.jpg 458w\" sizes=\"auto, (max-width: 200px) 100vw, 200px\" \/><\/a>\n\t\t\t<\/dt><\/dl><br style=\"clear: both\" \/><dl class='gallery-item'>\n\t\t\t<dt class='gallery-icon landscape'>\n\t\t\t\t<a href='https:\/\/www.condorhotel.com\/wp-content\/uploads\/2015\/04\/IMG_0395-3.jpg'><img loading=\"lazy\" decoding=\"async\" width=\"200\" height=\"200\" src=\"https:\/\/www.condorhotel.com\/wp-content\/uploads\/2015\/04\/IMG_0395-3-200x200.jpg\" class=\"attachment-thumbnail size-thumbnail\" alt=\"\" srcset=\"https:\/\/www.condorhotel.com\/wp-content\/uploads\/2015\/04\/IMG_0395-3-200x200.jpg 200w, https:\/\/www.condorhotel.com\/wp-content\/uploads\/2015\/04\/IMG_0395-3-150x150.jpg 150w, https:\/\/www.condorhotel.com\/wp-content\/uploads\/2015\/04\/IMG_0395-3-32x32.jpg 32w, https:\/\/www.condorhotel.com\/wp-content\/uploads\/2015\/04\/IMG_0395-3-128x128.jpg 128w, https:\/\/www.condorhotel.com\/wp-content\/uploads\/2015\/04\/IMG_0395-3-210x210.jpg 210w, https:\/\/www.condorhotel.com\/wp-content\/uploads\/2015\/04\/IMG_0395-3-268x268.jpg 268w, https:\/\/www.condorhotel.com\/wp-content\/uploads\/2015\/04\/IMG_0395-3-458x458.jpg 458w\" sizes=\"auto, (max-width: 200px) 100vw, 200px\" \/><\/a>\n\t\t\t<\/dt><\/dl><dl class='gallery-item'>\n\t\t\t<dt class='gallery-icon landscape'>\n\t\t\t\t<a href='https:\/\/www.condorhotel.com\/wp-content\/uploads\/2015\/04\/Solarium.jpg'><img loading=\"lazy\" decoding=\"async\" width=\"200\" height=\"200\" src=\"https:\/\/www.condorhotel.com\/wp-content\/uploads\/2015\/04\/Solarium-200x200.jpg\" class=\"attachment-thumbnail size-thumbnail\" alt=\"\" srcset=\"https:\/\/www.condorhotel.com\/wp-content\/uploads\/2015\/04\/Solarium-200x200.jpg 200w, https:\/\/www.condorhotel.com\/wp-content\/uploads\/2015\/04\/Solarium-150x150.jpg 150w, https:\/\/www.condorhotel.com\/wp-content\/uploads\/2015\/04\/Solarium-32x32.jpg 32w, https:\/\/www.condorhotel.com\/wp-content\/uploads\/2015\/04\/Solarium-128x128.jpg 128w, https:\/\/www.condorhotel.com\/wp-content\/uploads\/2015\/04\/Solarium-210x210.jpg 210w, https:\/\/www.condorhotel.com\/wp-content\/uploads\/2015\/04\/Solarium-268x268.jpg 268w, https:\/\/www.condorhotel.com\/wp-content\/uploads\/2015\/04\/Solarium-458x458.jpg 458w\" sizes=\"auto, (max-width: 200px) 100vw, 200px\" \/><\/a>\n\t\t\t<\/dt><\/dl><br style=\"clear: both\" \/><dl class='gallery-item'>\n\t\t\t<dt class='gallery-icon landscape'>\n\t\t\t\t<a href='https:\/\/www.condorhotel.com\/wp-content\/uploads\/2015\/04\/saletta2-2.jpg'><img loading=\"lazy\" decoding=\"async\" width=\"200\" height=\"200\" src=\"https:\/\/www.condorhotel.com\/wp-content\/uploads\/2015\/04\/saletta2-2-200x200.jpg\" class=\"attachment-thumbnail size-thumbnail\" alt=\"\" srcset=\"https:\/\/www.condorhotel.com\/wp-content\/uploads\/2015\/04\/saletta2-2-200x200.jpg 200w, https:\/\/www.condorhotel.com\/wp-content\/uploads\/2015\/04\/saletta2-2-150x150.jpg 150w, https:\/\/www.condorhotel.com\/wp-content\/uploads\/2015\/04\/saletta2-2-32x32.jpg 32w, https:\/\/www.condorhotel.com\/wp-content\/uploads\/2015\/04\/saletta2-2-128x128.jpg 128w, https:\/\/www.condorhotel.com\/wp-content\/uploads\/2015\/04\/saletta2-2-210x210.jpg 210w, https:\/\/www.condorhotel.com\/wp-content\/uploads\/2015\/04\/saletta2-2-268x268.jpg 268w\" sizes=\"auto, (max-width: 200px) 100vw, 200px\" \/><\/a>\n\t\t\t<\/dt><\/dl><dl class='gallery-item'>\n\t\t\t<dt class='gallery-icon landscape'>\n\t\t\t\t<a href='https:\/\/www.condorhotel.com\/wp-content\/uploads\/2015\/04\/DSC_0202.jpg'><img loading=\"lazy\" decoding=\"async\" width=\"200\" height=\"200\" src=\"https:\/\/www.condorhotel.com\/wp-content\/uploads\/2015\/04\/DSC_0202-200x200.jpg\" class=\"attachment-thumbnail size-thumbnail\" alt=\"\" srcset=\"https:\/\/www.condorhotel.com\/wp-content\/uploads\/2015\/04\/DSC_0202-200x200.jpg 200w, https:\/\/www.condorhotel.com\/wp-content\/uploads\/2015\/04\/DSC_0202-150x150.jpg 150w, https:\/\/www.condorhotel.com\/wp-content\/uploads\/2015\/04\/DSC_0202-32x32.jpg 32w, https:\/\/www.condorhotel.com\/wp-content\/uploads\/2015\/04\/DSC_0202-128x128.jpg 128w, https:\/\/www.condorhotel.com\/wp-content\/uploads\/2015\/04\/DSC_0202-210x210.jpg 210w, https:\/\/www.condorhotel.com\/wp-content\/uploads\/2015\/04\/DSC_0202-268x268.jpg 268w, https:\/\/www.condorhotel.com\/wp-content\/uploads\/2015\/04\/DSC_0202-458x458.jpg 458w\" sizes=\"auto, (max-width: 200px) 100vw, 200px\" \/><\/a>\n\t\t\t<\/dt><\/dl><br style=\"clear: both\" \/>\n\t\t<\/div>\n\n\n<\/div>\n<\/div><div class=\"destra\">\n<div id=\"box-offerte\">\n<h3>Ofertas especiales<\/h3>\n<div class=\"flexslider\" style=\"width:458px;\"><ul class=\"slides\"><li><a href=\"https:\/\/www.condorhotel.com\/es\/offers\/discover-taormina-and-its-neighborhood\/\"><img loading=\"lazy\" decoding=\"async\" width=\"458\" height=\"300\" src=\"https:\/\/www.condorhotel.com\/wp-content\/uploads\/2015\/04\/DSC_0052-Copia-3-458x300.jpg\" class=\"attachment-slider_medium_large size-slider_medium_large\" alt=\"\" \/><\/a><div class=\"flex-caption\"><div class=\"original-price price-all\"><\/div><div class=\"reducted-price price-all\"><\/div><div class=\"clear\"><\/div><div class=\"clear\"><\/div><div class=\"offer_title\"><a href=\"https:\/\/www.condorhotel.com\/es\/offers\/discover-taormina-and-its-neighborhood\/\">Discover Taormina and its neighborhood<\/a><\/div><\/div><\/li><li><a href=\"https:\/\/www.condorhotel.com\/es\/offers\/snorkeling-in-the-marine-park-of-isola-bella\/\"><img loading=\"lazy\" decoding=\"async\" width=\"458\" height=\"300\" src=\"https:\/\/www.condorhotel.com\/wp-content\/uploads\/2018\/04\/3811740720_932b88e7cc_b-458x300.jpg\" class=\"attachment-slider_medium_large size-slider_medium_large\" alt=\"\" srcset=\"https:\/\/www.condorhotel.com\/wp-content\/uploads\/2018\/04\/3811740720_932b88e7cc_b-458x300.jpg 458w, https:\/\/www.condorhotel.com\/wp-content\/uploads\/2018\/04\/3811740720_932b88e7cc_b-96x64.jpg 96w\" sizes=\"auto, (max-width: 458px) 100vw, 458px\" \/><\/a><div class=\"flex-caption\"><div class=\"original-price price-all\"><\/div><div class=\"reducted-price price-all\"><\/div><div class=\"clear\"><\/div><div class=\"clear\"><\/div><div class=\"offer_title\"><a href=\"https:\/\/www.condorhotel.com\/es\/offers\/snorkeling-in-the-marine-park-of-isola-bella\/\">Snorkeling in the Marine Park of Isola Bella<\/a><\/div><\/div><\/li><\/ul><\/div>\n<p class=\"listacompleta\"><a href=\"..\/ofertas-especiales\/\">Ir a la lista completa<\/a><\/p>\n\n<\/div>\n\n<hr \/>\n\n<h3>Los Otros Servicios Ofrecidos Son Los Siguientes<\/h3>\n<ul class=\"verticale\">\n \t<li>Desayuno (de 7,30 a 10,00 horas)<\/li>\n \t<li>Terraza Bar<\/li>\n \t<li>Aparcamento privado y Garage, ambos de pago<\/li>\n \t<li>Traslado desde \/ al aeropuerto<\/li>\n \t<li>Servicio de transporte a \/ desde la playa<\/li>\n \t<li>Informaciones Turisticas<\/li>\n \t<li>Reservaciones para excursiones<\/li>\n \t<li>Wi-Fi en todo el hotel<\/li>\n \t<li>Conexi\u00f2n rapida a internet por su proprio ordenador<\/li>\n \t<li>Ascensor<\/li>\n \t<li>Caja-fuerte<\/li>\n \t<li>Terraza panor\u00e0mica con vistas al mar y a los montes<\/li>\n \t<li>Solarium<\/li>\n \t<li>Sal\u00f3n<\/li>\n \t<li>TV v\u00eda sat\u00e9lite con teletexto<\/li>\n \t<li>Sala de Internet<\/li>\n \t<li>Business Center<\/li>\n<\/ul>\n\n<hr \/>\n\n<iframe loading=\"lazy\" src=\"https:\/\/www.condorhotel.com\/wp-content\/themes\/condorhotel\/facebook.htm\" width=\"465\" height=\"550\" frameborder=\"0\" scrolling=\"0\">\n<\/iframe>\n\n<\/div>\n\n<hr \/>\n\n<h2>Virtual Tour<\/h2>\n<iframe loading=\"lazy\" style=\"border: 0;\" src=\"https:\/\/www.google.com\/maps\/embed?pb=!1m0!3m2!1sit!2sit!4v1430402574750!6m8!1m7!1s0Sv8G4YJMfmFEbeDDwB5zQ!2m2!1d37.856874!2d15.286142!3f60!4f0!5f1.4214797185029173\" width=\"940\" height=\"400\" frameborder=\"0\"><\/iframe>\n\n<br clear=\"all\" \/><\/div>\n<div class=\"nelblu\"><div class=\"wrapper\">\n<div class=\"sinistra\">\n<h3>Galer\u00eda fotogr\u00e1fica<\/h3>\n<a class=\"pulsante\" href=\"..\/galeria-de-fotos\/\">Ir a la p\u00e1gina &gt;<\/a>\n\n<\/div>\n<div class=\"destra\"><a href=\"..\/galeria-de-fotos\/\"><img loading=\"lazy\" decoding=\"async\" src=\"https:\/\/www.condorhotel.com\/wp-content\/uploads\/2013\/09\/galleria-thumb.png\" alt=\"galleria-thumb\" width=\"678\" height=\"197\" \/><\/a><\/div>\n<\/div>\n\n<\/div>","protected":false},"excerpt":{"rendered":"","protected":false},"author":28,"featured_media":0,"parent":0,"menu_order":0,"comment_status":"closed","ping_status":"closed","template":"page-monocolonna.php","meta":{"footnotes":""},"class_list":["post-1112","page","type-page","status-publish","hentry"],"yoast_head":"<!-- This site is optimized with the Yoast SEO plugin v25.6 - https:\/\/yoast.com\/wordpress\/plugins\/seo\/ -->\n<title>Descripci\u00f3n - Hotel Condor<\/title>\n<meta name=\"description\" content=\"Descripci\u00f3n, Hotel Condor: hotel de Taormina con vistas al mar, a pocos pasos del centro hist\u00f3rico, el teatro griego y el telef\u00e9rico de las playas. Tranquilo, de gesti\u00f3n familiar.\" \/>\n<meta name=\"robots\" content=\"index, follow, max-snippet:-1, max-image-preview:large, max-video-preview:-1\" \/>\n<link rel=\"canonical\" href=\"https:\/\/www.condorhotel.com\/es\/descripcion\/\" \/>\n<meta property=\"og:locale\" content=\"es_ES\" \/>\n<meta property=\"og:type\" content=\"article\" \/>\n<meta property=\"og:title\" content=\"Descripci\u00f3n - Hotel Condor\" \/>\n<meta property=\"og:description\" content=\"Descripci\u00f3n, Hotel Condor: hotel de Taormina con vistas al mar, a pocos pasos del centro hist\u00f3rico, el teatro griego y el telef\u00e9rico de las playas. Tranquilo, de gesti\u00f3n familiar.\" \/>\n<meta property=\"og:url\" content=\"https:\/\/www.condorhotel.com\/es\/descripcion\/\" \/>\n<meta property=\"og:site_name\" content=\"Hotel Condor\" \/>\n<meta property=\"article:modified_time\" content=\"2024-05-10T09:53:12+00:00\" \/>\n<meta property=\"og:image\" content=\"https:\/\/www.condorhotel.com\/wp-content\/uploads\/2013\/09\/galleria-thumb.png\" \/>\n<meta name=\"twitter:label1\" content=\"Tiempo de lectura\" \/>\n\t<meta name=\"twitter:data1\" content=\"2 minutos\" \/>\n<script type=\"application\/ld+json\" class=\"yoast-schema-graph\">{\"@context\":\"https:\/\/schema.org\",\"@graph\":[{\"@type\":\"WebPage\",\"@id\":\"https:\/\/www.condorhotel.com\/es\/descripcion\/\",\"url\":\"https:\/\/www.condorhotel.com\/es\/descripcion\/\",\"name\":\"Descripci\u00f3n - Hotel Condor\",\"isPartOf\":{\"@id\":\"https:\/\/www.condorhotel.com\/es\/#website\"},\"primaryImageOfPage\":{\"@id\":\"https:\/\/www.condorhotel.com\/es\/descripcion\/#primaryimage\"},\"image\":{\"@id\":\"https:\/\/www.condorhotel.com\/es\/descripcion\/#primaryimage\"},\"thumbnailUrl\":\"https:\/\/www.condorhotel.com\/wp-content\/uploads\/2013\/09\/galleria-thumb.png\",\"datePublished\":\"2015-04-28T14:39:49+00:00\",\"dateModified\":\"2024-05-10T09:53:12+00:00\",\"description\":\"Descripci\u00f3n, Hotel Condor: hotel de Taormina con vistas al mar, a pocos pasos del centro hist\u00f3rico, el teatro griego y el telef\u00e9rico de las playas. Tranquilo, de gesti\u00f3n familiar.\",\"breadcrumb\":{\"@id\":\"https:\/\/www.condorhotel.com\/es\/descripcion\/#breadcrumb\"},\"inLanguage\":\"es\",\"potentialAction\":[{\"@type\":\"ReadAction\",\"target\":[\"https:\/\/www.condorhotel.com\/es\/descripcion\/\"]}]},{\"@type\":\"ImageObject\",\"inLanguage\":\"es\",\"@id\":\"https:\/\/www.condorhotel.com\/es\/descripcion\/#primaryimage\",\"url\":\"https:\/\/www.condorhotel.com\/wp-content\/uploads\/2013\/09\/galleria-thumb.png\",\"contentUrl\":\"https:\/\/www.condorhotel.com\/wp-content\/uploads\/2013\/09\/galleria-thumb.png\"},{\"@type\":\"BreadcrumbList\",\"@id\":\"https:\/\/www.condorhotel.com\/es\/descripcion\/#breadcrumb\",\"itemListElement\":[{\"@type\":\"ListItem\",\"position\":1,\"name\":\"Home\",\"item\":\"https:\/\/www.condorhotel.com\/es\/\"},{\"@type\":\"ListItem\",\"position\":2,\"name\":\"Descripci\u00f3n\"}]},{\"@type\":\"WebSite\",\"@id\":\"https:\/\/www.condorhotel.com\/es\/#website\",\"url\":\"https:\/\/www.condorhotel.com\/es\/\",\"name\":\"Hotel Condor\",\"description\":\"Hotel Condor\",\"potentialAction\":[{\"@type\":\"SearchAction\",\"target\":{\"@type\":\"EntryPoint\",\"urlTemplate\":\"https:\/\/www.condorhotel.com\/es\/?s={search_term_string}\"},\"query-input\":{\"@type\":\"PropertyValueSpecification\",\"valueRequired\":true,\"valueName\":\"search_term_string\"}}],\"inLanguage\":\"es\"}]}<\/script>\n<!-- \/ Yoast SEO plugin. -->","yoast_head_json":{"title":"Descripci\u00f3n - Hotel Condor","description":"Descripci\u00f3n, Hotel Condor: hotel de Taormina con vistas al mar, a pocos pasos del centro hist\u00f3rico, el teatro griego y el telef\u00e9rico de las playas. Tranquilo, de gesti\u00f3n familiar.","robots":{"index":"index","follow":"follow","max-snippet":"max-snippet:-1","max-image-preview":"max-image-preview:large","max-video-preview":"max-video-preview:-1"},"canonical":"https:\/\/www.condorhotel.com\/es\/descripcion\/","og_locale":"es_ES","og_type":"article","og_title":"Descripci\u00f3n - Hotel Condor","og_description":"Descripci\u00f3n, Hotel Condor: hotel de Taormina con vistas al mar, a pocos pasos del centro hist\u00f3rico, el teatro griego y el telef\u00e9rico de las playas. Tranquilo, de gesti\u00f3n familiar.","og_url":"https:\/\/www.condorhotel.com\/es\/descripcion\/","og_site_name":"Hotel Condor","article_modified_time":"2024-05-10T09:53:12+00:00","og_image":[{"url":"https:\/\/www.condorhotel.com\/wp-content\/uploads\/2013\/09\/galleria-thumb.png","type":"","width":"","height":""}],"twitter_misc":{"Tiempo de lectura":"2 minutos"},"schema":{"@context":"https:\/\/schema.org","@graph":[{"@type":"WebPage","@id":"https:\/\/www.condorhotel.com\/es\/descripcion\/","url":"https:\/\/www.condorhotel.com\/es\/descripcion\/","name":"Descripci\u00f3n - Hotel Condor","isPartOf":{"@id":"https:\/\/www.condorhotel.com\/es\/#website"},"primaryImageOfPage":{"@id":"https:\/\/www.condorhotel.com\/es\/descripcion\/#primaryimage"},"image":{"@id":"https:\/\/www.condorhotel.com\/es\/descripcion\/#primaryimage"},"thumbnailUrl":"https:\/\/www.condorhotel.com\/wp-content\/uploads\/2013\/09\/galleria-thumb.png","datePublished":"2015-04-28T14:39:49+00:00","dateModified":"2024-05-10T09:53:12+00:00","description":"Descripci\u00f3n, Hotel Condor: hotel de Taormina con vistas al mar, a pocos pasos del centro hist\u00f3rico, el teatro griego y el telef\u00e9rico de las playas. Tranquilo, de gesti\u00f3n familiar.","breadcrumb":{"@id":"https:\/\/www.condorhotel.com\/es\/descripcion\/#breadcrumb"},"inLanguage":"es","potentialAction":[{"@type":"ReadAction","target":["https:\/\/www.condorhotel.com\/es\/descripcion\/"]}]},{"@type":"ImageObject","inLanguage":"es","@id":"https:\/\/www.condorhotel.com\/es\/descripcion\/#primaryimage","url":"https:\/\/www.condorhotel.com\/wp-content\/uploads\/2013\/09\/galleria-thumb.png","contentUrl":"https:\/\/www.condorhotel.com\/wp-content\/uploads\/2013\/09\/galleria-thumb.png"},{"@type":"BreadcrumbList","@id":"https:\/\/www.condorhotel.com\/es\/descripcion\/#breadcrumb","itemListElement":[{"@type":"ListItem","position":1,"name":"Home","item":"https:\/\/www.condorhotel.com\/es\/"},{"@type":"ListItem","position":2,"name":"Descripci\u00f3n"}]},{"@type":"WebSite","@id":"https:\/\/www.condorhotel.com\/es\/#website","url":"https:\/\/www.condorhotel.com\/es\/","name":"Hotel Condor","description":"Hotel Condor","potentialAction":[{"@type":"SearchAction","target":{"@type":"EntryPoint","urlTemplate":"https:\/\/www.condorhotel.com\/es\/?s={search_term_string}"},"query-input":{"@type":"PropertyValueSpecification","valueRequired":true,"valueName":"search_term_string"}}],"inLanguage":"es"}]}},"publishpress_future_action":{"enabled":false,"date":"2026-05-08 07:13:36","action":"change-status","newStatus":"draft","terms":[],"taxonomy":"translation_priority","extraData":[]},"publishpress_future_workflow_manual_trigger":{"enabledWorkflows":[]},"_links":{"self":[{"href":"https:\/\/www.condorhotel.com\/es\/wp-json\/wp\/v2\/pages\/1112","targetHints":{"allow":["GET"]}}],"collection":[{"href":"https:\/\/www.condorhotel.com\/es\/wp-json\/wp\/v2\/pages"}],"about":[{"href":"https:\/\/www.condorhotel.com\/es\/wp-json\/wp\/v2\/types\/page"}],"author":[{"embeddable":true,"href":"https:\/\/www.condorhotel.com\/es\/wp-json\/wp\/v2\/users\/28"}],"replies":[{"embeddable":true,"href":"https:\/\/www.condorhotel.com\/es\/wp-json\/wp\/v2\/comments?post=1112"}],"version-history":[{"count":7,"href":"https:\/\/www.condorhotel.com\/es\/wp-json\/wp\/v2\/pages\/1112\/revisions"}],"predecessor-version":[{"id":4187,"href":"https:\/\/www.condorhotel.com\/es\/wp-json\/wp\/v2\/pages\/1112\/revisions\/4187"}],"wp:attachment":[{"href":"https:\/\/www.condorhotel.com\/es\/wp-json\/wp\/v2\/media?parent=1112"}],"curies":[{"name":"wp","href":"https:\/\/api.w.org\/{rel}","templated":true}]}}