{"id":1062,"date":"2013-09-03T15:10:23","date_gmt":"2013-09-03T15:10:23","guid":{"rendered":"https:\/\/www.condorhotel.com\/home-7-2\/"},"modified":"2019-01-11T12:01:28","modified_gmt":"2019-01-11T12:01:28","slug":"home-7","status":"publish","type":"page","link":"https:\/\/www.condorhotel.com\/es\/","title":{"rendered":"Home"},"content":{"rendered":"<div class=\"wrapper\"><div class=\"sinistra\">\r\n<p class=\"testohome\">Entre los <strong>hoteles<\/strong> con <strong>vistas al mar<\/strong> en <strong>Taormina<\/strong>, el <strong>Hotel Condor<\/strong> le ofrece una exquisita acogida a dos pasos del <strong>centro hist\u00f3rico<\/strong>, del <strong>teatro griego<\/strong> y a pocos minutos del telef\u00e9rico que lleva a las <strong>playas<\/strong>.<\/p>\r\nLos espacios del<strong> hotel<\/strong>, gestionados con experiencia y cordialidad por la familia Spart\u00e0 Longo, est\u00e1n cuidados y equipados con todo tipo de comodidades, ideal para unas placenteras <strong>vacaciones<\/strong> en <strong>Taormina<\/strong> en una ubicaci\u00f3n privilegiada, tranquila y lejos del bullicio del tr\u00e1fico.\r\n\r\nEl hermoso <strong>panorama<\/strong> que puede disfrutarse desde las <strong>habitaciones<\/strong> y desde las terrazas del <strong>Hotel Condor<\/strong> a\u00f1ade encanto y poes\u00eda a su estancia en <strong>Taormina<\/strong>, la perla del Mediterr\u00e1neo, uno de los destinos tur\u00edsticos m\u00e1s solicitados de todo el mundo.\r\n\r\n<\/div><div class=\"destra\">\r\n<div id=\"box-offerte\">\r\n<h3>Ofertas especiales<\/h3>\r\n<div class=\"flexslider\" style=\"width:458px;\"><ul class=\"slides\"><li><a href=\"https:\/\/www.condorhotel.com\/es\/offers\/discover-taormina-and-its-neighborhood\/\"><img loading=\"lazy\" decoding=\"async\" width=\"458\" height=\"300\" src=\"https:\/\/www.condorhotel.com\/wp-content\/uploads\/2015\/04\/DSC_0052-Copia-3-458x300.jpg\" class=\"attachment-slider_medium_large size-slider_medium_large\" alt=\"\" \/><\/a><div class=\"flex-caption\"><div class=\"original-price price-all\"><\/div><div class=\"reducted-price price-all\"><\/div><div class=\"clear\"><\/div><div class=\"clear\"><\/div><div class=\"offer_title\"><a href=\"https:\/\/www.condorhotel.com\/es\/offers\/discover-taormina-and-its-neighborhood\/\">Discover Taormina and its neighborhood<\/a><\/div><\/div><\/li><li><a href=\"https:\/\/www.condorhotel.com\/es\/offers\/snorkeling-in-the-marine-park-of-isola-bella\/\"><img loading=\"lazy\" decoding=\"async\" width=\"458\" height=\"300\" src=\"https:\/\/www.condorhotel.com\/wp-content\/uploads\/2018\/04\/3811740720_932b88e7cc_b-458x300.jpg\" class=\"attachment-slider_medium_large size-slider_medium_large\" alt=\"\" srcset=\"https:\/\/www.condorhotel.com\/wp-content\/uploads\/2018\/04\/3811740720_932b88e7cc_b-458x300.jpg 458w, https:\/\/www.condorhotel.com\/wp-content\/uploads\/2018\/04\/3811740720_932b88e7cc_b-96x64.jpg 96w\" sizes=\"auto, (max-width: 458px) 100vw, 458px\" \/><\/a><div class=\"flex-caption\"><div class=\"original-price price-all\"><\/div><div class=\"reducted-price price-all\"><\/div><div class=\"clear\"><\/div><div class=\"clear\"><\/div><div class=\"offer_title\"><a href=\"https:\/\/www.condorhotel.com\/es\/offers\/snorkeling-in-the-marine-park-of-isola-bella\/\">Snorkeling in the Marine Park of Isola Bella<\/a><\/div><\/div><\/li><li><a href=\"https:\/\/www.condorhotel.com\/es\/offers\/sicilian-pizza-class\/\"><img loading=\"lazy\" decoding=\"async\" width=\"458\" height=\"300\" src=\"https:\/\/www.condorhotel.com\/wp-content\/uploads\/2018\/04\/homemade-pizza-964958_960_720-458x300.jpg\" class=\"attachment-slider_medium_large size-slider_medium_large\" alt=\"\" srcset=\"https:\/\/www.condorhotel.com\/wp-content\/uploads\/2018\/04\/homemade-pizza-964958_960_720-458x300.jpg 458w, https:\/\/www.condorhotel.com\/wp-content\/uploads\/2018\/04\/homemade-pizza-964958_960_720-96x64.jpg 96w\" sizes=\"auto, (max-width: 458px) 100vw, 458px\" \/><\/a><div class=\"flex-caption\"><div class=\"original-price price-all\"><\/div><div class=\"reducted-price price-all\"><\/div><div class=\"clear\"><\/div><div class=\"clear\"><\/div><div class=\"offer_title\"><a href=\"https:\/\/www.condorhotel.com\/es\/offers\/sicilian-pizza-class\/\">Sicilian Pizza Class<\/a><\/div><\/div><\/li><\/ul><\/div>\r\n<p class=\"listacompleta\"><a href=\"..\/ofertas-especiales\/\">Ir a la lista completa<\/a><\/p>\r\n\r\n<\/div>\r\n<\/div><\/div>\r\n<div class=\"nelblu\">\r\n\r\n<div class=\"wrapper\">\r\n<div class=\"sinistra\">\r\n<h3>Galer\u00eda fotogr\u00e1fica<\/h3>\r\n<a class=\"pulsante\" href=\"..\/galeria-de-fotos\/\">Ir a la p\u00e1gina &gt;<\/a>\r\n\r\n<\/div>\r\n<div class=\"destra\"><a href=\"..\/galeria-de-fotos\/\"><img loading=\"lazy\" decoding=\"async\" src=\"https:\/\/www.condorhotel.com\/wp-content\/uploads\/2013\/09\/galleria-thumb.png\" alt=\"galleria-thumb\" width=\"678\" height=\"197\" \/><\/a><\/div>\r\n<\/div>\r\n\r\n<\/div>\r\n<div class=\"tripadvisor\">\r\n\r\n<div class=\"wrapper\">\r\n<h3>\u201cHotel familiar con encanto!!\u201d<\/h3>\r\n<p class=\"txt-advisor\">Hotel chico atendido por sus due\u00f1os. La ubicaci\u00f3n es excelente, muy cerca del circuito hist\u00f3rico. La amabilidad de los que trabajan y el rico desayuno en la terraza, con una vista maravillosa, la limpieza, hacen del hotel un lugar encantador. Nuestra habitaci\u00f3n tenia una vista increible al mar !!!<\/p>\r\n<p class=\"advisor\">Tripadvisor Traveller<\/p>\r\n<\/div>\r\n\r\n<\/div>\r\n<div class=\"eventi\">\r\n\r\n<div class=\"wrapper\">\r\n<div class=\"sinistra\">\r\n<h3>Eventos en Taormina y alrededores<\/h3>\r\n<a class=\"pulsante\" href=\"..\/eventos-taormina\">Ir a la lista completa &gt;<\/a>\r\n\r\n<\/div>\r\n<div class=\"destra\"><div class=\"gallery-view\"><div class=\"events-package-4\"><div class=\"original-price\"><\/div><div class=\"reducted-price\"><\/div><div class=\"clear\"><\/div><div class=\"events_title\"><a href=\"https:\/\/www.condorhotel.com\/es\/events\/modigliani-experience-multimedia\/\">Modigliani Experience &#8211; Multimedia<\/a><\/div><div class=\"package-gallery\"><div><\/div><div><\/div><div><\/div><div><\/div><\/div><\/div><div class=\"events-package-4\"><div class=\"fullsliderimg\"><a href=\"https:\/\/www.condorhotel.com\/es\/events\/nastri-dargento-2016-taormina-ancient-theatre\/\"><img loading=\"lazy\" decoding=\"async\" width=\"210\" height=\"210\" src=\"https:\/\/www.condorhotel.com\/wp-content\/uploads\/2016\/06\/Nastri-dArgento-210x210.jpg\" class=\"size-thumbnail\" alt=\"\" srcset=\"https:\/\/www.condorhotel.com\/wp-content\/uploads\/2016\/06\/Nastri-dArgento-210x210.jpg 210w, https:\/\/www.condorhotel.com\/wp-content\/uploads\/2016\/06\/Nastri-dArgento-200x200.jpg 200w, https:\/\/www.condorhotel.com\/wp-content\/uploads\/2016\/06\/Nastri-dArgento-150x150.jpg 150w, https:\/\/www.condorhotel.com\/wp-content\/uploads\/2016\/06\/Nastri-dArgento-32x32.jpg 32w, https:\/\/www.condorhotel.com\/wp-content\/uploads\/2016\/06\/Nastri-dArgento-128x128.jpg 128w, https:\/\/www.condorhotel.com\/wp-content\/uploads\/2016\/06\/Nastri-dArgento-268x268.jpg 268w\" sizes=\"auto, (max-width: 210px) 100vw, 210px\" \/><\/a><div class=\"background-events-gallery\"><img decoding=\"async\" src=\"https:\/\/www.condorhotel.com\/wp-content\/uploads\/2013\/09\/bkg-white704.png\" ><div class=\"highlight-text-gallery\"><a href=\"https:\/\/www.condorhotel.com\/es\/events\/nastri-dargento-2016-taormina-ancient-theatre\/\">Especial evento<\/a><\/div><\/div><div class=\"background-tag-gallery\"><img decoding=\"async\" src=\"https:\/\/www.condorhotel.com\/wp-content\/uploads\/2013\/09\/event-special_icon.png\" ><\/div><\/div><div class=\"original-price\"><\/div><div class=\"reducted-price\"><\/div><div class=\"clear\"><\/div><div class=\"events_title\"><a href=\"https:\/\/www.condorhotel.com\/es\/events\/nastri-dargento-2016-taormina-ancient-theatre\/\">Nastri d&#8217;Argento 2016 &#8211; Taormina Ancient Theatre<\/a><\/div><div class=\"package-gallery\"><div><\/div><div><\/div><div><\/div><div><\/div><\/div><\/div><div class=\"events-package-4\"><div class=\"fullsliderimg\"><a href=\"https:\/\/www.condorhotel.com\/es\/events\/61-taormina-filmfest-2015\/\"><img loading=\"lazy\" decoding=\"async\" width=\"200\" height=\"114\" src=\"https:\/\/www.condorhotel.com\/wp-content\/uploads\/2015\/06\/LogoTaoFilmFest.jpg\" class=\"size-thumbnail\" alt=\"\" srcset=\"https:\/\/www.condorhotel.com\/wp-content\/uploads\/2015\/06\/LogoTaoFilmFest.jpg 200w, https:\/\/www.condorhotel.com\/wp-content\/uploads\/2015\/06\/LogoTaoFilmFest-112x64.jpg 112w\" sizes=\"auto, (max-width: 200px) 100vw, 200px\" \/><\/a><div class=\"background-events-gallery\"><img decoding=\"async\" src=\"https:\/\/www.condorhotel.com\/wp-content\/uploads\/2013\/09\/bkg-white704.png\" ><div class=\"highlight-text-gallery\"><a href=\"https:\/\/www.condorhotel.com\/es\/events\/61-taormina-filmfest-2015\/\">Arte y cultura<\/a><\/div><\/div><div class=\"background-tag-gallery\"><img decoding=\"async\" src=\"https:\/\/www.condorhotel.com\/wp-content\/uploads\/2014\/06\/ArteCultura-e1417525844173.png\" ><\/div><\/div><div class=\"original-price\"><\/div><div class=\"reducted-price\"><\/div><div class=\"clear\"><\/div><div class=\"events_title\"><a href=\"https:\/\/www.condorhotel.com\/es\/events\/61-taormina-filmfest-2015\/\">61\u00b0 Taormina Filmfest 2015<\/a><\/div><div class=\"package-gallery\"><div><\/div><div><\/div><div><\/div><div><\/div><\/div><\/div><\/div><\/div>\r\n<\/div>\r\n\r\n<\/div>","protected":false},"excerpt":{"rendered":"","protected":false},"author":28,"featured_media":0,"parent":0,"menu_order":0,"comment_status":"closed","ping_status":"closed","template":"index.php","meta":{"footnotes":""},"class_list":["post-1062","page","type-page","status-publish","hentry"],"yoast_head":"<!-- This site is optimized with the Yoast SEO plugin v25.6 - https:\/\/yoast.com\/wordpress\/plugins\/seo\/ -->\n<title>Vistas al mar hotel Taormina | Hotel Condor Sitio Oficial<\/title>\n<meta name=\"description\" content=\"Hotel de Taormina con vistas al mar, a pocos pasos del centro y del teatro griego. Propiedad de una familia, azotea, excelente ubicaci\u00f3n muy \u00fatil para llegar en telef\u00e9rico.\" \/>\n<meta name=\"robots\" content=\"index, follow, max-snippet:-1, max-image-preview:large, max-video-preview:-1\" \/>\n<link rel=\"canonical\" href=\"https:\/\/www.condorhotel.com\/es\/\" \/>\n<meta property=\"og:locale\" content=\"es_ES\" \/>\n<meta property=\"og:type\" content=\"article\" \/>\n<meta property=\"og:title\" content=\"Vistas al mar hotel Taormina | Hotel Condor Sitio Oficial\" \/>\n<meta property=\"og:description\" content=\"Hotel de Taormina con vistas al mar, a pocos pasos del centro y del teatro griego. Propiedad de una familia, azotea, excelente ubicaci\u00f3n muy \u00fatil para llegar en telef\u00e9rico.\" \/>\n<meta property=\"og:url\" content=\"https:\/\/www.condorhotel.com\/es\/\" \/>\n<meta property=\"og:site_name\" content=\"Hotel Condor\" \/>\n<meta property=\"article:modified_time\" content=\"2019-01-11T12:01:28+00:00\" \/>\n<meta property=\"og:image\" content=\"https:\/\/www.condorhotel.com\/wp-content\/uploads\/2013\/09\/galleria-thumb.png\" \/>\n<meta name=\"twitter:label1\" content=\"Tiempo de lectura\" \/>\n\t<meta name=\"twitter:data1\" content=\"1 minuto\" \/>\n<script type=\"application\/ld+json\" class=\"yoast-schema-graph\">{\"@context\":\"https:\/\/schema.org\",\"@graph\":[{\"@type\":\"WebPage\",\"@id\":\"https:\/\/www.condorhotel.com\/es\/\",\"url\":\"https:\/\/www.condorhotel.com\/es\/\",\"name\":\"Vistas al mar hotel Taormina | Hotel Condor Sitio Oficial\",\"isPartOf\":{\"@id\":\"https:\/\/www.condorhotel.com\/es\/#website\"},\"primaryImageOfPage\":{\"@id\":\"https:\/\/www.condorhotel.com\/es\/#primaryimage\"},\"image\":{\"@id\":\"https:\/\/www.condorhotel.com\/es\/#primaryimage\"},\"thumbnailUrl\":\"https:\/\/www.condorhotel.com\/wp-content\/uploads\/2013\/09\/galleria-thumb.png\",\"datePublished\":\"2013-09-03T15:10:23+00:00\",\"dateModified\":\"2019-01-11T12:01:28+00:00\",\"description\":\"Hotel de Taormina con vistas al mar, a pocos pasos del centro y del teatro griego. Propiedad de una familia, azotea, excelente ubicaci\u00f3n muy \u00fatil para llegar en telef\u00e9rico.\",\"breadcrumb\":{\"@id\":\"https:\/\/www.condorhotel.com\/es\/#breadcrumb\"},\"inLanguage\":\"es\",\"potentialAction\":[{\"@type\":\"ReadAction\",\"target\":[\"https:\/\/www.condorhotel.com\/es\/\"]}]},{\"@type\":\"ImageObject\",\"inLanguage\":\"es\",\"@id\":\"https:\/\/www.condorhotel.com\/es\/#primaryimage\",\"url\":\"https:\/\/www.condorhotel.com\/wp-content\/uploads\/2013\/09\/galleria-thumb.png\",\"contentUrl\":\"https:\/\/www.condorhotel.com\/wp-content\/uploads\/2013\/09\/galleria-thumb.png\"},{\"@type\":\"BreadcrumbList\",\"@id\":\"https:\/\/www.condorhotel.com\/es\/#breadcrumb\",\"itemListElement\":[{\"@type\":\"ListItem\",\"position\":1,\"name\":\"Home\",\"item\":\"https:\/\/www.condorhotel.com\/es\/\"},{\"@type\":\"ListItem\",\"position\":2,\"name\":\"Home\"}]},{\"@type\":\"WebSite\",\"@id\":\"https:\/\/www.condorhotel.com\/es\/#website\",\"url\":\"https:\/\/www.condorhotel.com\/es\/\",\"name\":\"Hotel Condor\",\"description\":\"Hotel Condor\",\"potentialAction\":[{\"@type\":\"SearchAction\",\"target\":{\"@type\":\"EntryPoint\",\"urlTemplate\":\"https:\/\/www.condorhotel.com\/es\/?s={search_term_string}\"},\"query-input\":{\"@type\":\"PropertyValueSpecification\",\"valueRequired\":true,\"valueName\":\"search_term_string\"}}],\"inLanguage\":\"es\"}]}<\/script>\n<!-- \/ Yoast SEO plugin. -->","yoast_head_json":{"title":"Vistas al mar hotel Taormina | Hotel Condor Sitio Oficial","description":"Hotel de Taormina con vistas al mar, a pocos pasos del centro y del teatro griego. Propiedad de una familia, azotea, excelente ubicaci\u00f3n muy \u00fatil para llegar en telef\u00e9rico.","robots":{"index":"index","follow":"follow","max-snippet":"max-snippet:-1","max-image-preview":"max-image-preview:large","max-video-preview":"max-video-preview:-1"},"canonical":"https:\/\/www.condorhotel.com\/es\/","og_locale":"es_ES","og_type":"article","og_title":"Vistas al mar hotel Taormina | Hotel Condor Sitio Oficial","og_description":"Hotel de Taormina con vistas al mar, a pocos pasos del centro y del teatro griego. Propiedad de una familia, azotea, excelente ubicaci\u00f3n muy \u00fatil para llegar en telef\u00e9rico.","og_url":"https:\/\/www.condorhotel.com\/es\/","og_site_name":"Hotel Condor","article_modified_time":"2019-01-11T12:01:28+00:00","og_image":[{"url":"https:\/\/www.condorhotel.com\/wp-content\/uploads\/2013\/09\/galleria-thumb.png","type":"","width":"","height":""}],"twitter_misc":{"Tiempo de lectura":"1 minuto"},"schema":{"@context":"https:\/\/schema.org","@graph":[{"@type":"WebPage","@id":"https:\/\/www.condorhotel.com\/es\/","url":"https:\/\/www.condorhotel.com\/es\/","name":"Vistas al mar hotel Taormina | Hotel Condor Sitio Oficial","isPartOf":{"@id":"https:\/\/www.condorhotel.com\/es\/#website"},"primaryImageOfPage":{"@id":"https:\/\/www.condorhotel.com\/es\/#primaryimage"},"image":{"@id":"https:\/\/www.condorhotel.com\/es\/#primaryimage"},"thumbnailUrl":"https:\/\/www.condorhotel.com\/wp-content\/uploads\/2013\/09\/galleria-thumb.png","datePublished":"2013-09-03T15:10:23+00:00","dateModified":"2019-01-11T12:01:28+00:00","description":"Hotel de Taormina con vistas al mar, a pocos pasos del centro y del teatro griego. Propiedad de una familia, azotea, excelente ubicaci\u00f3n muy \u00fatil para llegar en telef\u00e9rico.","breadcrumb":{"@id":"https:\/\/www.condorhotel.com\/es\/#breadcrumb"},"inLanguage":"es","potentialAction":[{"@type":"ReadAction","target":["https:\/\/www.condorhotel.com\/es\/"]}]},{"@type":"ImageObject","inLanguage":"es","@id":"https:\/\/www.condorhotel.com\/es\/#primaryimage","url":"https:\/\/www.condorhotel.com\/wp-content\/uploads\/2013\/09\/galleria-thumb.png","contentUrl":"https:\/\/www.condorhotel.com\/wp-content\/uploads\/2013\/09\/galleria-thumb.png"},{"@type":"BreadcrumbList","@id":"https:\/\/www.condorhotel.com\/es\/#breadcrumb","itemListElement":[{"@type":"ListItem","position":1,"name":"Home","item":"https:\/\/www.condorhotel.com\/es\/"},{"@type":"ListItem","position":2,"name":"Home"}]},{"@type":"WebSite","@id":"https:\/\/www.condorhotel.com\/es\/#website","url":"https:\/\/www.condorhotel.com\/es\/","name":"Hotel Condor","description":"Hotel Condor","potentialAction":[{"@type":"SearchAction","target":{"@type":"EntryPoint","urlTemplate":"https:\/\/www.condorhotel.com\/es\/?s={search_term_string}"},"query-input":{"@type":"PropertyValueSpecification","valueRequired":true,"valueName":"search_term_string"}}],"inLanguage":"es"}]}},"publishpress_future_action":{"enabled":false,"date":"2026-04-28 12:56:04","action":"change-status","newStatus":"draft","terms":[],"taxonomy":"translation_priority","extraData":[]},"publishpress_future_workflow_manual_trigger":{"enabledWorkflows":[]},"_links":{"self":[{"href":"https:\/\/www.condorhotel.com\/es\/wp-json\/wp\/v2\/pages\/1062","targetHints":{"allow":["GET"]}}],"collection":[{"href":"https:\/\/www.condorhotel.com\/es\/wp-json\/wp\/v2\/pages"}],"about":[{"href":"https:\/\/www.condorhotel.com\/es\/wp-json\/wp\/v2\/types\/page"}],"author":[{"embeddable":true,"href":"https:\/\/www.condorhotel.com\/es\/wp-json\/wp\/v2\/users\/28"}],"replies":[{"embeddable":true,"href":"https:\/\/www.condorhotel.com\/es\/wp-json\/wp\/v2\/comments?post=1062"}],"version-history":[{"count":9,"href":"https:\/\/www.condorhotel.com\/es\/wp-json\/wp\/v2\/pages\/1062\/revisions"}],"predecessor-version":[{"id":2325,"href":"https:\/\/www.condorhotel.com\/es\/wp-json\/wp\/v2\/pages\/1062\/revisions\/2325"}],"wp:attachment":[{"href":"https:\/\/www.condorhotel.com\/es\/wp-json\/wp\/v2\/media?parent=1062"}],"curies":[{"name":"wp","href":"https:\/\/api.w.org\/{rel}","templated":true}]}}