{"id":1111,"date":"2015-04-28T14:39:49","date_gmt":"2015-04-28T14:39:49","guid":{"rendered":"https:\/\/www.condorhotel.com\/descrizione-2\/"},"modified":"2024-05-10T09:54:45","modified_gmt":"2024-05-10T09:54:45","slug":"beschreibung","status":"publish","type":"page","link":"https:\/\/www.condorhotel.com\/de\/beschreibung\/","title":{"rendered":"Beschreibung"},"content":{"rendered":"<div class=\"wrapper\"><div class=\"sinistra\">\n<h1>Beschreibung<\/h1>\nDie Gastfreundschaft wird im Hotel Condor gro\u00df geschrieben. Die Seit \u00fcber 50 Jahren nimmt Familie Sparta-Longo ihre G\u00e4ste in ihrem familiaer gefuehrten Hotel auf. Das Hotel liegt in einer ruhigen und sehr schoenen Lage mit Blick auf das Meer und auf die Berge. Es stehen Zimmer mit unterschiedlicher Ausstattung zur Verfuegung.\n\nDoppelzimmer &#8222;basic&#8220;: Blick zum Innenhof Doppelzimmer &#8222;standard&#8220;: Mit Meerblick oder seitlichem Meerblick Doppelzimmer und Dreibettzimmer &#8222;superior&#8220;: Mit Balkon und Meerblick.\n\nAlle Zimmer sind mit Badezimmer (Dusche\/WC\/Foen) sowie Farb-TV, Heizung, Klimaanlage und Direktwahltelefon ausgestattet. Das Hotel verfuegt \u00fcber eine Panoramaterrasse auf der die Gaeste waehrend der Sommermonate das Fruehstueck einnehmen.\n\nFerner verfuegt es ueber eine weitere Panorama-Sonnenterrasse mit Liegestuehlen und Aussendusche.\n\n<hr \/>\n\n<h2>Galerie<\/h2>\n<div class=\"minigallery2\">\n\n\n\t\t<style type=\"text\/css\">\n\t\t\t#gallery-1 {\n\t\t\t\tmargin: auto;\n\t\t\t}\n\t\t\t#gallery-1 .gallery-item {\n\t\t\t\tfloat: left;\n\t\t\t\tmargin-top: 10px;\n\t\t\t\ttext-align: center;\n\t\t\t\twidth: 50%;\n\t\t\t}\n\t\t\t#gallery-1 img {\n\t\t\t\tborder: 2px solid #cfcfcf;\n\t\t\t}\n\t\t\t#gallery-1 .gallery-caption {\n\t\t\t\tmargin-left: 0;\n\t\t\t}\n\t\t\t\/* see gallery_shortcode() in wp-includes\/media.php *\/\n\t\t<\/style>\n\t\t<div id='gallery-1' class='gallery galleryid-1111 gallery-columns-2 gallery-size-thumbnail'><dl class='gallery-item'>\n\t\t\t<dt class='gallery-icon portrait'>\n\t\t\t\t<a href='https:\/\/www.condorhotel.com\/wp-content\/uploads\/2015\/04\/facc-est-nottt.jpg'><img loading=\"lazy\" decoding=\"async\" width=\"200\" height=\"200\" src=\"https:\/\/www.condorhotel.com\/wp-content\/uploads\/2015\/04\/facc-est-nottt-200x200.jpg\" class=\"attachment-thumbnail size-thumbnail\" alt=\"\" srcset=\"https:\/\/www.condorhotel.com\/wp-content\/uploads\/2015\/04\/facc-est-nottt-200x200.jpg 200w, https:\/\/www.condorhotel.com\/wp-content\/uploads\/2015\/04\/facc-est-nottt-150x150.jpg 150w, https:\/\/www.condorhotel.com\/wp-content\/uploads\/2015\/04\/facc-est-nottt-32x32.jpg 32w, https:\/\/www.condorhotel.com\/wp-content\/uploads\/2015\/04\/facc-est-nottt-128x128.jpg 128w, https:\/\/www.condorhotel.com\/wp-content\/uploads\/2015\/04\/facc-est-nottt-210x210.jpg 210w, https:\/\/www.condorhotel.com\/wp-content\/uploads\/2015\/04\/facc-est-nottt-268x268.jpg 268w, https:\/\/www.condorhotel.com\/wp-content\/uploads\/2015\/04\/facc-est-nottt-458x458.jpg 458w\" sizes=\"auto, (max-width: 200px) 100vw, 200px\" \/><\/a>\n\t\t\t<\/dt><\/dl><dl class='gallery-item'>\n\t\t\t<dt class='gallery-icon landscape'>\n\t\t\t\t<a href='https:\/\/www.condorhotel.com\/wp-content\/uploads\/2015\/04\/foto-hotel-125.jpg'><img loading=\"lazy\" decoding=\"async\" width=\"200\" height=\"200\" src=\"https:\/\/www.condorhotel.com\/wp-content\/uploads\/2015\/04\/foto-hotel-125-200x200.jpg\" class=\"attachment-thumbnail size-thumbnail\" alt=\"\" srcset=\"https:\/\/www.condorhotel.com\/wp-content\/uploads\/2015\/04\/foto-hotel-125-200x200.jpg 200w, https:\/\/www.condorhotel.com\/wp-content\/uploads\/2015\/04\/foto-hotel-125-150x150.jpg 150w, https:\/\/www.condorhotel.com\/wp-content\/uploads\/2015\/04\/foto-hotel-125-32x32.jpg 32w, https:\/\/www.condorhotel.com\/wp-content\/uploads\/2015\/04\/foto-hotel-125-128x128.jpg 128w, https:\/\/www.condorhotel.com\/wp-content\/uploads\/2015\/04\/foto-hotel-125-210x210.jpg 210w, https:\/\/www.condorhotel.com\/wp-content\/uploads\/2015\/04\/foto-hotel-125-268x268.jpg 268w, https:\/\/www.condorhotel.com\/wp-content\/uploads\/2015\/04\/foto-hotel-125-458x458.jpg 458w\" sizes=\"auto, (max-width: 200px) 100vw, 200px\" \/><\/a>\n\t\t\t<\/dt><\/dl><br style=\"clear: both\" \/><dl class='gallery-item'>\n\t\t\t<dt class='gallery-icon landscape'>\n\t\t\t\t<a href='https:\/\/www.condorhotel.com\/wp-content\/uploads\/2015\/04\/IMG_0395-3.jpg'><img loading=\"lazy\" decoding=\"async\" width=\"200\" height=\"200\" src=\"https:\/\/www.condorhotel.com\/wp-content\/uploads\/2015\/04\/IMG_0395-3-200x200.jpg\" class=\"attachment-thumbnail size-thumbnail\" alt=\"\" srcset=\"https:\/\/www.condorhotel.com\/wp-content\/uploads\/2015\/04\/IMG_0395-3-200x200.jpg 200w, https:\/\/www.condorhotel.com\/wp-content\/uploads\/2015\/04\/IMG_0395-3-150x150.jpg 150w, https:\/\/www.condorhotel.com\/wp-content\/uploads\/2015\/04\/IMG_0395-3-32x32.jpg 32w, https:\/\/www.condorhotel.com\/wp-content\/uploads\/2015\/04\/IMG_0395-3-128x128.jpg 128w, https:\/\/www.condorhotel.com\/wp-content\/uploads\/2015\/04\/IMG_0395-3-210x210.jpg 210w, https:\/\/www.condorhotel.com\/wp-content\/uploads\/2015\/04\/IMG_0395-3-268x268.jpg 268w, https:\/\/www.condorhotel.com\/wp-content\/uploads\/2015\/04\/IMG_0395-3-458x458.jpg 458w\" sizes=\"auto, (max-width: 200px) 100vw, 200px\" \/><\/a>\n\t\t\t<\/dt><\/dl><dl class='gallery-item'>\n\t\t\t<dt class='gallery-icon landscape'>\n\t\t\t\t<a href='https:\/\/www.condorhotel.com\/wp-content\/uploads\/2015\/04\/Solarium.jpg'><img loading=\"lazy\" decoding=\"async\" width=\"200\" height=\"200\" src=\"https:\/\/www.condorhotel.com\/wp-content\/uploads\/2015\/04\/Solarium-200x200.jpg\" class=\"attachment-thumbnail size-thumbnail\" alt=\"\" srcset=\"https:\/\/www.condorhotel.com\/wp-content\/uploads\/2015\/04\/Solarium-200x200.jpg 200w, https:\/\/www.condorhotel.com\/wp-content\/uploads\/2015\/04\/Solarium-150x150.jpg 150w, https:\/\/www.condorhotel.com\/wp-content\/uploads\/2015\/04\/Solarium-32x32.jpg 32w, https:\/\/www.condorhotel.com\/wp-content\/uploads\/2015\/04\/Solarium-128x128.jpg 128w, https:\/\/www.condorhotel.com\/wp-content\/uploads\/2015\/04\/Solarium-210x210.jpg 210w, https:\/\/www.condorhotel.com\/wp-content\/uploads\/2015\/04\/Solarium-268x268.jpg 268w, https:\/\/www.condorhotel.com\/wp-content\/uploads\/2015\/04\/Solarium-458x458.jpg 458w\" sizes=\"auto, (max-width: 200px) 100vw, 200px\" \/><\/a>\n\t\t\t<\/dt><\/dl><br style=\"clear: both\" \/><dl class='gallery-item'>\n\t\t\t<dt class='gallery-icon landscape'>\n\t\t\t\t<a href='https:\/\/www.condorhotel.com\/wp-content\/uploads\/2015\/04\/saletta2-2.jpg'><img loading=\"lazy\" decoding=\"async\" width=\"200\" height=\"200\" src=\"https:\/\/www.condorhotel.com\/wp-content\/uploads\/2015\/04\/saletta2-2-200x200.jpg\" class=\"attachment-thumbnail size-thumbnail\" alt=\"\" srcset=\"https:\/\/www.condorhotel.com\/wp-content\/uploads\/2015\/04\/saletta2-2-200x200.jpg 200w, https:\/\/www.condorhotel.com\/wp-content\/uploads\/2015\/04\/saletta2-2-150x150.jpg 150w, https:\/\/www.condorhotel.com\/wp-content\/uploads\/2015\/04\/saletta2-2-32x32.jpg 32w, https:\/\/www.condorhotel.com\/wp-content\/uploads\/2015\/04\/saletta2-2-128x128.jpg 128w, https:\/\/www.condorhotel.com\/wp-content\/uploads\/2015\/04\/saletta2-2-210x210.jpg 210w, https:\/\/www.condorhotel.com\/wp-content\/uploads\/2015\/04\/saletta2-2-268x268.jpg 268w\" sizes=\"auto, (max-width: 200px) 100vw, 200px\" \/><\/a>\n\t\t\t<\/dt><\/dl><dl class='gallery-item'>\n\t\t\t<dt class='gallery-icon landscape'>\n\t\t\t\t<a href='https:\/\/www.condorhotel.com\/wp-content\/uploads\/2015\/04\/DSC_0202.jpg'><img loading=\"lazy\" decoding=\"async\" width=\"200\" height=\"200\" src=\"https:\/\/www.condorhotel.com\/wp-content\/uploads\/2015\/04\/DSC_0202-200x200.jpg\" class=\"attachment-thumbnail size-thumbnail\" alt=\"\" srcset=\"https:\/\/www.condorhotel.com\/wp-content\/uploads\/2015\/04\/DSC_0202-200x200.jpg 200w, https:\/\/www.condorhotel.com\/wp-content\/uploads\/2015\/04\/DSC_0202-150x150.jpg 150w, https:\/\/www.condorhotel.com\/wp-content\/uploads\/2015\/04\/DSC_0202-32x32.jpg 32w, https:\/\/www.condorhotel.com\/wp-content\/uploads\/2015\/04\/DSC_0202-128x128.jpg 128w, https:\/\/www.condorhotel.com\/wp-content\/uploads\/2015\/04\/DSC_0202-210x210.jpg 210w, https:\/\/www.condorhotel.com\/wp-content\/uploads\/2015\/04\/DSC_0202-268x268.jpg 268w, https:\/\/www.condorhotel.com\/wp-content\/uploads\/2015\/04\/DSC_0202-458x458.jpg 458w\" sizes=\"auto, (max-width: 200px) 100vw, 200px\" \/><\/a>\n\t\t\t<\/dt><\/dl><br style=\"clear: both\" \/>\n\t\t<\/div>\n\n\n<\/div>\n<\/div><div class=\"destra\">\n<div id=\"box-offerte\">\n<h3>Sonderangebote<\/h3>\n<div class=\"flexslider\" style=\"width:458px;\"><ul class=\"slides\"><li><a href=\"https:\/\/www.condorhotel.com\/de\/offers\/discover-taormina-and-its-neighborhood\/\"><img loading=\"lazy\" decoding=\"async\" width=\"458\" height=\"300\" src=\"https:\/\/www.condorhotel.com\/wp-content\/uploads\/2015\/04\/DSC_0052-Copia-3-458x300.jpg\" class=\"attachment-slider_medium_large size-slider_medium_large\" alt=\"\" \/><\/a><div class=\"flex-caption\"><div class=\"original-price price-all\"><\/div><div class=\"reducted-price price-all\"><\/div><div class=\"clear\"><\/div><div class=\"clear\"><\/div><div class=\"offer_title\"><a href=\"https:\/\/www.condorhotel.com\/de\/offers\/discover-taormina-and-its-neighborhood\/\">Discover Taormina and its neighborhood<\/a><\/div><\/div><\/li><li><a href=\"https:\/\/www.condorhotel.com\/de\/offers\/snorkeling-in-the-marine-park-of-isola-bella\/\"><img loading=\"lazy\" decoding=\"async\" width=\"458\" height=\"300\" src=\"https:\/\/www.condorhotel.com\/wp-content\/uploads\/2018\/04\/3811740720_932b88e7cc_b-458x300.jpg\" class=\"attachment-slider_medium_large size-slider_medium_large\" alt=\"\" srcset=\"https:\/\/www.condorhotel.com\/wp-content\/uploads\/2018\/04\/3811740720_932b88e7cc_b-458x300.jpg 458w, https:\/\/www.condorhotel.com\/wp-content\/uploads\/2018\/04\/3811740720_932b88e7cc_b-96x64.jpg 96w\" sizes=\"auto, (max-width: 458px) 100vw, 458px\" \/><\/a><div class=\"flex-caption\"><div class=\"original-price price-all\"><\/div><div class=\"reducted-price price-all\"><\/div><div class=\"clear\"><\/div><div class=\"clear\"><\/div><div class=\"offer_title\"><a href=\"https:\/\/www.condorhotel.com\/de\/offers\/snorkeling-in-the-marine-park-of-isola-bella\/\">Snorkeling in the Marine Park of Isola Bella<\/a><\/div><\/div><\/li><\/ul><\/div>\n<p class=\"listacompleta\"><a href=\"..\/sonderangebote\/\">Zur Liste gehen<\/a><\/p>\n\n<\/div>\n\n<hr \/>\n\n<h3>Die Anderen Service-Angebote<\/h3>\n<ul class=\"verticale\">\n \t<li>Das Fr\u00fchst\u00fcck ( von 7,30 bis 10,00 Uhr)<\/li>\n \t<li>Terrasse Bar<\/li>\n \t<li>Privates Parkplatz und Garage, die gebuehrenpflichtig sind<\/li>\n \t<li>\u00dcbertragung von\/ zum Flughafen<\/li>\n \t<li>Busservice von\/ zum Strand<\/li>\n \t<li>Tourist-Information<\/li>\n \t<li>Reservierung Tourschreibtisch<\/li>\n \t<li>Wi Fi im gesamten Hotel<\/li>\n \t<li>Schnelle Internetverbindung mit Ihrem eigenen PC<\/li>\n \t<li>Aufzug<\/li>\n \t<li>Safe<\/li>\n \t<li>Sonnenterrassen zum Meer, und in die Berge<\/li>\n \t<li>Solarium<\/li>\n \t<li>Wohnzimmer<\/li>\n \t<li>Satelliten-TV mit Teletext<\/li>\n \t<li>Internet Punkt<\/li>\n \t<li>Business Center<\/li>\n<\/ul>\n\n<hr \/>\n\n<iframe loading=\"lazy\" src=\"https:\/\/www.condorhotel.com\/wp-content\/themes\/condorhotel\/facebook.htm\" width=\"465\" height=\"550\" frameborder=\"0\" scrolling=\"0\">\n<\/iframe>\n\n<\/div>\n\n<hr \/>\n\n<h2>Virtual Tour<\/h2>\n<iframe loading=\"lazy\" style=\"border: 0;\" src=\"https:\/\/www.google.com\/maps\/embed?pb=!1m0!3m2!1sit!2sit!4v1430402574750!6m8!1m7!1s0Sv8G4YJMfmFEbeDDwB5zQ!2m2!1d37.856874!2d15.286142!3f60!4f0!5f1.4214797185029173\" width=\"940\" height=\"400\" frameborder=\"0\"><\/iframe>\n\n<br clear=\"all\" \/><\/div>\n<div class=\"nelblu\"><div class=\"wrapper\">\n<div class=\"sinistra\">\n<h3>Fotogalerie<\/h3>\n<a class=\"pulsante\" href=\"..\/fotogalerie\/\">Zur Seite &gt;<\/a>\n\n<\/div>\n<div class=\"destra\"><a href=\"..\/fotogalerie\/\"><img loading=\"lazy\" decoding=\"async\" src=\"https:\/\/www.condorhotel.com\/wp-content\/uploads\/2013\/09\/galleria-thumb.png\" alt=\"galleria-thumb\" width=\"678\" height=\"197\" \/><\/a><\/div>\n<\/div>\n\n<\/div>","protected":false},"excerpt":{"rendered":"","protected":false},"author":28,"featured_media":0,"parent":0,"menu_order":0,"comment_status":"closed","ping_status":"closed","template":"page-monocolonna.php","meta":{"footnotes":""},"class_list":["post-1111","page","type-page","status-publish","hentry"],"yoast_head":"<!-- This site is optimized with the Yoast SEO plugin v25.6 - https:\/\/yoast.com\/wordpress\/plugins\/seo\/ -->\n<title>Beschreibung - Hotel Condor<\/title>\n<meta name=\"description\" content=\"Beschreibung, Hotel Condor: Taormina Hotel mit Blick aufs Meer, einen kurzen Spaziergang vom historischen Zentrum, dem griechischen Theater und der Seilbahn zu den Str\u00e4nden. Ruhiges, familiengef\u00fchrtes.\" \/>\n<meta name=\"robots\" content=\"index, follow, max-snippet:-1, max-image-preview:large, max-video-preview:-1\" \/>\n<link rel=\"canonical\" href=\"https:\/\/www.condorhotel.com\/de\/beschreibung\/\" \/>\n<meta property=\"og:locale\" content=\"de_DE\" \/>\n<meta property=\"og:type\" content=\"article\" \/>\n<meta property=\"og:title\" content=\"Beschreibung - Hotel Condor\" \/>\n<meta property=\"og:description\" content=\"Beschreibung, Hotel Condor: Taormina Hotel mit Blick aufs Meer, einen kurzen Spaziergang vom historischen Zentrum, dem griechischen Theater und der Seilbahn zu den Str\u00e4nden. Ruhiges, familiengef\u00fchrtes.\" \/>\n<meta property=\"og:url\" content=\"https:\/\/www.condorhotel.com\/de\/beschreibung\/\" \/>\n<meta property=\"og:site_name\" content=\"Hotel Condor\" \/>\n<meta property=\"article:modified_time\" content=\"2024-05-10T09:54:45+00:00\" \/>\n<meta property=\"og:image\" content=\"https:\/\/www.condorhotel.com\/wp-content\/uploads\/2013\/09\/galleria-thumb.png\" \/>\n<meta name=\"twitter:label1\" content=\"Gesch\u00e4tzte Lesezeit\" \/>\n\t<meta name=\"twitter:data1\" content=\"2\u00a0Minuten\" \/>\n<script type=\"application\/ld+json\" class=\"yoast-schema-graph\">{\"@context\":\"https:\/\/schema.org\",\"@graph\":[{\"@type\":\"WebPage\",\"@id\":\"https:\/\/www.condorhotel.com\/de\/beschreibung\/\",\"url\":\"https:\/\/www.condorhotel.com\/de\/beschreibung\/\",\"name\":\"Beschreibung - Hotel Condor\",\"isPartOf\":{\"@id\":\"https:\/\/www.condorhotel.com\/de\/#website\"},\"primaryImageOfPage\":{\"@id\":\"https:\/\/www.condorhotel.com\/de\/beschreibung\/#primaryimage\"},\"image\":{\"@id\":\"https:\/\/www.condorhotel.com\/de\/beschreibung\/#primaryimage\"},\"thumbnailUrl\":\"https:\/\/www.condorhotel.com\/wp-content\/uploads\/2013\/09\/galleria-thumb.png\",\"datePublished\":\"2015-04-28T14:39:49+00:00\",\"dateModified\":\"2024-05-10T09:54:45+00:00\",\"description\":\"Beschreibung, Hotel Condor: Taormina Hotel mit Blick aufs Meer, einen kurzen Spaziergang vom historischen Zentrum, dem griechischen Theater und der Seilbahn zu den Str\u00e4nden. Ruhiges, familiengef\u00fchrtes.\",\"breadcrumb\":{\"@id\":\"https:\/\/www.condorhotel.com\/de\/beschreibung\/#breadcrumb\"},\"inLanguage\":\"de\",\"potentialAction\":[{\"@type\":\"ReadAction\",\"target\":[\"https:\/\/www.condorhotel.com\/de\/beschreibung\/\"]}]},{\"@type\":\"ImageObject\",\"inLanguage\":\"de\",\"@id\":\"https:\/\/www.condorhotel.com\/de\/beschreibung\/#primaryimage\",\"url\":\"https:\/\/www.condorhotel.com\/wp-content\/uploads\/2013\/09\/galleria-thumb.png\",\"contentUrl\":\"https:\/\/www.condorhotel.com\/wp-content\/uploads\/2013\/09\/galleria-thumb.png\"},{\"@type\":\"BreadcrumbList\",\"@id\":\"https:\/\/www.condorhotel.com\/de\/beschreibung\/#breadcrumb\",\"itemListElement\":[{\"@type\":\"ListItem\",\"position\":1,\"name\":\"Home\",\"item\":\"https:\/\/www.condorhotel.com\/de\/\"},{\"@type\":\"ListItem\",\"position\":2,\"name\":\"Beschreibung\"}]},{\"@type\":\"WebSite\",\"@id\":\"https:\/\/www.condorhotel.com\/de\/#website\",\"url\":\"https:\/\/www.condorhotel.com\/de\/\",\"name\":\"Hotel Condor\",\"description\":\"Hotel Condor\",\"potentialAction\":[{\"@type\":\"SearchAction\",\"target\":{\"@type\":\"EntryPoint\",\"urlTemplate\":\"https:\/\/www.condorhotel.com\/de\/?s={search_term_string}\"},\"query-input\":{\"@type\":\"PropertyValueSpecification\",\"valueRequired\":true,\"valueName\":\"search_term_string\"}}],\"inLanguage\":\"de\"}]}<\/script>\n<!-- \/ Yoast SEO plugin. -->","yoast_head_json":{"title":"Beschreibung - Hotel Condor","description":"Beschreibung, Hotel Condor: Taormina Hotel mit Blick aufs Meer, einen kurzen Spaziergang vom historischen Zentrum, dem griechischen Theater und der Seilbahn zu den Str\u00e4nden. Ruhiges, familiengef\u00fchrtes.","robots":{"index":"index","follow":"follow","max-snippet":"max-snippet:-1","max-image-preview":"max-image-preview:large","max-video-preview":"max-video-preview:-1"},"canonical":"https:\/\/www.condorhotel.com\/de\/beschreibung\/","og_locale":"de_DE","og_type":"article","og_title":"Beschreibung - Hotel Condor","og_description":"Beschreibung, Hotel Condor: Taormina Hotel mit Blick aufs Meer, einen kurzen Spaziergang vom historischen Zentrum, dem griechischen Theater und der Seilbahn zu den Str\u00e4nden. Ruhiges, familiengef\u00fchrtes.","og_url":"https:\/\/www.condorhotel.com\/de\/beschreibung\/","og_site_name":"Hotel Condor","article_modified_time":"2024-05-10T09:54:45+00:00","og_image":[{"url":"https:\/\/www.condorhotel.com\/wp-content\/uploads\/2013\/09\/galleria-thumb.png","type":"","width":"","height":""}],"twitter_misc":{"Gesch\u00e4tzte Lesezeit":"2\u00a0Minuten"},"schema":{"@context":"https:\/\/schema.org","@graph":[{"@type":"WebPage","@id":"https:\/\/www.condorhotel.com\/de\/beschreibung\/","url":"https:\/\/www.condorhotel.com\/de\/beschreibung\/","name":"Beschreibung - Hotel Condor","isPartOf":{"@id":"https:\/\/www.condorhotel.com\/de\/#website"},"primaryImageOfPage":{"@id":"https:\/\/www.condorhotel.com\/de\/beschreibung\/#primaryimage"},"image":{"@id":"https:\/\/www.condorhotel.com\/de\/beschreibung\/#primaryimage"},"thumbnailUrl":"https:\/\/www.condorhotel.com\/wp-content\/uploads\/2013\/09\/galleria-thumb.png","datePublished":"2015-04-28T14:39:49+00:00","dateModified":"2024-05-10T09:54:45+00:00","description":"Beschreibung, Hotel Condor: Taormina Hotel mit Blick aufs Meer, einen kurzen Spaziergang vom historischen Zentrum, dem griechischen Theater und der Seilbahn zu den Str\u00e4nden. Ruhiges, familiengef\u00fchrtes.","breadcrumb":{"@id":"https:\/\/www.condorhotel.com\/de\/beschreibung\/#breadcrumb"},"inLanguage":"de","potentialAction":[{"@type":"ReadAction","target":["https:\/\/www.condorhotel.com\/de\/beschreibung\/"]}]},{"@type":"ImageObject","inLanguage":"de","@id":"https:\/\/www.condorhotel.com\/de\/beschreibung\/#primaryimage","url":"https:\/\/www.condorhotel.com\/wp-content\/uploads\/2013\/09\/galleria-thumb.png","contentUrl":"https:\/\/www.condorhotel.com\/wp-content\/uploads\/2013\/09\/galleria-thumb.png"},{"@type":"BreadcrumbList","@id":"https:\/\/www.condorhotel.com\/de\/beschreibung\/#breadcrumb","itemListElement":[{"@type":"ListItem","position":1,"name":"Home","item":"https:\/\/www.condorhotel.com\/de\/"},{"@type":"ListItem","position":2,"name":"Beschreibung"}]},{"@type":"WebSite","@id":"https:\/\/www.condorhotel.com\/de\/#website","url":"https:\/\/www.condorhotel.com\/de\/","name":"Hotel Condor","description":"Hotel Condor","potentialAction":[{"@type":"SearchAction","target":{"@type":"EntryPoint","urlTemplate":"https:\/\/www.condorhotel.com\/de\/?s={search_term_string}"},"query-input":{"@type":"PropertyValueSpecification","valueRequired":true,"valueName":"search_term_string"}}],"inLanguage":"de"}]}},"publishpress_future_action":{"enabled":false,"date":"2026-05-04 05:15:26","action":"change-status","newStatus":"draft","terms":[],"taxonomy":"translation_priority","extraData":[]},"publishpress_future_workflow_manual_trigger":{"enabledWorkflows":[]},"_links":{"self":[{"href":"https:\/\/www.condorhotel.com\/de\/wp-json\/wp\/v2\/pages\/1111","targetHints":{"allow":["GET"]}}],"collection":[{"href":"https:\/\/www.condorhotel.com\/de\/wp-json\/wp\/v2\/pages"}],"about":[{"href":"https:\/\/www.condorhotel.com\/de\/wp-json\/wp\/v2\/types\/page"}],"author":[{"embeddable":true,"href":"https:\/\/www.condorhotel.com\/de\/wp-json\/wp\/v2\/users\/28"}],"replies":[{"embeddable":true,"href":"https:\/\/www.condorhotel.com\/de\/wp-json\/wp\/v2\/comments?post=1111"}],"version-history":[{"count":7,"href":"https:\/\/www.condorhotel.com\/de\/wp-json\/wp\/v2\/pages\/1111\/revisions"}],"predecessor-version":[{"id":4189,"href":"https:\/\/www.condorhotel.com\/de\/wp-json\/wp\/v2\/pages\/1111\/revisions\/4189"}],"wp:attachment":[{"href":"https:\/\/www.condorhotel.com\/de\/wp-json\/wp\/v2\/media?parent=1111"}],"curies":[{"name":"wp","href":"https:\/\/api.w.org\/{rel}","templated":true}]}}