{"id":1061,"date":"2013-09-03T15:10:23","date_gmt":"2013-09-03T15:10:23","guid":{"rendered":"https:\/\/www.condorhotel.com\/home-7-2\/"},"modified":"2024-05-10T09:55:28","modified_gmt":"2024-05-10T09:55:28","slug":"home-7","status":"publish","type":"page","link":"https:\/\/www.condorhotel.com\/de\/","title":{"rendered":"Home"},"content":{"rendered":"<div class=\"wrapper\"><div class=\"sinistra\">\n<p class=\"testohome\">Von allen <strong>Hotels <\/strong> in <strong>Taormina<\/strong> mit <strong>Meerblick<\/strong> bietet Ihnen das <strong>Hotel Condor<\/strong> einen sehr angenehmen Empfang nur wenige Schritte von der <strong>Altstadt<\/strong>, dem <strong>Griechischen Theater<\/strong> und nur einige Minuten von der Seilbahn, die zu den <strong>Str\u00e4nden<\/strong> f\u00fchrt, entfernt.<\/p>\nDie R\u00e4umlichkeiten des <strong>Hotels<\/strong>, die dank der Erfahrung der Familie Spart\u00e0 Longo mit Herzlichkeit geleitet werden, sind sehr gepflegt und mit jeglichem Komfort ausgestattet &#8211; seine privilegierte und ruhige Position weit ab von der Hektik des Verkehrs machen es zu einem idealen Ort f\u00fcr einen angenehmen <strong>Urlaub<\/strong> in <strong>Taormina<\/strong>.\n\nDas bezaubernde <strong>Panorama,<\/strong> dass man von den <strong>Zimmern<\/strong> und der Terrasse des <strong>Hotels Condor<\/strong> aus bestaunen kann, bereichern Ihren Aufenthalt in <strong>Taormina<\/strong>, der Perle des Mittelmeerraumes und eines der begehrtesten, internationalen Tourismuszielen, mit Charme und Poesie.\n\n<\/div><div class=\"destra\">\n<div id=\"box-offerte\">\n<h3>Sonderangebote<\/h3>\n<div class=\"flexslider\" style=\"width:458px;\"><ul class=\"slides\"><li><a href=\"https:\/\/www.condorhotel.com\/de\/offers\/discover-taormina-and-its-neighborhood\/\"><img loading=\"lazy\" decoding=\"async\" width=\"458\" height=\"300\" src=\"https:\/\/www.condorhotel.com\/wp-content\/uploads\/2015\/04\/DSC_0052-Copia-3-458x300.jpg\" class=\"attachment-slider_medium_large size-slider_medium_large\" alt=\"\" \/><\/a><div class=\"flex-caption\"><div class=\"original-price price-all\"><\/div><div class=\"reducted-price price-all\"><\/div><div class=\"clear\"><\/div><div class=\"clear\"><\/div><div class=\"offer_title\"><a href=\"https:\/\/www.condorhotel.com\/de\/offers\/discover-taormina-and-its-neighborhood\/\">Discover Taormina and its neighborhood<\/a><\/div><\/div><\/li><li><a href=\"https:\/\/www.condorhotel.com\/de\/offers\/snorkeling-in-the-marine-park-of-isola-bella\/\"><img loading=\"lazy\" decoding=\"async\" width=\"458\" height=\"300\" src=\"https:\/\/www.condorhotel.com\/wp-content\/uploads\/2018\/04\/3811740720_932b88e7cc_b-458x300.jpg\" class=\"attachment-slider_medium_large size-slider_medium_large\" alt=\"\" srcset=\"https:\/\/www.condorhotel.com\/wp-content\/uploads\/2018\/04\/3811740720_932b88e7cc_b-458x300.jpg 458w, https:\/\/www.condorhotel.com\/wp-content\/uploads\/2018\/04\/3811740720_932b88e7cc_b-96x64.jpg 96w\" sizes=\"auto, (max-width: 458px) 100vw, 458px\" \/><\/a><div class=\"flex-caption\"><div class=\"original-price price-all\"><\/div><div class=\"reducted-price price-all\"><\/div><div class=\"clear\"><\/div><div class=\"clear\"><\/div><div class=\"offer_title\"><a href=\"https:\/\/www.condorhotel.com\/de\/offers\/snorkeling-in-the-marine-park-of-isola-bella\/\">Snorkeling in the Marine Park of Isola Bella<\/a><\/div><\/div><\/li><li><a href=\"https:\/\/www.condorhotel.com\/de\/offers\/sicilian-pizza-class\/\"><img loading=\"lazy\" decoding=\"async\" width=\"458\" height=\"300\" src=\"https:\/\/www.condorhotel.com\/wp-content\/uploads\/2018\/04\/homemade-pizza-964958_960_720-458x300.jpg\" class=\"attachment-slider_medium_large size-slider_medium_large\" alt=\"\" srcset=\"https:\/\/www.condorhotel.com\/wp-content\/uploads\/2018\/04\/homemade-pizza-964958_960_720-458x300.jpg 458w, https:\/\/www.condorhotel.com\/wp-content\/uploads\/2018\/04\/homemade-pizza-964958_960_720-96x64.jpg 96w\" sizes=\"auto, (max-width: 458px) 100vw, 458px\" \/><\/a><div class=\"flex-caption\"><div class=\"original-price price-all\"><\/div><div class=\"reducted-price price-all\"><\/div><div class=\"clear\"><\/div><div class=\"clear\"><\/div><div class=\"offer_title\"><a href=\"https:\/\/www.condorhotel.com\/de\/offers\/sicilian-pizza-class\/\">Sicilian Pizza Class<\/a><\/div><\/div><\/li><\/ul><\/div>\n<p class=\"listacompleta\"><a href=\"..\/sonderangebote\/\">Zur Liste gehen<\/a><\/p>\n\n<\/div>\n<\/div><\/div>\n<div class=\"nelblu\">\n\n<div class=\"wrapper\">\n<div class=\"sinistra\">\n<h3>Fotogalerie<\/h3>\n<a class=\"pulsante\" href=\"..\/fotogalerie\/\">Zur Seite &gt;<\/a>\n\n<\/div>\n<div class=\"destra\"><a href=\"..\/fotogalerie\/\"><img loading=\"lazy\" decoding=\"async\" src=\"https:\/\/www.condorhotel.com\/wp-content\/uploads\/2013\/09\/galleria-thumb.png\" alt=\"galleria-thumb\" width=\"678\" height=\"197\"><\/a><\/div>\n<\/div>\n\n<\/div>\n<div class=\"tripadvisor\">\n\n<div class=\"wrapper\">\n<h3>\u201cAlle unsere Erwartungen wurden mehr als erf\u00fcllt &#8211; sehr empfehlenswert!!\u201d<\/h3>\n<p class=\"txt-advisor\">Wir hatten uns das kleine Hotel aufgrund anderer Berichte schon im Vorfeld sehr sorgf\u00e4ltig ausgesucht. Unsere Erwartungen wurden mehr als erf\u00fcllt. Es handelt sich um eine gut bis sehr gut gelegene Unterbringung nahe dem Zentrum. Alles ist schnell und fussl\u00e4ufig errreichbar. Das Fr\u00fchst\u00fcck auf der Dachterrasse ist klasse. Die Betreiberfamilie ist von ausnehmender Liebensw\u00fcrdigkeit. Das Preis-\/Leistungsverh\u00e4ltnis ist f\u00fcr Taormina erstklassig. Die Zimmer sind klein , aber sehr sauber und gepflegt. Besser geht es nicht.<\/p>\n<p class=\"advisor\">Tripadvisor Traveller<\/p>\n<\/div>\n\n<\/div>\n<div class=\"eventi\">\n\n<div class=\"wrapper\">\n<div class=\"sinistra\">\n<h3>Veranstaltungen in Taormina und Umgebung<\/h3>\n<a class=\"pulsante\" href=\"..\/veranstaltungen-taormina\">Zur Liste gehen &gt;<\/a>\n\n<\/div>\n<div class=\"destra\"><div class=\"gallery-view\"><div class=\"events-package-4\"><div class=\"original-price\"><\/div><div class=\"reducted-price\"><\/div><div class=\"clear\"><\/div><div class=\"events_title\"><a href=\"https:\/\/www.condorhotel.com\/de\/events\/modigliani-experience-multimedia\/\">Modigliani Experience &#8211; Multimedia<\/a><\/div><div class=\"package-gallery\"><div><\/div><div><\/div><div><\/div><div><\/div><\/div><\/div><div class=\"events-package-4\"><div class=\"fullsliderimg\"><a href=\"https:\/\/www.condorhotel.com\/de\/events\/max-gazze-taormina\/\"><img loading=\"lazy\" decoding=\"async\" width=\"210\" height=\"210\" src=\"https:\/\/www.condorhotel.com\/wp-content\/uploads\/2016\/08\/MaxGazze-210x210.jpg\" class=\"size-thumbnail\" alt=\"\" srcset=\"https:\/\/www.condorhotel.com\/wp-content\/uploads\/2016\/08\/MaxGazze-210x210.jpg 210w, https:\/\/www.condorhotel.com\/wp-content\/uploads\/2016\/08\/MaxGazze-200x200.jpg 200w, https:\/\/www.condorhotel.com\/wp-content\/uploads\/2016\/08\/MaxGazze-150x150.jpg 150w, https:\/\/www.condorhotel.com\/wp-content\/uploads\/2016\/08\/MaxGazze-32x32.jpg 32w, https:\/\/www.condorhotel.com\/wp-content\/uploads\/2016\/08\/MaxGazze-128x128.jpg 128w, https:\/\/www.condorhotel.com\/wp-content\/uploads\/2016\/08\/MaxGazze-268x268.jpg 268w, https:\/\/www.condorhotel.com\/wp-content\/uploads\/2016\/08\/MaxGazze-458x458.jpg 458w\" sizes=\"auto, (max-width: 210px) 100vw, 210px\" \/><\/a><div class=\"background-events-gallery\"><img decoding=\"async\" src=\"\" ><div class=\"highlight-text-gallery\"><a href=\"https:\/\/www.condorhotel.com\/de\/events\/max-gazze-taormina\/\">Music<\/a><\/div><\/div><div class=\"background-tag-gallery\"><img decoding=\"async\" src=\"\" ><\/div><\/div><div class=\"original-price\"><\/div><div class=\"reducted-price\"><\/div><div class=\"clear\"><\/div><div class=\"events_title\"><a href=\"https:\/\/www.condorhotel.com\/de\/events\/max-gazze-taormina\/\">Max Gazz\u00e8 &#8211; Taormina<\/a><\/div><div class=\"package-gallery\"><div><\/div><div><\/div><div><\/div><div><\/div><\/div><\/div><div class=\"events-package-4\"><div class=\"fullsliderimg\"><a href=\"https:\/\/www.condorhotel.com\/de\/events\/tosca-di-giacomo-puccini-taormina\/\"><img loading=\"lazy\" decoding=\"async\" width=\"210\" height=\"210\" src=\"https:\/\/www.condorhotel.com\/wp-content\/uploads\/2016\/08\/ToscaAgosto-210x210.jpg\" class=\"size-thumbnail\" alt=\"\" srcset=\"https:\/\/www.condorhotel.com\/wp-content\/uploads\/2016\/08\/ToscaAgosto-210x210.jpg 210w, https:\/\/www.condorhotel.com\/wp-content\/uploads\/2016\/08\/ToscaAgosto-200x200.jpg 200w, https:\/\/www.condorhotel.com\/wp-content\/uploads\/2016\/08\/ToscaAgosto-150x150.jpg 150w, https:\/\/www.condorhotel.com\/wp-content\/uploads\/2016\/08\/ToscaAgosto-32x32.jpg 32w, https:\/\/www.condorhotel.com\/wp-content\/uploads\/2016\/08\/ToscaAgosto-128x128.jpg 128w, https:\/\/www.condorhotel.com\/wp-content\/uploads\/2016\/08\/ToscaAgosto-268x268.jpg 268w, https:\/\/www.condorhotel.com\/wp-content\/uploads\/2016\/08\/ToscaAgosto-458x458.jpg 458w\" sizes=\"auto, (max-width: 210px) 100vw, 210px\" \/><\/a><div class=\"background-events-gallery\"><img decoding=\"async\" src=\"https:\/\/www.condorhotel.com\/wp-content\/uploads\/2013\/09\/bkg-white704.png\" ><div class=\"highlight-text-gallery\"><a href=\"https:\/\/www.condorhotel.com\/de\/events\/tosca-di-giacomo-puccini-taormina\/\">Kunst und Kultur<\/a><\/div><\/div><div class=\"background-tag-gallery\"><img decoding=\"async\" src=\"https:\/\/www.condorhotel.com\/wp-content\/uploads\/2014\/06\/ArteCultura-e1417525844173.png\" ><\/div><\/div><div class=\"original-price\"><\/div><div class=\"reducted-price\"><\/div><div class=\"clear\"><\/div><div class=\"events_title\"><a href=\"https:\/\/www.condorhotel.com\/de\/events\/tosca-di-giacomo-puccini-taormina\/\">Tosca di Giacomo Puccini &#8211; Taormina<\/a><\/div><div class=\"package-gallery\"><div><\/div><div><\/div><div><\/div><div><\/div><\/div><\/div><\/div><\/div>\n<\/div>\n\n<\/div>","protected":false},"excerpt":{"rendered":"","protected":false},"author":28,"featured_media":0,"parent":0,"menu_order":0,"comment_status":"closed","ping_status":"closed","template":"index.php","meta":{"footnotes":""},"class_list":["post-1061","page","type-page","status-publish","hentry"],"yoast_head":"<!-- This site is optimized with the Yoast SEO plugin v25.6 - https:\/\/yoast.com\/wordpress\/plugins\/seo\/ -->\n<title>Hotel Taormina mit Meerblick | Hotel Condor Offizielle Seite<\/title>\n<meta name=\"description\" content=\"Hotel Taormina mit meerblick, einen kurzen Spaziergang vom Stadtzentrum und vom griechischen Theater. Familienunternehmen, Dachterrasse, tolle Lage praktisch, Seilbahn zu erreichen.\" \/>\n<meta name=\"robots\" content=\"index, follow, max-snippet:-1, max-image-preview:large, max-video-preview:-1\" \/>\n<link rel=\"canonical\" href=\"https:\/\/www.condorhotel.com\/de\/\" \/>\n<meta property=\"og:locale\" content=\"de_DE\" \/>\n<meta property=\"og:type\" content=\"article\" \/>\n<meta property=\"og:title\" content=\"Hotel Taormina mit Meerblick | Hotel Condor Offizielle Seite\" \/>\n<meta property=\"og:description\" content=\"Hotel Taormina mit meerblick, einen kurzen Spaziergang vom Stadtzentrum und vom griechischen Theater. Familienunternehmen, Dachterrasse, tolle Lage praktisch, Seilbahn zu erreichen.\" \/>\n<meta property=\"og:url\" content=\"https:\/\/www.condorhotel.com\/de\/\" \/>\n<meta property=\"og:site_name\" content=\"Hotel Condor\" \/>\n<meta property=\"article:modified_time\" content=\"2024-05-10T09:55:28+00:00\" \/>\n<meta property=\"og:image\" content=\"https:\/\/www.condorhotel.com\/wp-content\/uploads\/2013\/09\/galleria-thumb.png\" \/>\n<meta name=\"twitter:label1\" content=\"Gesch\u00e4tzte Lesezeit\" \/>\n\t<meta name=\"twitter:data1\" content=\"2\u00a0Minuten\" \/>\n<script type=\"application\/ld+json\" class=\"yoast-schema-graph\">{\"@context\":\"https:\/\/schema.org\",\"@graph\":[{\"@type\":\"WebPage\",\"@id\":\"https:\/\/www.condorhotel.com\/de\/\",\"url\":\"https:\/\/www.condorhotel.com\/de\/\",\"name\":\"Hotel Taormina mit Meerblick | Hotel Condor Offizielle Seite\",\"isPartOf\":{\"@id\":\"https:\/\/www.condorhotel.com\/de\/#website\"},\"primaryImageOfPage\":{\"@id\":\"https:\/\/www.condorhotel.com\/de\/#primaryimage\"},\"image\":{\"@id\":\"https:\/\/www.condorhotel.com\/de\/#primaryimage\"},\"thumbnailUrl\":\"https:\/\/www.condorhotel.com\/wp-content\/uploads\/2013\/09\/galleria-thumb.png\",\"datePublished\":\"2013-09-03T15:10:23+00:00\",\"dateModified\":\"2024-05-10T09:55:28+00:00\",\"description\":\"Hotel Taormina mit meerblick, einen kurzen Spaziergang vom Stadtzentrum und vom griechischen Theater. Familienunternehmen, Dachterrasse, tolle Lage praktisch, Seilbahn zu erreichen.\",\"breadcrumb\":{\"@id\":\"https:\/\/www.condorhotel.com\/de\/#breadcrumb\"},\"inLanguage\":\"de\",\"potentialAction\":[{\"@type\":\"ReadAction\",\"target\":[\"https:\/\/www.condorhotel.com\/de\/\"]}]},{\"@type\":\"ImageObject\",\"inLanguage\":\"de\",\"@id\":\"https:\/\/www.condorhotel.com\/de\/#primaryimage\",\"url\":\"https:\/\/www.condorhotel.com\/wp-content\/uploads\/2013\/09\/galleria-thumb.png\",\"contentUrl\":\"https:\/\/www.condorhotel.com\/wp-content\/uploads\/2013\/09\/galleria-thumb.png\"},{\"@type\":\"BreadcrumbList\",\"@id\":\"https:\/\/www.condorhotel.com\/de\/#breadcrumb\",\"itemListElement\":[{\"@type\":\"ListItem\",\"position\":1,\"name\":\"Home\",\"item\":\"https:\/\/www.condorhotel.com\/de\/\"},{\"@type\":\"ListItem\",\"position\":2,\"name\":\"Home\"}]},{\"@type\":\"WebSite\",\"@id\":\"https:\/\/www.condorhotel.com\/de\/#website\",\"url\":\"https:\/\/www.condorhotel.com\/de\/\",\"name\":\"Hotel Condor\",\"description\":\"Hotel Condor\",\"potentialAction\":[{\"@type\":\"SearchAction\",\"target\":{\"@type\":\"EntryPoint\",\"urlTemplate\":\"https:\/\/www.condorhotel.com\/de\/?s={search_term_string}\"},\"query-input\":{\"@type\":\"PropertyValueSpecification\",\"valueRequired\":true,\"valueName\":\"search_term_string\"}}],\"inLanguage\":\"de\"}]}<\/script>\n<!-- \/ Yoast SEO plugin. -->","yoast_head_json":{"title":"Hotel Taormina mit Meerblick | Hotel Condor Offizielle Seite","description":"Hotel Taormina mit meerblick, einen kurzen Spaziergang vom Stadtzentrum und vom griechischen Theater. Familienunternehmen, Dachterrasse, tolle Lage praktisch, Seilbahn zu erreichen.","robots":{"index":"index","follow":"follow","max-snippet":"max-snippet:-1","max-image-preview":"max-image-preview:large","max-video-preview":"max-video-preview:-1"},"canonical":"https:\/\/www.condorhotel.com\/de\/","og_locale":"de_DE","og_type":"article","og_title":"Hotel Taormina mit Meerblick | Hotel Condor Offizielle Seite","og_description":"Hotel Taormina mit meerblick, einen kurzen Spaziergang vom Stadtzentrum und vom griechischen Theater. Familienunternehmen, Dachterrasse, tolle Lage praktisch, Seilbahn zu erreichen.","og_url":"https:\/\/www.condorhotel.com\/de\/","og_site_name":"Hotel Condor","article_modified_time":"2024-05-10T09:55:28+00:00","og_image":[{"url":"https:\/\/www.condorhotel.com\/wp-content\/uploads\/2013\/09\/galleria-thumb.png","type":"","width":"","height":""}],"twitter_misc":{"Gesch\u00e4tzte Lesezeit":"2\u00a0Minuten"},"schema":{"@context":"https:\/\/schema.org","@graph":[{"@type":"WebPage","@id":"https:\/\/www.condorhotel.com\/de\/","url":"https:\/\/www.condorhotel.com\/de\/","name":"Hotel Taormina mit Meerblick | Hotel Condor Offizielle Seite","isPartOf":{"@id":"https:\/\/www.condorhotel.com\/de\/#website"},"primaryImageOfPage":{"@id":"https:\/\/www.condorhotel.com\/de\/#primaryimage"},"image":{"@id":"https:\/\/www.condorhotel.com\/de\/#primaryimage"},"thumbnailUrl":"https:\/\/www.condorhotel.com\/wp-content\/uploads\/2013\/09\/galleria-thumb.png","datePublished":"2013-09-03T15:10:23+00:00","dateModified":"2024-05-10T09:55:28+00:00","description":"Hotel Taormina mit meerblick, einen kurzen Spaziergang vom Stadtzentrum und vom griechischen Theater. Familienunternehmen, Dachterrasse, tolle Lage praktisch, Seilbahn zu erreichen.","breadcrumb":{"@id":"https:\/\/www.condorhotel.com\/de\/#breadcrumb"},"inLanguage":"de","potentialAction":[{"@type":"ReadAction","target":["https:\/\/www.condorhotel.com\/de\/"]}]},{"@type":"ImageObject","inLanguage":"de","@id":"https:\/\/www.condorhotel.com\/de\/#primaryimage","url":"https:\/\/www.condorhotel.com\/wp-content\/uploads\/2013\/09\/galleria-thumb.png","contentUrl":"https:\/\/www.condorhotel.com\/wp-content\/uploads\/2013\/09\/galleria-thumb.png"},{"@type":"BreadcrumbList","@id":"https:\/\/www.condorhotel.com\/de\/#breadcrumb","itemListElement":[{"@type":"ListItem","position":1,"name":"Home","item":"https:\/\/www.condorhotel.com\/de\/"},{"@type":"ListItem","position":2,"name":"Home"}]},{"@type":"WebSite","@id":"https:\/\/www.condorhotel.com\/de\/#website","url":"https:\/\/www.condorhotel.com\/de\/","name":"Hotel Condor","description":"Hotel Condor","potentialAction":[{"@type":"SearchAction","target":{"@type":"EntryPoint","urlTemplate":"https:\/\/www.condorhotel.com\/de\/?s={search_term_string}"},"query-input":{"@type":"PropertyValueSpecification","valueRequired":true,"valueName":"search_term_string"}}],"inLanguage":"de"}]}},"publishpress_future_action":{"enabled":false,"date":"2026-04-28 12:37:59","action":"change-status","newStatus":"draft","terms":[],"taxonomy":"translation_priority","extraData":[]},"publishpress_future_workflow_manual_trigger":{"enabledWorkflows":[]},"_links":{"self":[{"href":"https:\/\/www.condorhotel.com\/de\/wp-json\/wp\/v2\/pages\/1061","targetHints":{"allow":["GET"]}}],"collection":[{"href":"https:\/\/www.condorhotel.com\/de\/wp-json\/wp\/v2\/pages"}],"about":[{"href":"https:\/\/www.condorhotel.com\/de\/wp-json\/wp\/v2\/types\/page"}],"author":[{"embeddable":true,"href":"https:\/\/www.condorhotel.com\/de\/wp-json\/wp\/v2\/users\/28"}],"replies":[{"embeddable":true,"href":"https:\/\/www.condorhotel.com\/de\/wp-json\/wp\/v2\/comments?post=1061"}],"version-history":[{"count":12,"href":"https:\/\/www.condorhotel.com\/de\/wp-json\/wp\/v2\/pages\/1061\/revisions"}],"predecessor-version":[{"id":4190,"href":"https:\/\/www.condorhotel.com\/de\/wp-json\/wp\/v2\/pages\/1061\/revisions\/4190"}],"wp:attachment":[{"href":"https:\/\/www.condorhotel.com\/de\/wp-json\/wp\/v2\/media?parent=1061"}],"curies":[{"name":"wp","href":"https:\/\/api.w.org\/{rel}","templated":true}]}}